{"id":1283,"date":"2024-05-26T22:41:52","date_gmt":"2024-05-26T22:41:52","guid":{"rendered":"https:\/\/osnaplan.de\/?page_id=1283"},"modified":"2024-06-09T13:59:01","modified_gmt":"2024-06-09T13:59:01","slug":"2023-2","status":"publish","type":"page","link":"https:\/\/osnaplan.de\/?page_id=1283","title":{"rendered":"2013"},"content":{"rendered":"\t\t<div data-elementor-type=\"wp-page\" data-elementor-id=\"1283\" class=\"elementor elementor-1283\" data-elementor-post-type=\"page\">\n\t\t\t\t<div class=\"elementor-element elementor-element-0d041ae e-flex e-con-boxed e-con e-parent\" data-id=\"0d041ae\" data-element_type=\"container\" data-settings=\"{&quot;background_background&quot;:&quot;classic&quot;}\">\n\t\t\t\t\t<div class=\"e-con-inner\">\n\t\t<div class=\"elementor-element elementor-element-209338d e-con-full e-flex e-con e-child\" data-id=\"209338d\" data-element_type=\"container\">\n\t\t\t\t<div class=\"elementor-element elementor-element-1225187 elementor-widget elementor-widget-text-editor\" data-id=\"1225187\" data-element_type=\"widget\" data-widget_type=\"text-editor.default\">\n\t\t\t\t<div class=\"elementor-widget-container\">\n\t\t\t<style>\/*! elementor - v3.21.0 - 30-04-2024 *\/\n.elementor-widget-text-editor.elementor-drop-cap-view-stacked .elementor-drop-cap{background-color:#69727d;color:#fff}.elementor-widget-text-editor.elementor-drop-cap-view-framed .elementor-drop-cap{color:#69727d;border:3px solid;background-color:transparent}.elementor-widget-text-editor:not(.elementor-drop-cap-view-default) .elementor-drop-cap{margin-top:8px}.elementor-widget-text-editor:not(.elementor-drop-cap-view-default) .elementor-drop-cap-letter{width:1em;height:1em}.elementor-widget-text-editor .elementor-drop-cap{float:left;text-align:center;line-height:1;font-size:50px}.elementor-widget-text-editor .elementor-drop-cap-letter{display:inline-block}<\/style>\t\t\t\t<h3 class=\"wp-block-heading has-text-align-center has-text-color\"><strong>Kulturhistorischer F\u00fchrer Osnabr\u00fccker Land 2013<\/strong><\/h3><p>P\u00fcnktlich zum Jahreswechsel liegt die nunmehr mittlerweile 18. Ausgabe unseres beliebten Kulturhistorischen F\u00fchrers f\u00fcr Stadt und Landkreis Osnabr\u00fcck vor Ihnen.<\/p><p>Nachdem im vergangenen Jahr das Rathaus Osnabr\u00fcck und sein 500-j\u00e4hriges Bestehen im Mittelpunkt stand, bilden in dieser Ausgabe zwei zentrale Themen den Schwerpunkt. Zum einen richtet sich unser Augenmerk auf eine vielf\u00e4ltige Veranstaltungsreihe, welche anl\u00e4sslich des 50. Todestages des 1899 in Osnabr\u00fcck geborenen K\u00fcnstlers Friedrich Vordemberge Gildewart vom 02.12.2012 bis zum 30.03.2014 pr\u00e4sentiert wird, um den K\u00fcnstler sowie seine Werke vorzustellen. Zum anderen ist weiterer herausragender H\u00f6hepunkt das Jubil\u00e4um zum 40-j\u00e4hrigen Bestehen des Landkreises Osnabr\u00fcck, zu welchem seit September 2012 nach ihrem Start im Kreishaus f\u00fcr ein Jahr lang eine Wanderausstellung des Landkreises Osnabr\u00fcck an verschiedenen Standorten im Kreisgebiet zu sehen sein wird.<\/p><p>Dar\u00fcber hinaus erwarten Sie selbstverst\u00e4ndlich auch im Jahr 2013 in Stadt und Landkreis Osnabr\u00fcck wieder eine Menge kultureller Highlights und viel Wissenswertes zu Ausstellungen und Veranstaltungen, zu deren Besuch wir Sie herzlich einladen m\u00f6chten.<\/p><p>Erg\u00e4nzend zu dem Informationsteil beinhaltet unser Kulturhistorischer F\u00fchrer selbstverst\u00e4ndlich auch wieder den begehrten, aktualisierten Stadtplan der Stadt Osnabr\u00fcck im \u00fcbersichtlichen Ma\u00dfstab 1 : 25.000 und dar\u00fcber hinaus eine gro\u00dfz\u00fcgige \u00dcbersichtskarte vom Osnabr\u00fccker Land zum langfristigen Nutzen.<\/p><p>Die Verbreitung erfolgt zum Gro\u00dfteil durch verschiedene Beh\u00f6rden in Stadt und Landkreis Osnabr\u00fcck sowie \u00fcber die \u00f6rtlichen Sparkassen in kostenloser Einzelabgabe. Neben 10.000 Freiexemplaren werden ca. 5.000 weitere Exemplare \u00fcber den Handel vertrieben.<\/p><p>Wir hoffen, unseren Lesern mit den umfangreichen Informationen und Gesch\u00e4ftsempfehlungen in der nun vorliegenden siebzehnten Ausgabe unseres Kulturhistorischen F\u00fchrers hilfreich zu sein und freuen uns \u00fcber eine ebenso positive Resonanz, wie wir sie bisher mit allen vorherigen Auflagen erzielen konnten.<\/p><p>Unser ganz spezieller Dank gilt unseren Inserenten, welche die Herausgabe dieses Stadtf\u00fchrers erm\u00f6glicht haben!<\/p>\t\t\t\t\t\t<\/div>\n\t\t\t\t<\/div>\n\t\t\t\t<\/div>\n\t\t<div class=\"elementor-element elementor-element-9722b94 e-con-full e-flex e-con e-child\" data-id=\"9722b94\" data-element_type=\"container\">\n\t\t\t\t<div class=\"elementor-element elementor-element-8f0dbc1 elementor-widget elementor-widget-image\" data-id=\"8f0dbc1\" data-element_type=\"widget\" data-widget_type=\"image.default\">\n\t\t\t\t<div class=\"elementor-widget-container\">\n\t\t\t<style>\/*! elementor - v3.21.0 - 30-04-2024 *\/\n.elementor-widget-image{text-align:center}.elementor-widget-image a{display:inline-block}.elementor-widget-image a img[src$=\".svg\"]{width:48px}.elementor-widget-image img{vertical-align:middle;display:inline-block}<\/style>\t\t\t\t\t\t\t\t\t\t<img decoding=\"async\" src=\"https:\/\/osnaplan.de\/wp-content\/uploads\/2024\/05\/Cover_2013-1.png\" title=\"Cover_2013-1\" alt=\"Cover_2013-1\" loading=\"lazy\" \/>\t\t\t\t\t\t\t\t\t\t\t\t\t<\/div>\n\t\t\t\t<\/div>\n\t\t\t\t<\/div>\n\t\t\t\t\t<\/div>\n\t\t\t\t<\/div>\n\t\t\t\t<\/div>\n\t\t","protected":false},"excerpt":{"rendered":"<p>Kulturhistorischer F\u00fchrer Osnabr\u00fccker Land 2013 P\u00fcnktlich zum Jahreswechsel liegt die nunmehr mittlerweile 18. Ausgabe unseres beliebten Kulturhistorischen F\u00fchrers f\u00fcr Stadt und Landkreis Osnabr\u00fcck vor Ihnen. Nachdem im vergangenen Jahr das [&hellip;]<\/p>\n","protected":false},"author":1,"featured_media":0,"parent":0,"menu_order":0,"comment_status":"closed","ping_status":"closed","template":"","meta":{"footnotes":""},"_links":{"self":[{"href":"https:\/\/osnaplan.de\/index.php?rest_route=\/wp\/v2\/pages\/1283"}],"collection":[{"href":"https:\/\/osnaplan.de\/index.php?rest_route=\/wp\/v2\/pages"}],"about":[{"href":"https:\/\/osnaplan.de\/index.php?rest_route=\/wp\/v2\/types\/page"}],"author":[{"embeddable":true,"href":"https:\/\/osnaplan.de\/index.php?rest_route=\/wp\/v2\/users\/1"}],"replies":[{"embeddable":true,"href":"https:\/\/osnaplan.de\/index.php?rest_route=%2Fwp%2Fv2%2Fcomments&post=1283"}],"version-history":[{"count":17,"href":"https:\/\/osnaplan.de\/index.php?rest_route=\/wp\/v2\/pages\/1283\/revisions"}],"predecessor-version":[{"id":1536,"href":"https:\/\/osnaplan.de\/index.php?rest_route=\/wp\/v2\/pages\/1283\/revisions\/1536"}],"wp:attachment":[{"href":"https:\/\/osnaplan.de\/index.php?rest_route=%2Fwp%2Fv2%2Fmedia&parent=1283"}],"curies":[{"name":"wp","href":"https:\/\/api.w.org\/{rel}","templated":true}]}}