{"id":1529,"date":"2024-06-09T13:56:56","date_gmt":"2024-06-09T13:56:56","guid":{"rendered":"https:\/\/osnaplan.de\/?page_id=1529"},"modified":"2024-07-12T18:35:47","modified_gmt":"2024-07-12T18:35:47","slug":"2023-1","status":"publish","type":"page","link":"https:\/\/osnaplan.de\/?page_id=1529","title":{"rendered":"2023"},"content":{"rendered":"\t\t<div data-elementor-type=\"wp-page\" data-elementor-id=\"1529\" class=\"elementor elementor-1529\" data-elementor-post-type=\"page\">\n\t\t\t\t<div class=\"elementor-element elementor-element-20bb76c e-flex e-con-boxed e-con e-parent\" data-id=\"20bb76c\" data-element_type=\"container\" data-settings=\"{&quot;background_background&quot;:&quot;classic&quot;}\">\n\t\t\t\t\t<div class=\"e-con-inner\">\n\t\t<div class=\"elementor-element elementor-element-5c36475 e-con-full e-flex e-con e-child\" data-id=\"5c36475\" data-element_type=\"container\">\n\t\t\t\t<div class=\"elementor-element elementor-element-848a3ff elementor-widget elementor-widget-text-editor\" data-id=\"848a3ff\" data-element_type=\"widget\" data-widget_type=\"text-editor.default\">\n\t\t\t\t<div class=\"elementor-widget-container\">\n\t\t\t<style>\/*! elementor - v3.21.0 - 30-04-2024 *\/\n.elementor-widget-text-editor.elementor-drop-cap-view-stacked .elementor-drop-cap{background-color:#69727d;color:#fff}.elementor-widget-text-editor.elementor-drop-cap-view-framed .elementor-drop-cap{color:#69727d;border:3px solid;background-color:transparent}.elementor-widget-text-editor:not(.elementor-drop-cap-view-default) .elementor-drop-cap{margin-top:8px}.elementor-widget-text-editor:not(.elementor-drop-cap-view-default) .elementor-drop-cap-letter{width:1em;height:1em}.elementor-widget-text-editor .elementor-drop-cap{float:left;text-align:center;line-height:1;font-size:50px}.elementor-widget-text-editor .elementor-drop-cap-letter{display:inline-block}<\/style>\t\t\t\t<h3 class=\"wp-block-heading has-text-align-center has-text-color\"><strong>Kulturhistorischer F\u00fchrer Osnabr\u00fccker Land 2023<\/strong><\/h3><p>Das Jahr 2022 war gepr\u00e4gt von vielen Herausforderungen, welche uns alle in verschiedensten Lebensbereichen begleitet haben. Umso mehr m\u00f6chten wir uns bei all unseren Kunden f\u00fcr die Treue, den Zusammenhalt und das entgegengebrachte Vertrauen bedanken und schauen erwartungsvoll auf das vor uns liegende Jubil\u00e4umsjahr 2023, welches ganz im Zeichen des Friedens steht.<\/p><p>Wir freuen uns, Ihnen unsere 28. Ausgabe unseres bei B\u00fcrgern und Besuchern bekannten und beliebten Kulturhistorischen F\u00fchrers f\u00fcr Stadt und Landkreis Osnabr\u00fcck pr\u00e4sentieren zu k\u00f6nnen und m\u00f6chten ganz besonders auf die beiden zentralen Themen dieser Ausgabe hinweisen.<\/p><p>375 Jahre Westf\u00e4lischer Frieden \u2013 Es war nicht weniger als ein diplomatisches Meisterwerk, das den Gesandten in Osnabr\u00fcck und M\u00fcnster vor 375 Jahren gelungen ist. Der Westf\u00e4lische Friede, der 1648 von der Osnabr\u00fccker Rathaustreppe verk\u00fcndet wurde, wurde schon von Zeitgenossen als &#8222;wahres Weltwunder&#8220; (Contarini) bezeichnet. Die Stadt Osnabr\u00fcck ist Friedensstadt und die Feierlichkeiten im Jubil\u00e4umsjahr 2023 stehen auch bei uns im Vordergrund. In sieben Monaten werden sieben Themen wie Natur und Umwelt, Religion, Geschichte oder Zukunft beleuchtet und mit vielen Veranstaltungen und vor allem vielen H\u00f6hepunkten aufwarten.<\/p><p>Es gibt aber noch ein weiteres Jubeldatum zu feiern, 75 Jahre Kreislandvolkverband Melle e.V., welches wir zum Anlass nehmen, um an unserem Schwerpunkt der letzten Ausgabe &#8222;Aus der Region \u2013 F\u00fcr die Region&#8220; anzukn\u00fcpfen und Ihnen erneut Informationen rund um regionales Einkaufen und regionale Produkte vom Erzeuger bis hin zur Vermarktung n\u00e4herzubringen.<\/p><p>Selbstverst\u00e4ndlich erwarten Sie dar\u00fcber hinaus auch im Jahr 2023 in Stadt und Landkreis Osnabr\u00fcck wieder eine Menge weiterer kultureller Highlights und viel Wissenswertes zu Ausstellungen und Veranstaltungen, zu deren Besuch wir Sie herzlich einladen m\u00f6chten. Weiterhin pr\u00e4sentieren wir Ihnen beliebte Ausflugsziele in der Region f\u00fcr eine kleine Auszeit vom Alltag in unserem wundersch\u00f6nen Osnabr\u00fccker Land.<\/p><p>Wir freuen uns, Ihnen mit den umfangreichen Informationen und Gesch\u00e4ftsempfehlungen hilfreich zu sein und m\u00f6chten uns auf diesem Wege bei all denen, die uns bei der Herstellung unserer neuesten Ausgabe des Kulturhistorischen F\u00fchrers unterst\u00fctzt haben, f\u00fcr die angenehme Zusammenarbeit bedanken.<\/p><p>Unser ganz besonderer Dank gilt hierbei all unseren Kunden f\u00fcr die Treue, den Zusammenhalt und das entgegengebrachte Vertrauen.<\/p>\t\t\t\t\t\t<\/div>\n\t\t\t\t<\/div>\n\t\t\t\t<\/div>\n\t\t<div class=\"elementor-element elementor-element-753a9d5 e-con-full e-flex e-con e-child\" data-id=\"753a9d5\" data-element_type=\"container\">\n\t\t\t\t<div class=\"elementor-element elementor-element-0af4abf elementor-widget elementor-widget-image\" data-id=\"0af4abf\" data-element_type=\"widget\" data-widget_type=\"image.default\">\n\t\t\t\t<div class=\"elementor-widget-container\">\n\t\t\t<style>\/*! elementor - v3.21.0 - 30-04-2024 *\/\n.elementor-widget-image{text-align:center}.elementor-widget-image a{display:inline-block}.elementor-widget-image a img[src$=\".svg\"]{width:48px}.elementor-widget-image img{vertical-align:middle;display:inline-block}<\/style>\t\t\t\t\t\t\t\t\t\t<img decoding=\"async\" src=\"https:\/\/osnaplan.de\/wp-content\/uploads\/2024\/05\/Cover_2023-1.png\" title=\"Cover_2023-1\" alt=\"Cover_2023-1\" loading=\"lazy\" \/>\t\t\t\t\t\t\t\t\t\t\t\t\t<\/div>\n\t\t\t\t<\/div>\n\t\t\t\t<\/div>\n\t\t\t\t\t<\/div>\n\t\t\t\t<\/div>\n\t\t\t\t<\/div>\n\t\t","protected":false},"excerpt":{"rendered":"<p>Kulturhistorischer F\u00fchrer Osnabr\u00fccker Land 2023 Das Jahr 2022 war gepr\u00e4gt von vielen Herausforderungen, welche uns alle in verschiedensten Lebensbereichen begleitet haben. Umso mehr m\u00f6chten wir uns bei all unseren Kunden [&hellip;]<\/p>\n","protected":false},"author":1,"featured_media":0,"parent":0,"menu_order":0,"comment_status":"closed","ping_status":"closed","template":"","meta":{"footnotes":""},"_links":{"self":[{"href":"https:\/\/osnaplan.de\/index.php?rest_route=\/wp\/v2\/pages\/1529"}],"collection":[{"href":"https:\/\/osnaplan.de\/index.php?rest_route=\/wp\/v2\/pages"}],"about":[{"href":"https:\/\/osnaplan.de\/index.php?rest_route=\/wp\/v2\/types\/page"}],"author":[{"embeddable":true,"href":"https:\/\/osnaplan.de\/index.php?rest_route=\/wp\/v2\/users\/1"}],"replies":[{"embeddable":true,"href":"https:\/\/osnaplan.de\/index.php?rest_route=%2Fwp%2Fv2%2Fcomments&post=1529"}],"version-history":[{"count":5,"href":"https:\/\/osnaplan.de\/index.php?rest_route=\/wp\/v2\/pages\/1529\/revisions"}],"predecessor-version":[{"id":2571,"href":"https:\/\/osnaplan.de\/index.php?rest_route=\/wp\/v2\/pages\/1529\/revisions\/2571"}],"wp:attachment":[{"href":"https:\/\/osnaplan.de\/index.php?rest_route=%2Fwp%2Fv2%2Fmedia&parent=1529"}],"curies":[{"name":"wp","href":"https:\/\/api.w.org\/{rel}","templated":true}]}}