{"id":1635,"date":"2024-06-15T10:16:17","date_gmt":"2024-06-15T10:16:17","guid":{"rendered":"https:\/\/osnaplan.de\/?page_id=1635"},"modified":"2024-06-15T10:17:31","modified_gmt":"2024-06-15T10:17:31","slug":"2004-3","status":"publish","type":"page","link":"https:\/\/osnaplan.de\/?page_id=1635","title":{"rendered":"2004"},"content":{"rendered":"\t\t<div data-elementor-type=\"wp-page\" data-elementor-id=\"1635\" class=\"elementor elementor-1635\" data-elementor-post-type=\"page\">\n\t\t\t\t<div class=\"elementor-element elementor-element-a66fd70 e-flex e-con-boxed e-con e-parent\" data-id=\"a66fd70\" data-element_type=\"container\" data-settings=\"{&quot;background_background&quot;:&quot;classic&quot;}\">\n\t\t\t\t\t<div class=\"e-con-inner\">\n\t\t<div class=\"elementor-element elementor-element-ed3f3b4 e-con-full e-flex e-con e-child\" data-id=\"ed3f3b4\" data-element_type=\"container\">\n\t\t\t\t<div class=\"elementor-element elementor-element-2e58cac elementor-widget elementor-widget-text-editor\" data-id=\"2e58cac\" data-element_type=\"widget\" data-widget_type=\"text-editor.default\">\n\t\t\t\t<div class=\"elementor-widget-container\">\n\t\t\t<style>\/*! elementor - v3.21.0 - 30-04-2024 *\/\n.elementor-widget-text-editor.elementor-drop-cap-view-stacked .elementor-drop-cap{background-color:#69727d;color:#fff}.elementor-widget-text-editor.elementor-drop-cap-view-framed .elementor-drop-cap{color:#69727d;border:3px solid;background-color:transparent}.elementor-widget-text-editor:not(.elementor-drop-cap-view-default) .elementor-drop-cap{margin-top:8px}.elementor-widget-text-editor:not(.elementor-drop-cap-view-default) .elementor-drop-cap-letter{width:1em;height:1em}.elementor-widget-text-editor .elementor-drop-cap{float:left;text-align:center;line-height:1;font-size:50px}.elementor-widget-text-editor .elementor-drop-cap-letter{display:inline-block}<\/style>\t\t\t\t<h3 class=\"wp-block-heading has-text-align-center has-text-color\"><strong>Kulturhistorischer F\u00fchrer Osnabr\u00fccker Land 2004<\/strong><\/h3><p>Als unser neustes, aktuelles Werk aus dem Hause OsnaPlan pr\u00e4sentieren wir Ihnen unsere neue Ausgabe aus der Reihe \u201eKulturhistorischer F\u00fchrer Stadt und Landkreis Osnabr\u00fcck\u201c, welche mittlerweile in der neunten Auflage erschienen ist. Die Erweiterung unseres Projektes im Jahr 2002 durch die Integrierung der zahlreichen Veranstaltungstermine aus dem Osnabr\u00fccker Land ist auf eine gro\u00dfe positive Resonanz gesto\u00dfen, so dass wir Ihnen auch f\u00fcr das Jahr 2004 neben dem altbew\u00e4hrten vielf\u00e4ltigen Programm der Stadt Osnabr\u00fcck alle wichtigen und interessanten Termine aus dem Osnabr\u00fccker Land in unserem Stadtf\u00fchrer pr\u00e4sentieren werden.<\/p><p>Einen Schwerpunkt unserer neuen Ausgabe bildet ein gro\u00dfer Sonderteil zum 12. Deutschen Jugendhilfetag, welcher vom 02. bis 04. Juni 2004 in Osnabr\u00fcck stattfinden wird. Neben Grundinformationen zu diesem Fachkongress mit Fachmesse sind vor allem viele der umfangreichen Termine und Veranstaltungen mit ihren Veranstaltungsorten \u00fcbersichtlich gegliedert aufgef\u00fchrt und ein kleiner Messeplan ist ebenfalls enthalten. Dar\u00fcber hinaus finden Sie aber auch selbstverst\u00e4ndlich hilfreiche Informationen zu allen kulturellen Ausstellungen und Veranstaltungen in Stadt und Landkreis Osnabr\u00fcck, wie z.B. Theaterprogrammen, Kunstausstellungen, den Veranstaltungskalender der Stadt sowie eine \u00dcbersicht der bekanntesten Stadt- und Gemeindefeste im Landkreis Osnabr\u00fcck. Ausf\u00fchrliche Angaben zu Osnabr\u00fccker Freizeitangeboten runden unser neustes Werk ab. Wir m\u00f6chten Sie herzlich einladen, an den vielf\u00e4ltigen kulturellen Ausstellungen und Veranstaltungen sowie den Stadt- und Gemeindefesten teilzunehmen und w\u00fcnschen Ihnen dabei schon jetzt viel Spa\u00df!<\/p><p>Erg\u00e4nzend zu dem Informationsteil beinhaltet unser Kulturhistorischer F\u00fchrer selbstverst\u00e4ndlich auch wieder den begehrten, aktualisierten Stadtplan der Stadt Osnabr\u00fcck im \u00fcbersichtlichen Ma\u00dfstab 1:25.000 und dar\u00fcber hinaus eine gro\u00dfz\u00fcgige \u00dcbersichtskarte vom Osnabr\u00fccker Land zum langfristigen Nutzen.<\/p><p>Die Verbreitung erfolgt zum Gro\u00dfteil durch verschiedene Beh\u00f6rden in Stadt und Landkreis Osnabr\u00fcck sowie \u00fcber die \u00f6rtlichen Sparkassen in kostenloser Einzelabgabe. Neben 10.000 Freiexemplaren werden ca. 5.000 weitere Exemplare \u00fcber den Handel vertrieben.<\/p><p>Wir hoffen, unseren Lesern mit den umfangreichen Informationen und Gesch\u00e4ftsempfehlungen in der nun vorliegenden neunten Ausgabe unseres Kulturhistorischen F\u00fchrers hilfreich zu sein und freuen uns \u00fcber eine ebenso positive Resonanz, wie wir sie bisher mit allen vorherigen Auflagen erzielen konnten.<\/p><p>Unser ganz spezieller Dank gilt unseren Inserenten, welche die Herausgabe dieses Stadtf\u00fchrers erm\u00f6glicht haben!<\/p>\t\t\t\t\t\t<\/div>\n\t\t\t\t<\/div>\n\t\t\t\t<\/div>\n\t\t<div class=\"elementor-element elementor-element-7252536 e-con-full e-flex e-con e-child\" data-id=\"7252536\" data-element_type=\"container\">\n\t\t\t\t<div class=\"elementor-element elementor-element-a35611f elementor-widget elementor-widget-image\" data-id=\"a35611f\" data-element_type=\"widget\" data-widget_type=\"image.default\">\n\t\t\t\t<div class=\"elementor-widget-container\">\n\t\t\t<style>\/*! elementor - v3.21.0 - 30-04-2024 *\/\n.elementor-widget-image{text-align:center}.elementor-widget-image a{display:inline-block}.elementor-widget-image a img[src$=\".svg\"]{width:48px}.elementor-widget-image img{vertical-align:middle;display:inline-block}<\/style>\t\t\t\t\t\t\t\t\t\t<img decoding=\"async\" src=\"https:\/\/osnaplan.de\/wp-content\/uploads\/2024\/05\/Cover_2004-1.png\" title=\"Cover_2004-1\" alt=\"Cover_2004-1\" loading=\"lazy\" \/>\t\t\t\t\t\t\t\t\t\t\t\t\t<\/div>\n\t\t\t\t<\/div>\n\t\t\t\t<\/div>\n\t\t\t\t\t<\/div>\n\t\t\t\t<\/div>\n\t\t\t\t<\/div>\n\t\t","protected":false},"excerpt":{"rendered":"<p>Kulturhistorischer F\u00fchrer Osnabr\u00fccker Land 2004 Als unser neustes, aktuelles Werk aus dem Hause OsnaPlan pr\u00e4sentieren wir Ihnen unsere neue Ausgabe aus der Reihe \u201eKulturhistorischer F\u00fchrer Stadt und Landkreis Osnabr\u00fcck\u201c, welche [&hellip;]<\/p>\n","protected":false},"author":1,"featured_media":0,"parent":0,"menu_order":0,"comment_status":"closed","ping_status":"closed","template":"","meta":{"footnotes":""},"_links":{"self":[{"href":"https:\/\/osnaplan.de\/index.php?rest_route=\/wp\/v2\/pages\/1635"}],"collection":[{"href":"https:\/\/osnaplan.de\/index.php?rest_route=\/wp\/v2\/pages"}],"about":[{"href":"https:\/\/osnaplan.de\/index.php?rest_route=\/wp\/v2\/types\/page"}],"author":[{"embeddable":true,"href":"https:\/\/osnaplan.de\/index.php?rest_route=\/wp\/v2\/users\/1"}],"replies":[{"embeddable":true,"href":"https:\/\/osnaplan.de\/index.php?rest_route=%2Fwp%2Fv2%2Fcomments&post=1635"}],"version-history":[{"count":4,"href":"https:\/\/osnaplan.de\/index.php?rest_route=\/wp\/v2\/pages\/1635\/revisions"}],"predecessor-version":[{"id":1639,"href":"https:\/\/osnaplan.de\/index.php?rest_route=\/wp\/v2\/pages\/1635\/revisions\/1639"}],"wp:attachment":[{"href":"https:\/\/osnaplan.de\/index.php?rest_route=%2Fwp%2Fv2%2Fmedia&parent=1635"}],"curies":[{"name":"wp","href":"https:\/\/api.w.org\/{rel}","templated":true}]}}