{"id":1640,"date":"2024-06-15T10:17:44","date_gmt":"2024-06-15T10:17:44","guid":{"rendered":"https:\/\/osnaplan.de\/?page_id=1640"},"modified":"2024-06-15T10:18:47","modified_gmt":"2024-06-15T10:18:47","slug":"2005-2","status":"publish","type":"page","link":"https:\/\/osnaplan.de\/?page_id=1640","title":{"rendered":"2005"},"content":{"rendered":"\t\t<div data-elementor-type=\"wp-page\" data-elementor-id=\"1640\" class=\"elementor elementor-1640\" data-elementor-post-type=\"page\">\n\t\t\t\t<div class=\"elementor-element elementor-element-6300d26 e-flex e-con-boxed e-con e-parent\" data-id=\"6300d26\" data-element_type=\"container\" data-settings=\"{&quot;background_background&quot;:&quot;classic&quot;}\">\n\t\t\t\t\t<div class=\"e-con-inner\">\n\t\t<div class=\"elementor-element elementor-element-e7c797c e-con-full e-flex e-con e-child\" data-id=\"e7c797c\" data-element_type=\"container\">\n\t\t\t\t<div class=\"elementor-element elementor-element-34026d6 elementor-widget elementor-widget-text-editor\" data-id=\"34026d6\" data-element_type=\"widget\" data-widget_type=\"text-editor.default\">\n\t\t\t\t<div class=\"elementor-widget-container\">\n\t\t\t<style>\/*! elementor - v3.21.0 - 30-04-2024 *\/\n.elementor-widget-text-editor.elementor-drop-cap-view-stacked .elementor-drop-cap{background-color:#69727d;color:#fff}.elementor-widget-text-editor.elementor-drop-cap-view-framed .elementor-drop-cap{color:#69727d;border:3px solid;background-color:transparent}.elementor-widget-text-editor:not(.elementor-drop-cap-view-default) .elementor-drop-cap{margin-top:8px}.elementor-widget-text-editor:not(.elementor-drop-cap-view-default) .elementor-drop-cap-letter{width:1em;height:1em}.elementor-widget-text-editor .elementor-drop-cap{float:left;text-align:center;line-height:1;font-size:50px}.elementor-widget-text-editor .elementor-drop-cap-letter{display:inline-block}<\/style>\t\t\t\t<h3 class=\"wp-block-heading has-text-align-center has-text-color\"><strong>Kulturhistorischer F\u00fchrer Osnabr\u00fccker Land 2005<\/strong><\/h3><p>Als unser neustes, aktuelles Werk aus dem Hause OsnaPlan pr\u00e4sentieren wir Ihnen unsere Jubil\u00e4umsausgabe aus der Reihe &#8222;Kulturhistorischer F\u00fchrer Stadt und Landkreis Osnabr\u00fcck&#8220;, welche mittlerweile in der zehnten Auflage erschienen ist. 1995 bis 2005 &#8211; Das hei\u00dft zehn Jahre professionelle Informationen und Termine aus dem Kunst- und Kulturbereich von Osnabr\u00fcck Stadt und Land. P\u00fcnktlich zu jedem Jahresende lag unsere neue Ausgabe bei den \u00f6ffentlichen Verteilerstellen zur Ausgabe bereit und erfreute die B\u00fcrger und Besucher der Region gleicherma\u00dfen. Dies war nat\u00fcrlich nur durch unsere langj\u00e4hrigen Inserenten m\u00f6glich, welche die regelm\u00e4\u00dfige Herausgabe des Stadtf\u00fchrers erst erm\u00f6glicht haben. Daf\u00fcr m\u00f6chten wir, der OsnaPlan-Verlag, uns an dieser Stelle ganz herzlich bei all unseren Kunden f\u00fcr die 10-j\u00e4hrige Treue und das uns entgegengebrachte Vertrauen bedanken. Wir werden auch in Zukunft dieses in uns gesetzte Vertrauen nicht entt\u00e4uschen und in gewohnt hochwertiger Qualit\u00e4t mit unserem Kulturhistorischen F\u00fchrer erscheinen.<\/p><p>Einen Schwerpunkt unserer Jubil\u00e4umsausgabe bildet ein umfangreicher Sonderteil des Nettebades Osnabr\u00fcck, welches im M\u00e4rz 2005 wieder neu er\u00f6ffnet wird. Nach langj\u00e4hrigen Umbauarbeiten erwartet die Besucher nun ein gro\u00dfes Spa\u00dfbad mit viel Action, Sport und Wellness. Dar\u00fcber hinaus finden Sie aber auch selbstverst\u00e4ndlich hilfreiche Informationen zu allen kulturellen Ausstellungen und Veranstaltungen in Stadt und Landkreis Osnabr\u00fcck, wie z.B. Theaterprogrammen, Kunstausstellungen, den Veranstaltungskalender der Stadt sowie eine \u00dcbersicht der bekanntesten Stadt- und Gemeindefeste im Landkreis Osnabr\u00fcck. Ausf\u00fchrliche Angaben zu Osnabr\u00fccker Freizeitangeboten runden unser neustes Werk ab. Wir m\u00f6chten Sie herzlich einladen, an den vielf\u00e4ltigen kulturellen Ausstellungen und Veranstaltungen sowie den Stadt- und Gemeindefesten teilzunehmen und w\u00fcnschen Ihnen dabei schon jetzt viel Spa\u00df!<\/p><p>Erg\u00e4nzend zu dem Informationsteil beinhaltet unser Kulturhistorischer F\u00fchrer selbstverst\u00e4ndlich auch wieder den begehrten, aktualisierten Stadtplan der Stadt Osnabr\u00fcck im \u00fcbersichtlichen Ma\u00dfstab 1 : 25.000 und dar\u00fcber hinaus eine gro\u00dfz\u00fcgige \u00dcbersichtskarte vom Osnabr\u00fccker Land zum langfristigen Nutzen.<\/p><p>Die Verbreitung erfolgt zum Gro\u00dfteil durch verschiedene Beh\u00f6rden in Stadt und Landkreis Osnabr\u00fcck sowie \u00fcber die \u00f6rtlichen Sparkassen in kostenloser Einzelabgabe. Neben 10.000 Freiexemplaren werden ca. 5.000 weitere Exemplare \u00fcber den Handel vertrieben.<\/p><p>Wir hoffen, unseren Lesern mit den umfangreichen Informationen und Gesch\u00e4ftsempfehlungen in der nun vorliegenden zehnten Jubil\u00e4umsausgabe unseres Kulturhistorischen F\u00fchrers hilfreich zu sein und freuen uns \u00fcber eine ebenso positive Resonanz, wie wir sie bisher mit allen vorherigen Auflagen erzielen konnten.<\/p><p>Unser ganz spezieller Dank gilt unseren Inserenten, welche die Herausgabe dieses Stadtf\u00fchrers erm\u00f6glicht haben!<\/p>\t\t\t\t\t\t<\/div>\n\t\t\t\t<\/div>\n\t\t\t\t<\/div>\n\t\t<div class=\"elementor-element elementor-element-e8eaf27 e-con-full e-flex e-con e-child\" data-id=\"e8eaf27\" data-element_type=\"container\">\n\t\t\t\t<div class=\"elementor-element elementor-element-b32e72d elementor-widget elementor-widget-image\" data-id=\"b32e72d\" data-element_type=\"widget\" data-widget_type=\"image.default\">\n\t\t\t\t<div class=\"elementor-widget-container\">\n\t\t\t<style>\/*! elementor - v3.21.0 - 30-04-2024 *\/\n.elementor-widget-image{text-align:center}.elementor-widget-image a{display:inline-block}.elementor-widget-image a img[src$=\".svg\"]{width:48px}.elementor-widget-image img{vertical-align:middle;display:inline-block}<\/style>\t\t\t\t\t\t\t\t\t\t<img decoding=\"async\" src=\"https:\/\/osnaplan.de\/wp-content\/uploads\/2024\/05\/Cover_2005-1.png\" title=\"Cover_2005-1\" alt=\"Cover_2005-1\" loading=\"lazy\" \/>\t\t\t\t\t\t\t\t\t\t\t\t\t<\/div>\n\t\t\t\t<\/div>\n\t\t\t\t<\/div>\n\t\t\t\t\t<\/div>\n\t\t\t\t<\/div>\n\t\t\t\t<\/div>\n\t\t","protected":false},"excerpt":{"rendered":"<p>Kulturhistorischer F\u00fchrer Osnabr\u00fccker Land 2005 Als unser neustes, aktuelles Werk aus dem Hause OsnaPlan pr\u00e4sentieren wir Ihnen unsere Jubil\u00e4umsausgabe aus der Reihe &#8222;Kulturhistorischer F\u00fchrer Stadt und Landkreis Osnabr\u00fcck&#8220;, welche mittlerweile [&hellip;]<\/p>\n","protected":false},"author":1,"featured_media":0,"parent":0,"menu_order":0,"comment_status":"closed","ping_status":"closed","template":"","meta":{"footnotes":""},"_links":{"self":[{"href":"https:\/\/osnaplan.de\/index.php?rest_route=\/wp\/v2\/pages\/1640"}],"collection":[{"href":"https:\/\/osnaplan.de\/index.php?rest_route=\/wp\/v2\/pages"}],"about":[{"href":"https:\/\/osnaplan.de\/index.php?rest_route=\/wp\/v2\/types\/page"}],"author":[{"embeddable":true,"href":"https:\/\/osnaplan.de\/index.php?rest_route=\/wp\/v2\/users\/1"}],"replies":[{"embeddable":true,"href":"https:\/\/osnaplan.de\/index.php?rest_route=%2Fwp%2Fv2%2Fcomments&post=1640"}],"version-history":[{"count":4,"href":"https:\/\/osnaplan.de\/index.php?rest_route=\/wp\/v2\/pages\/1640\/revisions"}],"predecessor-version":[{"id":1644,"href":"https:\/\/osnaplan.de\/index.php?rest_route=\/wp\/v2\/pages\/1640\/revisions\/1644"}],"wp:attachment":[{"href":"https:\/\/osnaplan.de\/index.php?rest_route=%2Fwp%2Fv2%2Fmedia&parent=1640"}],"curies":[{"name":"wp","href":"https:\/\/api.w.org\/{rel}","templated":true}]}}