{"id":1645,"date":"2024-06-15T10:18:59","date_gmt":"2024-06-15T10:18:59","guid":{"rendered":"https:\/\/osnaplan.de\/?page_id=1645"},"modified":"2024-06-15T10:20:06","modified_gmt":"2024-06-15T10:20:06","slug":"2006-2","status":"publish","type":"page","link":"https:\/\/osnaplan.de\/?page_id=1645","title":{"rendered":"2006"},"content":{"rendered":"\t\t<div data-elementor-type=\"wp-page\" data-elementor-id=\"1645\" class=\"elementor elementor-1645\" data-elementor-post-type=\"page\">\n\t\t\t\t<div class=\"elementor-element elementor-element-a4359dd e-flex e-con-boxed e-con e-parent\" data-id=\"a4359dd\" data-element_type=\"container\" data-settings=\"{&quot;background_background&quot;:&quot;classic&quot;}\">\n\t\t\t\t\t<div class=\"e-con-inner\">\n\t\t<div class=\"elementor-element elementor-element-f2ea10d e-con-full e-flex e-con e-child\" data-id=\"f2ea10d\" data-element_type=\"container\">\n\t\t\t\t<div class=\"elementor-element elementor-element-910ef18 elementor-widget elementor-widget-text-editor\" data-id=\"910ef18\" data-element_type=\"widget\" data-widget_type=\"text-editor.default\">\n\t\t\t\t<div class=\"elementor-widget-container\">\n\t\t\t<style>\/*! elementor - v3.21.0 - 30-04-2024 *\/\n.elementor-widget-text-editor.elementor-drop-cap-view-stacked .elementor-drop-cap{background-color:#69727d;color:#fff}.elementor-widget-text-editor.elementor-drop-cap-view-framed .elementor-drop-cap{color:#69727d;border:3px solid;background-color:transparent}.elementor-widget-text-editor:not(.elementor-drop-cap-view-default) .elementor-drop-cap{margin-top:8px}.elementor-widget-text-editor:not(.elementor-drop-cap-view-default) .elementor-drop-cap-letter{width:1em;height:1em}.elementor-widget-text-editor .elementor-drop-cap{float:left;text-align:center;line-height:1;font-size:50px}.elementor-widget-text-editor .elementor-drop-cap-letter{display:inline-block}<\/style>\t\t\t\t<h3 class=\"wp-block-heading has-text-align-center has-text-color\"><strong>Kulturhistorischer F\u00fchrer Osnabr\u00fccker Land 2006<\/strong><\/h3><p>Schon wieder ist ein Jahr vergangen und 2005 neigt sich dem Ende entgegen. P\u00fcnktlich zum Jahreswechsel ist sie wieder druckfrisch in der mittlerweile elften Auflage erschienen, die neueste Ausgabe aus dem Hause OsnaPlan aus der Reihe &#8222;Kulturhistorischer F\u00fchrer Stadt und Landkreis Osnabr\u00fcck&#8220;. Neben den bekannten zahlreichen Informationen und Terminen aus Stadt und Landkreis Osnabr\u00fcck haben wir f\u00fcr das Jahr 2006 wieder eine Erweiterung unseres Projektes vorgenommen. Sie finden ab sofort auch eine aktuelle \u00dcbersicht der in diesem Jahr angebotenen \u00d6ffentlichen Stadtf\u00fchrungen der Agentur Zeitseeing im Osnabr\u00fccker Rathaus in unserer aktuellen Ausgabe.<\/p><p>Einen Schwerpunkt unserer neuen Ausgabe bildet ein Sonderteil zum 26. Internationalen Hansetag, welcher vom 15. bis 18. Juni 2006 in Osnabr\u00fcck stattfindet. Neben interessanten Informationen zur Historie der Hanse sind insbesondere die umfangreichen Termine und Veranstaltungen \u00fcbersichtlich gegliedert aufgef\u00fchrt. Ein besonderes Augenmerk gilt auch der ge\u00e4nderten Ausrichtung der ehemaligen St\u00e4dtischen B\u00fchnen Osnabr\u00fcck, welche sich jetzt neu als Theater Osnabr\u00fcck mit umfangreichen Premieren pr\u00e4sentieren.<\/p><p>Dar\u00fcber hinaus finden Sie aber auch selbstverst\u00e4ndlich wieder hilfreiche Informationen zu allen kulturellen Ausstellungen und Veranstaltungen in Stadt und Landkreis Osnabr\u00fcck, wie z.B. Theaterprogrammen, Kunstausstellungen, den Veranstaltungskalender der Stadt sowie eine \u00dcbersicht der bekanntesten Stadt- und Gemeindefeste im Landkreis Osnabr\u00fcck. Wir m\u00f6chten Sie herzlich einladen, an den vielf\u00e4ltigen kulturellen Ausstellungen und Veranstaltungen sowie den Stadt- und Gemeindefesten teilzunehmen und w\u00fcnschen Ihnen dabei schon jetzt viel Spa\u00df!<\/p><p>Erg\u00e4nzend zu dem Informationsteil beinhaltet unser Kulturhistorischer F\u00fchrer selbstverst\u00e4ndlich auch wieder den begehrten, aktualisierten Stadtplan der Stadt Osnabr\u00fcck im \u00fcbersichtlichen Ma\u00dfstab 1 : 25.000 und dar\u00fcber hinaus eine gro\u00dfz\u00fcgige \u00dcbersichtskarte vom Osnabr\u00fccker Land zum langfristigen Nutzen.<\/p><p>Die Verbreitung erfolgt zum Gro\u00dfteil durch verschiedene Beh\u00f6rden in Stadt und Landkreis Osnabr\u00fcck sowie \u00fcber die \u00f6rtlichen Sparkassen in kostenloser Einzelabgabe. Neben 10.000 Freiexemplaren werden ca. 5.000 weitere Exemplare \u00fcber den Handel vertrieben.<\/p><p>Wir hoffen, unseren Lesern mit den umfangreichen Informationen und Gesch\u00e4ftsempfehlungen in der nun vorliegenden elften Ausgabe unseres Kulturhistorischen F\u00fchrers hilfreich zu sein und freuen uns \u00fcber eine ebenso positive Resonanz, wie wir sie bisher mit allen vorherigen Auflagen erzielen konnten.<\/p><p>Unser ganz spezieller Dank gilt unseren Inserenten, welche die Herausgabe dieses Stadtf\u00fchrers erm\u00f6glicht haben!<\/p>\t\t\t\t\t\t<\/div>\n\t\t\t\t<\/div>\n\t\t\t\t<\/div>\n\t\t<div class=\"elementor-element elementor-element-26bd488 e-con-full e-flex e-con e-child\" data-id=\"26bd488\" data-element_type=\"container\">\n\t\t\t\t<div class=\"elementor-element elementor-element-1759b14 elementor-widget elementor-widget-image\" data-id=\"1759b14\" data-element_type=\"widget\" data-widget_type=\"image.default\">\n\t\t\t\t<div class=\"elementor-widget-container\">\n\t\t\t<style>\/*! elementor - v3.21.0 - 30-04-2024 *\/\n.elementor-widget-image{text-align:center}.elementor-widget-image a{display:inline-block}.elementor-widget-image a img[src$=\".svg\"]{width:48px}.elementor-widget-image img{vertical-align:middle;display:inline-block}<\/style>\t\t\t\t\t\t\t\t\t\t<img decoding=\"async\" src=\"https:\/\/osnaplan.de\/wp-content\/uploads\/2024\/05\/Cover_2006-1.png\" title=\"Cover_2006-1\" alt=\"Cover_2006-1\" loading=\"lazy\" \/>\t\t\t\t\t\t\t\t\t\t\t\t\t<\/div>\n\t\t\t\t<\/div>\n\t\t\t\t<\/div>\n\t\t\t\t\t<\/div>\n\t\t\t\t<\/div>\n\t\t\t\t<\/div>\n\t\t","protected":false},"excerpt":{"rendered":"<p>Kulturhistorischer F\u00fchrer Osnabr\u00fccker Land 2006 Schon wieder ist ein Jahr vergangen und 2005 neigt sich dem Ende entgegen. P\u00fcnktlich zum Jahreswechsel ist sie wieder druckfrisch in der mittlerweile elften Auflage [&hellip;]<\/p>\n","protected":false},"author":1,"featured_media":0,"parent":0,"menu_order":0,"comment_status":"closed","ping_status":"closed","template":"","meta":{"footnotes":""},"_links":{"self":[{"href":"https:\/\/osnaplan.de\/index.php?rest_route=\/wp\/v2\/pages\/1645"}],"collection":[{"href":"https:\/\/osnaplan.de\/index.php?rest_route=\/wp\/v2\/pages"}],"about":[{"href":"https:\/\/osnaplan.de\/index.php?rest_route=\/wp\/v2\/types\/page"}],"author":[{"embeddable":true,"href":"https:\/\/osnaplan.de\/index.php?rest_route=\/wp\/v2\/users\/1"}],"replies":[{"embeddable":true,"href":"https:\/\/osnaplan.de\/index.php?rest_route=%2Fwp%2Fv2%2Fcomments&post=1645"}],"version-history":[{"count":4,"href":"https:\/\/osnaplan.de\/index.php?rest_route=\/wp\/v2\/pages\/1645\/revisions"}],"predecessor-version":[{"id":1649,"href":"https:\/\/osnaplan.de\/index.php?rest_route=\/wp\/v2\/pages\/1645\/revisions\/1649"}],"wp:attachment":[{"href":"https:\/\/osnaplan.de\/index.php?rest_route=%2Fwp%2Fv2%2Fmedia&parent=1645"}],"curies":[{"name":"wp","href":"https:\/\/api.w.org\/{rel}","templated":true}]}}