{"id":1650,"date":"2024-06-15T10:20:18","date_gmt":"2024-06-15T10:20:18","guid":{"rendered":"https:\/\/osnaplan.de\/?page_id=1650"},"modified":"2024-06-15T10:21:55","modified_gmt":"2024-06-15T10:21:55","slug":"2007-2","status":"publish","type":"page","link":"https:\/\/osnaplan.de\/?page_id=1650","title":{"rendered":"2007"},"content":{"rendered":"\t\t<div data-elementor-type=\"wp-page\" data-elementor-id=\"1650\" class=\"elementor elementor-1650\" data-elementor-post-type=\"page\">\n\t\t\t\t<div class=\"elementor-element elementor-element-2cc2bfb e-flex e-con-boxed e-con e-parent\" data-id=\"2cc2bfb\" data-element_type=\"container\" data-settings=\"{&quot;background_background&quot;:&quot;classic&quot;}\">\n\t\t\t\t\t<div class=\"e-con-inner\">\n\t\t<div class=\"elementor-element elementor-element-6f1ddcf e-con-full e-flex e-con e-child\" data-id=\"6f1ddcf\" data-element_type=\"container\">\n\t\t\t\t<div class=\"elementor-element elementor-element-aa82f7d elementor-widget elementor-widget-text-editor\" data-id=\"aa82f7d\" data-element_type=\"widget\" data-widget_type=\"text-editor.default\">\n\t\t\t\t<div class=\"elementor-widget-container\">\n\t\t\t<style>\/*! elementor - v3.21.0 - 30-04-2024 *\/\n.elementor-widget-text-editor.elementor-drop-cap-view-stacked .elementor-drop-cap{background-color:#69727d;color:#fff}.elementor-widget-text-editor.elementor-drop-cap-view-framed .elementor-drop-cap{color:#69727d;border:3px solid;background-color:transparent}.elementor-widget-text-editor:not(.elementor-drop-cap-view-default) .elementor-drop-cap{margin-top:8px}.elementor-widget-text-editor:not(.elementor-drop-cap-view-default) .elementor-drop-cap-letter{width:1em;height:1em}.elementor-widget-text-editor .elementor-drop-cap{float:left;text-align:center;line-height:1;font-size:50px}.elementor-widget-text-editor .elementor-drop-cap-letter{display:inline-block}<\/style>\t\t\t\t<h3 class=\"wp-block-heading has-text-align-center has-text-color\"><strong>Kulturhistorischer F\u00fchrer Osnabr\u00fccker Land 2007<\/strong><\/h3><p>Als unser neustes, aktuelles Werk aus dem Hause OsnaPlan pr\u00e4sentieren wir Ihnen unsere neue Ausgabe aus der Reihe &#8222;Kulturhistorischer F\u00fchrer Stadt und Landkreis Osnabr\u00fcck&#8220;, welche mittlerweile in der zw\u00f6lften Auflage erscheint. Die Erweiterung unseres Projektes im Jahr 2006 durch die Integrierung der \u00d6ffentlichen Stadtf\u00fchrungen ist auf eine gro\u00dfe positive Resonanz gesto\u00dfen, so dass wir Ihnen auch im Jahr 2007 wieder eine \u00dcbersicht der aktuellen Stadtf\u00fchrungen in Osnabr\u00fcck pr\u00e4sentieren m\u00f6chten und dies zum Anlass genommen haben, die Terminvielfalt weiter auszubauen. Erg\u00e4nzend zu den altbekannten Informationen und Terminen finden Sie daher ab sofort auch eine aktuelle Terminauswahl der Stadthalle Osnabr\u00fcck in unserer aktuellen Ausgabe. Diese stellt eine \u00dcbersicht der wichtigsten Messen und K\u00fcnstler dar, welche im Jahr 2007 in der Stadthalle Osnabr\u00fcck stattfinden bzw. auftreten werden.<\/p><p>Einen Schwerpunkt unserer neuen Ausgabe bildet ein Sonderteil zur eisenzeitlichen Befestigungsanlage Schnippenburg im Landkreis Osnabr\u00fcck, deren spektakul\u00e4re Ausgrabungsfunde erstmals in der Wanderausstellung &#8222;R\u00e4tsel Schnippenburg &#8211; Sagenhafte Funde aus der Keltenzeit&#8220; pr\u00e4sentiert werden. Ein weiteres Augenmerk dieser Ausgabe liegt auf dem umfangreichen Umbau des historischen Rathauses, wodurch unter anderem auch eine behindertengerechte Nutzung erreicht wurde.<\/p><p>Dar\u00fcber hinaus finden Sie aber auch selbstverst\u00e4ndlich wieder hilfreiche Informationen zu allen kulturellen Ausstellungen und Veranstaltungen in Stadt und Landkreis Osnabr\u00fcck, wie z.B. Theaterprogrammen, Kunstausstellungen, den Veranstaltungskalender der Stadt sowie eine \u00dcbersicht der bekanntesten Stadt- und Gemeindefeste im Landkreis Osnabr\u00fcck. Wir m\u00f6chten Sie herzlich einladen, an den vielf\u00e4ltigen kulturellen Ausstellungen und Veranstaltungen sowie den Stadt- und Gemeindefesten teilzunehmen und w\u00fcnschen Ihnen dabei schon jetzt viel Spa\u00df!<\/p><p>Erg\u00e4nzend zu dem Informationsteil beinhaltet unser Kulturhistorischer F\u00fchrer selbstverst\u00e4ndlich auch wieder den begehrten, aktualisierten Stadtplan der Stadt Osnabr\u00fcck im \u00fcbersichtlichen Ma\u00dfstab 1 : 25.000 und dar\u00fcber hinaus eine gro\u00dfz\u00fcgige \u00dcbersichtskarte vom Osnabr\u00fccker Land zum langfristigen Nutzen.<\/p><p>Die Verbreitung erfolgt zum Gro\u00dfteil durch verschiedene Beh\u00f6rden in Stadt und Landkreis Osnabr\u00fcck sowie \u00fcber die \u00f6rtlichen Sparkassen in kostenloser Einzelabgabe. Neben 10.000 Freiexemplaren werden ca. 5.000 weitere Exemplare \u00fcber den Handel vertrieben.<\/p><p>Wir hoffen, unseren Lesern mit den umfangreichen Informationen und Gesch\u00e4ftsempfehlungen in der nun vorliegenden zw\u00f6lften Ausgabe unseres Kulturhistorischen F\u00fchrers hilfreich zu sein und freuen uns \u00fcber eine ebenso positive Resonanz, wie wir sie bisher mit allen vorherigen Auflagen erzielen konnten.<\/p><p>Unser ganz spezieller Dank gilt unseren Inserenten, welche die Herausgabe dieses Stadtf\u00fchrers erm\u00f6glicht haben!<\/p>\t\t\t\t\t\t<\/div>\n\t\t\t\t<\/div>\n\t\t\t\t<\/div>\n\t\t<div class=\"elementor-element elementor-element-44ce110 e-con-full e-flex e-con e-child\" data-id=\"44ce110\" data-element_type=\"container\">\n\t\t\t\t<div class=\"elementor-element elementor-element-30f6c7b elementor-widget elementor-widget-image\" data-id=\"30f6c7b\" data-element_type=\"widget\" data-widget_type=\"image.default\">\n\t\t\t\t<div class=\"elementor-widget-container\">\n\t\t\t<style>\/*! elementor - v3.21.0 - 30-04-2024 *\/\n.elementor-widget-image{text-align:center}.elementor-widget-image a{display:inline-block}.elementor-widget-image a img[src$=\".svg\"]{width:48px}.elementor-widget-image img{vertical-align:middle;display:inline-block}<\/style>\t\t\t\t\t\t\t\t\t\t<img decoding=\"async\" src=\"https:\/\/osnaplan.de\/wp-content\/uploads\/2024\/05\/Cover_2007-1.png\" title=\"Cover_2007-1\" alt=\"Cover_2007-1\" loading=\"lazy\" \/>\t\t\t\t\t\t\t\t\t\t\t\t\t<\/div>\n\t\t\t\t<\/div>\n\t\t\t\t<\/div>\n\t\t\t\t\t<\/div>\n\t\t\t\t<\/div>\n\t\t\t\t<\/div>\n\t\t","protected":false},"excerpt":{"rendered":"<p>Kulturhistorischer F\u00fchrer Osnabr\u00fccker Land 2007 Als unser neustes, aktuelles Werk aus dem Hause OsnaPlan pr\u00e4sentieren wir Ihnen unsere neue Ausgabe aus der Reihe &#8222;Kulturhistorischer F\u00fchrer Stadt und Landkreis Osnabr\u00fcck&#8220;, welche [&hellip;]<\/p>\n","protected":false},"author":1,"featured_media":0,"parent":0,"menu_order":0,"comment_status":"closed","ping_status":"closed","template":"","meta":{"footnotes":""},"_links":{"self":[{"href":"https:\/\/osnaplan.de\/index.php?rest_route=\/wp\/v2\/pages\/1650"}],"collection":[{"href":"https:\/\/osnaplan.de\/index.php?rest_route=\/wp\/v2\/pages"}],"about":[{"href":"https:\/\/osnaplan.de\/index.php?rest_route=\/wp\/v2\/types\/page"}],"author":[{"embeddable":true,"href":"https:\/\/osnaplan.de\/index.php?rest_route=\/wp\/v2\/users\/1"}],"replies":[{"embeddable":true,"href":"https:\/\/osnaplan.de\/index.php?rest_route=%2Fwp%2Fv2%2Fcomments&post=1650"}],"version-history":[{"count":4,"href":"https:\/\/osnaplan.de\/index.php?rest_route=\/wp\/v2\/pages\/1650\/revisions"}],"predecessor-version":[{"id":1654,"href":"https:\/\/osnaplan.de\/index.php?rest_route=\/wp\/v2\/pages\/1650\/revisions\/1654"}],"wp:attachment":[{"href":"https:\/\/osnaplan.de\/index.php?rest_route=%2Fwp%2Fv2%2Fmedia&parent=1650"}],"curies":[{"name":"wp","href":"https:\/\/api.w.org\/{rel}","templated":true}]}}