{"id":1660,"date":"2024-06-15T10:23:42","date_gmt":"2024-06-15T10:23:42","guid":{"rendered":"https:\/\/osnaplan.de\/?page_id=1660"},"modified":"2024-06-15T10:24:47","modified_gmt":"2024-06-15T10:24:47","slug":"2009-2","status":"publish","type":"page","link":"https:\/\/osnaplan.de\/?page_id=1660","title":{"rendered":"2009"},"content":{"rendered":"\t\t<div data-elementor-type=\"wp-page\" data-elementor-id=\"1660\" class=\"elementor elementor-1660\" data-elementor-post-type=\"page\">\n\t\t\t\t<div class=\"elementor-element elementor-element-e92e933 e-flex e-con-boxed e-con e-parent\" data-id=\"e92e933\" data-element_type=\"container\" data-settings=\"{&quot;background_background&quot;:&quot;classic&quot;}\">\n\t\t\t\t\t<div class=\"e-con-inner\">\n\t\t<div class=\"elementor-element elementor-element-dfbd3ae e-con-full e-flex e-con e-child\" data-id=\"dfbd3ae\" data-element_type=\"container\">\n\t\t\t\t<div class=\"elementor-element elementor-element-158d5c4 elementor-widget elementor-widget-text-editor\" data-id=\"158d5c4\" data-element_type=\"widget\" data-widget_type=\"text-editor.default\">\n\t\t\t\t<div class=\"elementor-widget-container\">\n\t\t\t<style>\/*! elementor - v3.21.0 - 30-04-2024 *\/\n.elementor-widget-text-editor.elementor-drop-cap-view-stacked .elementor-drop-cap{background-color:#69727d;color:#fff}.elementor-widget-text-editor.elementor-drop-cap-view-framed .elementor-drop-cap{color:#69727d;border:3px solid;background-color:transparent}.elementor-widget-text-editor:not(.elementor-drop-cap-view-default) .elementor-drop-cap{margin-top:8px}.elementor-widget-text-editor:not(.elementor-drop-cap-view-default) .elementor-drop-cap-letter{width:1em;height:1em}.elementor-widget-text-editor .elementor-drop-cap{float:left;text-align:center;line-height:1;font-size:50px}.elementor-widget-text-editor .elementor-drop-cap-letter{display:inline-block}<\/style>\t\t\t\t<h3 class=\"wp-block-heading has-text-align-center has-text-color\"><strong>Kulturhistorischer F\u00fchrer Osnabr\u00fccker Land 2009<\/strong><\/h3><p>Das Jahr 2008 neigt sich dem Ende entgegen und p\u00fcnktlich zum Jahreswechsel liegt sie wieder druckfrisch vor Ihnen, die neueste Ausgabe aus dem Hause OsnaPlan aus der Reihe &#8222;Kulturhistorischer F\u00fchrer Stadt und Landkreis Osnabr\u00fcck&#8220;, welche mittlerweile in der vierzehnten Auflage erschienen ist.<\/p><p>Einen Schwerpunkt unserer neuen Ausgabe bildet in diesem Jahr ein umfangreicher Sonderteil zum gro\u00dfen Jubil\u00e4um 2000 Jahre Varusschlacht, aus dessen Anlass heraus es im Jahr 2009 viele Veranstaltungen im Landkreis Osnabr\u00fcck, insbesondere in der Varus-Region, geben wird. Auch die Stadt Osnabr\u00fcck begleitet das besondere Jubil\u00e4um \u00fcber ein halbes Jahr lang mit dem ungew\u00f6hnlichen Ausstellungsprojekt &gt;&gt;Bilderschlachten. 2000 Jahre Nachrichten aus dem Krieg&lt;&lt;. Alle wichtigen Informationen und Termine zu diesem Ereignis werden ausf\u00fchrlich in unserer neuen Ausgabe beschrieben.<\/p><p>Dar\u00fcber hinaus finden Sie aber nat\u00fcrlich auch wieder hilfreiche Informationen zu allen kulturellen Ausstellungen und Veranstaltungen in Stadt und Landkreis Osnabr\u00fcck, wie z.B. Theaterprogrammen, Kunstausstellungen, den Veranstaltungskalender der Stadt sowie eine \u00dcbersicht der bekanntesten Stadt- und Gemeindefeste im Landkreis Osnabr\u00fcck. Wir m\u00f6chten Sie herzlich einladen, an den vielf\u00e4ltigen kulturellen Ausstellungen und Veranstaltungen sowie den Stadt- und Gemeindefesten teilzunehmen und w\u00fcnschen Ihnen dabei schon jetzt viel Spa\u00df!<\/p><p>Erg\u00e4nzend zu dem Informationsteil beinhaltet unser Kulturhistorischer F\u00fchrer selbstverst\u00e4ndlich auch wieder den begehrten, aktualisierten Stadtplan der Stadt Osnabr\u00fcck im \u00fcbersichtlichen Ma\u00dfstab 1 : 25.000 und dar\u00fcber hinaus eine gro\u00dfz\u00fcgige \u00dcbersichtskarte vom Osnabr\u00fccker Land zum langfristigen Nutzen.<\/p><p>Die Verbreitung erfolgt zum Gro\u00dfteil durch verschiedene Beh\u00f6rden in Stadt und Landkreis Osnabr\u00fcck sowie \u00fcber die \u00f6rtlichen Sparkassen in kostenloser Einzelabgabe. Neben 10.000 Freiexemplaren werden ca. 5.000 weitere Exemplare \u00fcber den Handel vertrieben.<\/p><p>Wir hoffen, unseren Lesern mit den umfangreichen Informationen und Gesch\u00e4ftsempfehlungen in der nun vorliegenden vierzehnten Ausgabe unseres Kulturhistorischen F\u00fchrers hilfreich zu sein und freuen uns \u00fcber eine ebenso positive Resonanz, wie wir sie bisher mit allen vorherigen Auflagen erzielen konnten.<\/p><p>Unser ganz spezieller Dank gilt unseren Inserenten, welche die Herausgabe dieses Stadtf\u00fchrers erm\u00f6glicht haben!<\/p>\t\t\t\t\t\t<\/div>\n\t\t\t\t<\/div>\n\t\t\t\t<\/div>\n\t\t<div class=\"elementor-element elementor-element-dd7ba22 e-con-full e-flex e-con e-child\" data-id=\"dd7ba22\" data-element_type=\"container\">\n\t\t\t\t<div class=\"elementor-element elementor-element-d1d5a83 elementor-widget elementor-widget-image\" data-id=\"d1d5a83\" data-element_type=\"widget\" data-widget_type=\"image.default\">\n\t\t\t\t<div class=\"elementor-widget-container\">\n\t\t\t<style>\/*! elementor - v3.21.0 - 30-04-2024 *\/\n.elementor-widget-image{text-align:center}.elementor-widget-image a{display:inline-block}.elementor-widget-image a img[src$=\".svg\"]{width:48px}.elementor-widget-image img{vertical-align:middle;display:inline-block}<\/style>\t\t\t\t\t\t\t\t\t\t<img decoding=\"async\" src=\"https:\/\/osnaplan.de\/wp-content\/uploads\/2024\/05\/Cover_2009-1.png\" title=\"Cover_2009-1\" alt=\"Cover_2009-1\" loading=\"lazy\" \/>\t\t\t\t\t\t\t\t\t\t\t\t\t<\/div>\n\t\t\t\t<\/div>\n\t\t\t\t<\/div>\n\t\t\t\t\t<\/div>\n\t\t\t\t<\/div>\n\t\t\t\t<\/div>\n\t\t","protected":false},"excerpt":{"rendered":"<p>Kulturhistorischer F\u00fchrer Osnabr\u00fccker Land 2009 Das Jahr 2008 neigt sich dem Ende entgegen und p\u00fcnktlich zum Jahreswechsel liegt sie wieder druckfrisch vor Ihnen, die neueste Ausgabe aus dem Hause OsnaPlan [&hellip;]<\/p>\n","protected":false},"author":1,"featured_media":0,"parent":0,"menu_order":0,"comment_status":"closed","ping_status":"closed","template":"","meta":{"footnotes":""},"_links":{"self":[{"href":"https:\/\/osnaplan.de\/index.php?rest_route=\/wp\/v2\/pages\/1660"}],"collection":[{"href":"https:\/\/osnaplan.de\/index.php?rest_route=\/wp\/v2\/pages"}],"about":[{"href":"https:\/\/osnaplan.de\/index.php?rest_route=\/wp\/v2\/types\/page"}],"author":[{"embeddable":true,"href":"https:\/\/osnaplan.de\/index.php?rest_route=\/wp\/v2\/users\/1"}],"replies":[{"embeddable":true,"href":"https:\/\/osnaplan.de\/index.php?rest_route=%2Fwp%2Fv2%2Fcomments&post=1660"}],"version-history":[{"count":4,"href":"https:\/\/osnaplan.de\/index.php?rest_route=\/wp\/v2\/pages\/1660\/revisions"}],"predecessor-version":[{"id":1664,"href":"https:\/\/osnaplan.de\/index.php?rest_route=\/wp\/v2\/pages\/1660\/revisions\/1664"}],"wp:attachment":[{"href":"https:\/\/osnaplan.de\/index.php?rest_route=%2Fwp%2Fv2%2Fmedia&parent=1660"}],"curies":[{"name":"wp","href":"https:\/\/api.w.org\/{rel}","templated":true}]}}