{"id":1665,"date":"2024-06-15T10:25:04","date_gmt":"2024-06-15T10:25:04","guid":{"rendered":"https:\/\/osnaplan.de\/?page_id=1665"},"modified":"2024-07-02T10:31:27","modified_gmt":"2024-07-02T10:31:27","slug":"2010-2","status":"publish","type":"page","link":"https:\/\/osnaplan.de\/?page_id=1665","title":{"rendered":"2010"},"content":{"rendered":"\t\t<div data-elementor-type=\"wp-page\" data-elementor-id=\"1665\" class=\"elementor elementor-1665\" data-elementor-post-type=\"page\">\n\t\t\t\t<div class=\"elementor-element elementor-element-2e965b4 e-flex e-con-boxed e-con e-parent\" data-id=\"2e965b4\" data-element_type=\"container\" data-settings=\"{&quot;background_background&quot;:&quot;classic&quot;}\">\n\t\t\t\t\t<div class=\"e-con-inner\">\n\t\t<div class=\"elementor-element elementor-element-16a32b6 e-con-full e-flex e-con e-child\" data-id=\"16a32b6\" data-element_type=\"container\">\n\t\t\t\t<div class=\"elementor-element elementor-element-a638153 elementor-widget elementor-widget-text-editor\" data-id=\"a638153\" data-element_type=\"widget\" data-widget_type=\"text-editor.default\">\n\t\t\t\t<div class=\"elementor-widget-container\">\n\t\t\t<style>\/*! elementor - v3.21.0 - 30-04-2024 *\/\n.elementor-widget-text-editor.elementor-drop-cap-view-stacked .elementor-drop-cap{background-color:#69727d;color:#fff}.elementor-widget-text-editor.elementor-drop-cap-view-framed .elementor-drop-cap{color:#69727d;border:3px solid;background-color:transparent}.elementor-widget-text-editor:not(.elementor-drop-cap-view-default) .elementor-drop-cap{margin-top:8px}.elementor-widget-text-editor:not(.elementor-drop-cap-view-default) .elementor-drop-cap-letter{width:1em;height:1em}.elementor-widget-text-editor .elementor-drop-cap{float:left;text-align:center;line-height:1;font-size:50px}.elementor-widget-text-editor .elementor-drop-cap-letter{display:inline-block}<\/style>\t\t\t\t<h3 class=\"wp-block-heading has-text-align-center has-text-color\"><strong>Kulturhistorischer F\u00fchrer Osnabr\u00fccker Land 2010<\/strong><\/h3><p>Wie schnell die Zeit vergeht. Wir k\u00f6nnen es selber kaum glauben, aber vor Ihnen liegt die nun mittlerweile 15. Ausgabe unseres bei B\u00fcrgern und Besuchern immer beliebter werdenden \u201eKulturhistorischen F\u00fchrers f\u00fcr Stadt und Landkreis Osnabr\u00fcck\u201c!<\/p><p>1995 bis 2010 &#8211; Das hei\u00dft f\u00fcnfzehn Jahre professionelle Informationen zur Geschichte und Gegenwart der Region sowie aktuelle Veranstaltungs-Highlights der jeweiligen Jahre aus Stadt und Landkreis Osnabr\u00fcck.<\/p><p>Nachdem im vergangenen Jahr das gro\u00dfe Jubil\u00e4um 2000 Jahre Varusschlacht in Kalkriese im Mittelpunkt stand, bilden in dieser Ausgabe zwei zentrale Themen den Schwerpunkt. Zum einen richtet sich unser Augenmerk auf die Landesgartenschau Bad Essen 2010, welche von April bis Oktober 2010 in Bad Essen ausgerichtet wird und zu welcher wir Sie zu einem \u201eBad im Bl\u00fctenmeer\u201c herzlich einladen m\u00f6chten. Zum anderen finden Sie interessante Informationen zur Lokalen Agenda 21 Osnabr\u00fcck, welche unter dem Motto \u201eGlobal denken &#8211; Lokal handeln\u201c die nachhaltige Entwicklung in Osnabr\u00fcck durch verschiedene Arbeitskreise mit gestaltet und entwickelt.<\/p><p>Dar\u00fcber hinaus finden Sie aber nat\u00fcrlich auch wieder hilfreiche Informationen zu allen kulturellen Ausstellungen und Veranstaltungen in Stadt und Landkreis Osnabr\u00fcck, wie z.B. Theaterprogrammen, Kunstausstellungen, den Veranstaltungskalender der Stadt sowie eine \u00dcbersicht der bekanntesten Stadt- und Gemeindefeste im Landkreis Osnabr\u00fcck. Wir m\u00f6chten Sie herzlich einladen, an den vielf\u00e4ltigen kulturellen Ausstellungen und Veranstaltungen sowie den Stadt- und Gemeindefesten teilzunehmen und w\u00fcnschen Ihnen dabei schon jetzt viel Spa\u00df!<\/p><p>Erg\u00e4nzend zu dem Informationsteil beinhaltet unser Kulturhistorischer F\u00fchrer selbstverst\u00e4ndlich auch wieder den begehrten, aktualisierten Stadtplan der Stadt Osnabr\u00fcck im \u00fcbersichtlichen Ma\u00dfstab 1 : 25.000 und dar\u00fcber hinaus eine gro\u00dfz\u00fcgige \u00dcbersichtskarte vom Osnabr\u00fccker Land zum langfristigen Nutzen.<\/p><p>Die Verbreitung erfolgt zum Gro\u00dfteil durch verschiedene Beh\u00f6rden in Stadt und Landkreis Osnabr\u00fcck sowie \u00fcber die \u00f6rtlichen Sparkassen in kostenloser Einzelabgabe. Neben 10.000 Freiexemplaren werden ca. 5.000 weitere Exemplare \u00fcber den Handel vertrieben.<\/p><p>Wir hoffen, unseren Lesern mit den umfangreichen Informationen und Gesch\u00e4ftsempfehlungen in der nun vorliegenden f\u00fcnfzehnten Ausgabe unseres Kulturhistorischen F\u00fchrers hilfreich zu sein und freuen uns \u00fcber eine ebenso positive Resonanz, wie wir sie bisher mit allen vorherigen Auflagen erzielen konnten.<\/p><p>Unser ganz spezieller Dank gilt unseren Inserenten, welche die Herausgabe dieses Stadtf\u00fchrers erm\u00f6glicht haben!<\/p>\t\t\t\t\t\t<\/div>\n\t\t\t\t<\/div>\n\t\t\t\t<\/div>\n\t\t<div class=\"elementor-element elementor-element-41f51de e-con-full e-flex e-con e-child\" data-id=\"41f51de\" data-element_type=\"container\">\n\t\t\t\t<div class=\"elementor-element elementor-element-c762104 elementor-widget elementor-widget-image\" data-id=\"c762104\" data-element_type=\"widget\" data-widget_type=\"image.default\">\n\t\t\t\t<div class=\"elementor-widget-container\">\n\t\t\t<style>\/*! elementor - v3.21.0 - 30-04-2024 *\/\n.elementor-widget-image{text-align:center}.elementor-widget-image a{display:inline-block}.elementor-widget-image a img[src$=\".svg\"]{width:48px}.elementor-widget-image img{vertical-align:middle;display:inline-block}<\/style>\t\t\t\t\t\t\t\t\t\t<img decoding=\"async\" src=\"https:\/\/osnaplan.de\/wp-content\/uploads\/2024\/05\/Cover_2010-1.png\" title=\"Cover_2010-1\" alt=\"Cover_2010-1\" loading=\"lazy\" \/>\t\t\t\t\t\t\t\t\t\t\t\t\t<\/div>\n\t\t\t\t<\/div>\n\t\t\t\t<\/div>\n\t\t\t\t\t<\/div>\n\t\t\t\t<\/div>\n\t\t\t\t<\/div>\n\t\t","protected":false},"excerpt":{"rendered":"<p>Kulturhistorischer F\u00fchrer Osnabr\u00fccker Land 2010 Wie schnell die Zeit vergeht. Wir k\u00f6nnen es selber kaum glauben, aber vor Ihnen liegt die nun mittlerweile 15. Ausgabe unseres bei B\u00fcrgern und Besuchern [&hellip;]<\/p>\n","protected":false},"author":1,"featured_media":0,"parent":0,"menu_order":0,"comment_status":"closed","ping_status":"closed","template":"","meta":{"footnotes":""},"_links":{"self":[{"href":"https:\/\/osnaplan.de\/index.php?rest_route=\/wp\/v2\/pages\/1665"}],"collection":[{"href":"https:\/\/osnaplan.de\/index.php?rest_route=\/wp\/v2\/pages"}],"about":[{"href":"https:\/\/osnaplan.de\/index.php?rest_route=\/wp\/v2\/types\/page"}],"author":[{"embeddable":true,"href":"https:\/\/osnaplan.de\/index.php?rest_route=\/wp\/v2\/users\/1"}],"replies":[{"embeddable":true,"href":"https:\/\/osnaplan.de\/index.php?rest_route=%2Fwp%2Fv2%2Fcomments&post=1665"}],"version-history":[{"count":10,"href":"https:\/\/osnaplan.de\/index.php?rest_route=\/wp\/v2\/pages\/1665\/revisions"}],"predecessor-version":[{"id":2054,"href":"https:\/\/osnaplan.de\/index.php?rest_route=\/wp\/v2\/pages\/1665\/revisions\/2054"}],"wp:attachment":[{"href":"https:\/\/osnaplan.de\/index.php?rest_route=%2Fwp%2Fv2%2Fmedia&parent=1665"}],"curies":[{"name":"wp","href":"https:\/\/api.w.org\/{rel}","templated":true}]}}