{"id":1778,"date":"2024-06-15T15:35:23","date_gmt":"2024-06-15T15:35:23","guid":{"rendered":"https:\/\/osnaplan.de\/?page_id=1778"},"modified":"2024-07-09T11:25:47","modified_gmt":"2024-07-09T11:25:47","slug":"chatgpt-artificial-intelligence-revolution-in-the-profession-earn-money-online-easier-than-ever-before","status":"publish","type":"page","link":"https:\/\/osnaplan.de\/?page_id=1778","title":{"rendered":"ChatGPT \u2013 Artificial Intelligence \u2013 Revolution in the profession: Earn money online &#8211; easier than ever before!"},"content":{"rendered":"\t\t<div data-elementor-type=\"wp-page\" data-elementor-id=\"1778\" class=\"elementor elementor-1778\" data-elementor-post-type=\"page\">\n\t\t\t\t<div class=\"elementor-element elementor-element-b2a5a6d e-con-full e-flex e-con e-parent\" data-id=\"b2a5a6d\" data-element_type=\"container\" data-settings=\"{&quot;background_background&quot;:&quot;gradient&quot;}\">\n\t\t\t\t<div class=\"elementor-element elementor-element-eefc850 elementor-widget elementor-widget-image\" data-id=\"eefc850\" data-element_type=\"widget\" data-widget_type=\"image.default\">\n\t\t\t\t<div class=\"elementor-widget-container\">\n\t\t\t<style>\/*! elementor - v3.21.0 - 30-04-2024 *\/\n.elementor-widget-image{text-align:center}.elementor-widget-image a{display:inline-block}.elementor-widget-image a img[src$=\".svg\"]{width:48px}.elementor-widget-image img{vertical-align:middle;display:inline-block}<\/style>\t\t\t\t\t\t\t\t\t\t<img fetchpriority=\"high\" decoding=\"async\" width=\"640\" height=\"1024\" src=\"https:\/\/osnaplan.de\/wp-content\/uploads\/2024\/06\/ChatGPT-640x1024.jpg\" class=\"attachment-large size-large wp-image-1747\" alt=\"\" srcset=\"https:\/\/osnaplan.de\/wp-content\/uploads\/2024\/06\/ChatGPT-640x1024.jpg 640w, https:\/\/osnaplan.de\/wp-content\/uploads\/2024\/06\/ChatGPT-188x300.jpg 188w, https:\/\/osnaplan.de\/wp-content\/uploads\/2024\/06\/ChatGPT-768x1229.jpg 768w, https:\/\/osnaplan.de\/wp-content\/uploads\/2024\/06\/ChatGPT-960x1536.jpg 960w, https:\/\/osnaplan.de\/wp-content\/uploads\/2024\/06\/ChatGPT-1280x2048.jpg 1280w, https:\/\/osnaplan.de\/wp-content\/uploads\/2024\/06\/ChatGPT.jpg 1500w\" sizes=\"(max-width: 640px) 100vw, 640px\" \/>\t\t\t\t\t\t\t\t\t\t\t\t\t<\/div>\n\t\t\t\t<\/div>\n\t\t<div class=\"elementor-element elementor-element-c4b0a73 e-con-full e-flex e-con e-child\" data-id=\"c4b0a73\" data-element_type=\"container\">\n\t\t\t\t<div class=\"elementor-element elementor-element-59e43ae elementor-widget elementor-widget-heading\" data-id=\"59e43ae\" data-element_type=\"widget\" data-widget_type=\"heading.default\">\n\t\t\t\t<div class=\"elementor-widget-container\">\n\t\t\t<style>\/*! elementor - v3.21.0 - 30-04-2024 *\/\n.elementor-heading-title{padding:0;margin:0;line-height:1}.elementor-widget-heading .elementor-heading-title[class*=elementor-size-]>a{color:inherit;font-size:inherit;line-height:inherit}.elementor-widget-heading .elementor-heading-title.elementor-size-small{font-size:15px}.elementor-widget-heading .elementor-heading-title.elementor-size-medium{font-size:19px}.elementor-widget-heading .elementor-heading-title.elementor-size-large{font-size:29px}.elementor-widget-heading .elementor-heading-title.elementor-size-xl{font-size:39px}.elementor-widget-heading .elementor-heading-title.elementor-size-xxl{font-size:59px}<\/style><p class=\"elementor-heading-title elementor-size-default\">Kenneth Fleed <\/p>\t\t<\/div>\n\t\t\t\t<\/div>\n\t\t\t\t<div class=\"elementor-element elementor-element-4ac569a elementor-widget elementor-widget-heading\" data-id=\"4ac569a\" data-element_type=\"widget\" data-widget_type=\"heading.default\">\n\t\t\t\t<div class=\"elementor-widget-container\">\n\t\t\t<h2 class=\"elementor-heading-title elementor-size-default\">ChatGPT \u2013 Artificial Intelligence \u2013 Revolution in the profession Earn money online - easier than ever before!<\/h2>\t\t<\/div>\n\t\t\t\t<\/div>\n\t\t\t\t<div class=\"elementor-element elementor-element-239d326 elementor-widget__width-initial elementor-widget elementor-widget-toggle\" data-id=\"239d326\" data-element_type=\"widget\" data-widget_type=\"toggle.default\">\n\t\t\t\t<div class=\"elementor-widget-container\">\n\t\t\t<style>\/*! elementor - v3.21.0 - 30-04-2024 *\/\n.elementor-toggle{text-align:start}.elementor-toggle .elementor-tab-title{font-weight:700;line-height:1;margin:0;padding:15px;border-bottom:1px solid #d5d8dc;cursor:pointer;outline:none}.elementor-toggle .elementor-tab-title .elementor-toggle-icon{display:inline-block;width:1em}.elementor-toggle .elementor-tab-title .elementor-toggle-icon svg{margin-inline-start:-5px;width:1em;height:1em}.elementor-toggle .elementor-tab-title .elementor-toggle-icon.elementor-toggle-icon-right{float:right;text-align:right}.elementor-toggle .elementor-tab-title .elementor-toggle-icon.elementor-toggle-icon-left{float:left;text-align:left}.elementor-toggle .elementor-tab-title .elementor-toggle-icon .elementor-toggle-icon-closed{display:block}.elementor-toggle .elementor-tab-title .elementor-toggle-icon .elementor-toggle-icon-opened{display:none}.elementor-toggle .elementor-tab-title.elementor-active{border-bottom:none}.elementor-toggle .elementor-tab-title.elementor-active .elementor-toggle-icon-closed{display:none}.elementor-toggle .elementor-tab-title.elementor-active .elementor-toggle-icon-opened{display:block}.elementor-toggle .elementor-tab-content{padding:15px;border-bottom:1px solid #d5d8dc;display:none}@media (max-width:767px){.elementor-toggle .elementor-tab-title{padding:12px}.elementor-toggle .elementor-tab-content{padding:12px 10px}}.e-con-inner>.elementor-widget-toggle,.e-con>.elementor-widget-toggle{width:var(--container-widget-width);--flex-grow:var(--container-widget-flex-grow)}<\/style>\t\t<div class=\"elementor-toggle\">\n\t\t\t\t\t\t\t<div class=\"elementor-toggle-item\">\n\t\t\t\t\t<h5 id=\"elementor-tab-title-3731\" class=\"elementor-tab-title\" data-tab=\"1\" role=\"button\" aria-controls=\"elementor-tab-content-3731\" aria-expanded=\"false\">\n\t\t\t\t\t\t\t\t\t\t\t\t<a class=\"elementor-toggle-title\" tabindex=\"0\">Kurzbeschreibung des Buches<\/a>\n\t\t\t\t\t<\/h5>\n\n\t\t\t\t\t<div id=\"elementor-tab-content-3731\" class=\"elementor-tab-content elementor-clearfix\" data-tab=\"1\" role=\"region\" aria-labelledby=\"elementor-tab-title-3731\"><p><strong><span class=\"a-text-bold\">ChatGPT \u2013 Artificial Intelligence \u2013 Revolution in the profession<br \/>Earn money online &#8211; easier than ever before!<\/span><\/strong><\/p><p>Chatbots are no longer just a dream of the future &#8211; they have long since found their way into both our professional and our private lives. But what if these bots could not only answer questions, but also perform tasks? This is exactly what is possible with ChatGPT. This groundbreaking technology allows companies to automate processes, save time and resources, and focus on what matters most. But ChatGPT also opens up entirely new opportunities for employees to succeed in their careers.<\/p><p>This comprehensive guide will tell you everything you need to know about how ChatGPT can be used in the workplace and how it will impact the world of work. Whether you work in customer service, marketing, sales, HR or in your own home office, ChatGPT is a technology that has the potential to revolutionise the way we work.<\/p><p>Benefit from revolutionary Artificial Intelligence (AI) and learn how this intelligent chatbot works and how it can benefit you personally in your work and business to generate a lucrative income on a consistent basis.<\/p><p>Whether you want to use ChatGPT in your current job or venture into self-employment, this guide is the ideal companion on your path to sustainable success in the modern working world.<\/p><p><br \/><span class=\"a-text-bold\">\u2713 Language Revolution ChatGPT \u2013 Earn money online \u2013 easier than ever before!<\/span><br \/><br \/><span class=\"a-text-bold\">\u2713 Recognize the advantages of ChatGPT and use them profitably<\/span><\/p><p><span class=\"a-text-bold\">\u2713 Achieve a better work-life balance with ChatGPT<\/span><br \/><br \/><span class=\"a-text-bold\">\u2713 20 job ideas for a lucrative home office business<\/span><br \/><br \/><span class=\"a-text-bold\">\u2713 Everything you need to get your business off to an easy start<\/span><br \/><br \/><span class=\"a-text-bold\">\u2713 Many practical tips for good organization and effective productivity<\/span><br \/><br \/><span class=\"a-text-bold\">\u2713 Extensive collection of helpful web links to the best platforms and resources<\/span><br \/><br \/><br \/><strong><span class=\"a-text-bold\">Benefit from the pioneering invention of artificial intelligence and use ChatGPT as a booster for your personal path to more freedom and financial independence!<\/span><\/strong><\/p><\/div>\n\t\t\t\t<\/div>\n\t\t\t\t\t\t\t<div class=\"elementor-toggle-item\">\n\t\t\t\t\t<h5 id=\"elementor-tab-title-3732\" class=\"elementor-tab-title\" data-tab=\"2\" role=\"button\" aria-controls=\"elementor-tab-content-3732\" aria-expanded=\"false\">\n\t\t\t\t\t\t\t\t\t\t\t\t<a class=\"elementor-toggle-title\" tabindex=\"0\">Autorenbiografie<\/a>\n\t\t\t\t\t<\/h5>\n\n\t\t\t\t\t<div id=\"elementor-tab-content-3732\" class=\"elementor-tab-content elementor-clearfix\" data-tab=\"2\" role=\"region\" aria-labelledby=\"elementor-tab-title-3732\"><p>Kenneth Fleed ist kein ausgewiesener Experte auf dem Gebiet von k\u00fcnstlicher Intelligenz, aber seine intensive Auseinandersetzung mit ChatGPT hat ihn zu einem wahren Insider gemacht. Als passionierter Anwender und Liebhaber von technologischen Innovationen hat Kenneth Fleed viel Zeit und Energie investiert, um ChatGPT zu verstehen und seine Funktionsweise zu ergr\u00fcnden. Neben seinem ersten Buch \u201eChatGPT \u2013 K\u00fcnstliche Intelligenz \u2013 Revolution im Beruf\u201c in welchem er erfolgreich seine pers\u00f6nlichen Erfahrungen und Erkenntnisse \u00fcber ChatGPT im modernen Berufsleben aufzeigt, ist jetzt sein brandneues zweites Buch erschienen \u201eKochen mit ChatGPT \u2013 Sternek\u00fcche kann jeder\u201c.<\/p><p>Egal, ob Sie ein Anf\u00e4nger in der K\u00fcche sind oder bereits Erfahrung haben \u2013 in diesem Kochbuch erfahren Sie, wie Sie spielend leicht zu einem wahren Meister der Kulinarik werden. Von kreativen Rezepten f\u00fcr Anf\u00e4nger bis hin zu anspruchsvollen Gourmet-Spezialit\u00e4ten, unsere umfangreiche Sammlung l\u00e4sst keine W\u00fcnsche offen. Mit ChatGPT als pers\u00f6nlichem K\u00fcchenassistenten werden Sie Schritt f\u00fcr Schritt zum Meisterkoch.<\/p><p>Kenneth Fleeds fundierte Recherche, gepaart mit seinem Enthusiasmus und seinen praktischen Erfahrungen, machen seine B\u00fccher zur unverzichtbaren Lekt\u00fcre.<\/p><\/div>\n\t\t\t\t<\/div>\n\t\t\t\t\t\t\t<div class=\"elementor-toggle-item\">\n\t\t\t\t\t<h5 id=\"elementor-tab-title-3733\" class=\"elementor-tab-title\" data-tab=\"3\" role=\"button\" aria-controls=\"elementor-tab-content-3733\" aria-expanded=\"false\">\n\t\t\t\t\t\t\t\t\t\t\t\t<a class=\"elementor-toggle-title\" tabindex=\"0\">Leseprobe<\/a>\n\t\t\t\t\t<\/h5>\n\n\t\t\t\t\t<div id=\"elementor-tab-content-3733\" class=\"elementor-tab-content elementor-clearfix\" data-tab=\"3\" role=\"region\" aria-labelledby=\"elementor-tab-title-3733\"><p><a href=\"https:\/\/www.amazon.de\/ChatGPT-Artificial-Intelligence-Revolution-profession\/dp\/B0C6BMJ781\/?_encoding=UTF8&amp;pd_rd_w=xqQyS&amp;content-id=amzn1.sym.e8b3c957-d6ff-42b1-a1ab-eb46dc87ff65&amp;pf_rd_p=e8b3c957-d6ff-42b1-a1ab-eb46dc87ff65&amp;pf_rd_r=259-6032065-5157366&amp;pd_rd_wg=77CNu&amp;pd_rd_r=368e1e6b-f434-40e4-b6fb-c2f6b2b81e6e&amp;ref_=aufs_ap_sc_dsk\" target=\"_blank\" rel=\"noopener\">Hier anschauen<\/a><\/p><\/div>\n\t\t\t\t<\/div>\n\t\t\t\t\t\t\t\t<\/div>\n\t\t\t\t<\/div>\n\t\t\t\t<\/div>\n\t\t\t\t<div class=\"elementor-element elementor-element-9c3241e elementor-align-center elementor-widget elementor-widget-button\" data-id=\"9c3241e\" data-element_type=\"widget\" data-widget_type=\"button.default\">\n\t\t\t\t<div class=\"elementor-widget-container\">\n\t\t\t\t\t<div class=\"elementor-button-wrapper\">\n\t\t\t<a class=\"elementor-button elementor-button-link elementor-size-lg elementor-animation-grow\" href=\"https:\/\/www.amazon.de\/ChatGPT-Artificial-Intelligence-Revolution-profession\/dp\/B0C6BMJ781\/?_encoding=UTF8&#038;pd_rd_w=xqQyS&#038;content-id=amzn1.sym.e8b3c957-d6ff-42b1-a1ab-eb46dc87ff65&#038;pf_rd_p=e8b3c957-d6ff-42b1-a1ab-eb46dc87ff65&#038;pf_rd_r=259-6032065-5157366&#038;pd_rd_wg=77CNu&#038;pd_rd_r=368e1e6b-f434-40e4-b6fb-c2f6b2b81e6e&#038;ref_=aufs_ap_sc_dsk\" target=\"_blank\">\n\t\t\t\t\t\t<span class=\"elementor-button-content-wrapper\">\n\t\t\t\t\t\t\t\t\t<span class=\"elementor-button-text\">Kaufen<\/span>\n\t\t\t\t\t<\/span>\n\t\t\t\t\t<\/a>\n\t\t<\/div>\n\t\t\t\t<\/div>\n\t\t\t\t<\/div>\n\t\t\t\t<\/div>\n\t\t\t\t<\/div>\n\t\t\t\t<\/div>\n\t\t","protected":false},"excerpt":{"rendered":"<p>Kenneth Fleed ChatGPT \u2013 Artificial Intelligence \u2013 Revolution in the profession Earn money online &#8211; easier than ever before! Kurzbeschreibung des Buches ChatGPT \u2013 Artificial Intelligence \u2013 Revolution in the [&hellip;]<\/p>\n","protected":false},"author":1,"featured_media":0,"parent":0,"menu_order":0,"comment_status":"closed","ping_status":"closed","template":"","meta":{"footnotes":""},"_links":{"self":[{"href":"https:\/\/osnaplan.de\/index.php?rest_route=\/wp\/v2\/pages\/1778"}],"collection":[{"href":"https:\/\/osnaplan.de\/index.php?rest_route=\/wp\/v2\/pages"}],"about":[{"href":"https:\/\/osnaplan.de\/index.php?rest_route=\/wp\/v2\/types\/page"}],"author":[{"embeddable":true,"href":"https:\/\/osnaplan.de\/index.php?rest_route=\/wp\/v2\/users\/1"}],"replies":[{"embeddable":true,"href":"https:\/\/osnaplan.de\/index.php?rest_route=%2Fwp%2Fv2%2Fcomments&post=1778"}],"version-history":[{"count":22,"href":"https:\/\/osnaplan.de\/index.php?rest_route=\/wp\/v2\/pages\/1778\/revisions"}],"predecessor-version":[{"id":2333,"href":"https:\/\/osnaplan.de\/index.php?rest_route=\/wp\/v2\/pages\/1778\/revisions\/2333"}],"wp:attachment":[{"href":"https:\/\/osnaplan.de\/index.php?rest_route=%2Fwp%2Fv2%2Fmedia&parent=1778"}],"curies":[{"name":"wp","href":"https:\/\/api.w.org\/{rel}","templated":true}]}}