{"id":1786,"date":"2024-06-15T15:38:40","date_gmt":"2024-06-15T15:38:40","guid":{"rendered":"https:\/\/osnaplan.de\/?page_id=1786"},"modified":"2024-07-09T11:27:22","modified_gmt":"2024-07-09T11:27:22","slug":"kochen-mit-chatgpt-sternekueche-kann-jeder-kochbuch-vom-anfaenger-zum-sternekoch-chatgpt-macht-es-moeglich","status":"publish","type":"page","link":"https:\/\/osnaplan.de\/?page_id=1786","title":{"rendered":"Kochen mit ChatGPT &#8211; Sternek\u00fcche kann jeder &#8211; Kochbuch: Vom Anf\u00e4nger zum Sternekoch &#8211; ChatGPT macht es m\u00f6glich!"},"content":{"rendered":"\t\t<div data-elementor-type=\"wp-page\" data-elementor-id=\"1786\" class=\"elementor elementor-1786\" data-elementor-post-type=\"page\">\n\t\t\t\t<div class=\"elementor-element elementor-element-4f7d29e e-con-full e-flex e-con e-parent\" data-id=\"4f7d29e\" data-element_type=\"container\" data-settings=\"{&quot;background_background&quot;:&quot;gradient&quot;}\">\n\t\t\t\t<div class=\"elementor-element elementor-element-9ac7319 elementor-widget elementor-widget-image\" data-id=\"9ac7319\" data-element_type=\"widget\" data-widget_type=\"image.default\">\n\t\t\t\t<div class=\"elementor-widget-container\">\n\t\t\t<style>\/*! elementor - v3.21.0 - 30-04-2024 *\/\n.elementor-widget-image{text-align:center}.elementor-widget-image a{display:inline-block}.elementor-widget-image a img[src$=\".svg\"]{width:48px}.elementor-widget-image img{vertical-align:middle;display:inline-block}<\/style>\t\t\t\t\t\t\t\t\t\t<img fetchpriority=\"high\" decoding=\"async\" width=\"651\" height=\"1024\" src=\"https:\/\/osnaplan.de\/wp-content\/uploads\/2024\/05\/Screenshot_129-651x1024.png\" class=\"attachment-large size-large wp-image-254\" alt=\"\" srcset=\"https:\/\/osnaplan.de\/wp-content\/uploads\/2024\/05\/Screenshot_129-651x1024.png 651w, https:\/\/osnaplan.de\/wp-content\/uploads\/2024\/05\/Screenshot_129-191x300.png 191w, https:\/\/osnaplan.de\/wp-content\/uploads\/2024\/05\/Screenshot_129.png 653w\" sizes=\"(max-width: 651px) 100vw, 651px\" \/>\t\t\t\t\t\t\t\t\t\t\t\t\t<\/div>\n\t\t\t\t<\/div>\n\t\t<div class=\"elementor-element elementor-element-494d153 e-con-full e-flex e-con e-child\" data-id=\"494d153\" data-element_type=\"container\">\n\t\t\t\t<div class=\"elementor-element elementor-element-983acc9 elementor-widget elementor-widget-heading\" data-id=\"983acc9\" data-element_type=\"widget\" data-widget_type=\"heading.default\">\n\t\t\t\t<div class=\"elementor-widget-container\">\n\t\t\t<style>\/*! elementor - v3.21.0 - 30-04-2024 *\/\n.elementor-heading-title{padding:0;margin:0;line-height:1}.elementor-widget-heading .elementor-heading-title[class*=elementor-size-]>a{color:inherit;font-size:inherit;line-height:inherit}.elementor-widget-heading .elementor-heading-title.elementor-size-small{font-size:15px}.elementor-widget-heading .elementor-heading-title.elementor-size-medium{font-size:19px}.elementor-widget-heading .elementor-heading-title.elementor-size-large{font-size:29px}.elementor-widget-heading .elementor-heading-title.elementor-size-xl{font-size:39px}.elementor-widget-heading .elementor-heading-title.elementor-size-xxl{font-size:59px}<\/style><p class=\"elementor-heading-title elementor-size-default\">Kenneth Fleed <\/p>\t\t<\/div>\n\t\t\t\t<\/div>\n\t\t\t\t<div class=\"elementor-element elementor-element-c195c22 elementor-widget elementor-widget-heading\" data-id=\"c195c22\" data-element_type=\"widget\" data-widget_type=\"heading.default\">\n\t\t\t\t<div class=\"elementor-widget-container\">\n\t\t\t<h2 class=\"elementor-heading-title elementor-size-default\">Kochen mit ChatGPT - Sternek\u00fcche kann jeder \n<br>Vom Anf\u00e4nger zum Sternekoch \u2013 ChatGPT macht es m\u00f6glich! \n<\/h2>\t\t<\/div>\n\t\t\t\t<\/div>\n\t\t\t\t<div class=\"elementor-element elementor-element-0718bcb elementor-widget__width-initial elementor-widget elementor-widget-toggle\" data-id=\"0718bcb\" data-element_type=\"widget\" data-widget_type=\"toggle.default\">\n\t\t\t\t<div class=\"elementor-widget-container\">\n\t\t\t<style>\/*! elementor - v3.21.0 - 30-04-2024 *\/\n.elementor-toggle{text-align:start}.elementor-toggle .elementor-tab-title{font-weight:700;line-height:1;margin:0;padding:15px;border-bottom:1px solid #d5d8dc;cursor:pointer;outline:none}.elementor-toggle .elementor-tab-title .elementor-toggle-icon{display:inline-block;width:1em}.elementor-toggle .elementor-tab-title .elementor-toggle-icon svg{margin-inline-start:-5px;width:1em;height:1em}.elementor-toggle .elementor-tab-title .elementor-toggle-icon.elementor-toggle-icon-right{float:right;text-align:right}.elementor-toggle .elementor-tab-title .elementor-toggle-icon.elementor-toggle-icon-left{float:left;text-align:left}.elementor-toggle .elementor-tab-title .elementor-toggle-icon .elementor-toggle-icon-closed{display:block}.elementor-toggle .elementor-tab-title .elementor-toggle-icon .elementor-toggle-icon-opened{display:none}.elementor-toggle .elementor-tab-title.elementor-active{border-bottom:none}.elementor-toggle .elementor-tab-title.elementor-active .elementor-toggle-icon-closed{display:none}.elementor-toggle .elementor-tab-title.elementor-active .elementor-toggle-icon-opened{display:block}.elementor-toggle .elementor-tab-content{padding:15px;border-bottom:1px solid #d5d8dc;display:none}@media (max-width:767px){.elementor-toggle .elementor-tab-title{padding:12px}.elementor-toggle .elementor-tab-content{padding:12px 10px}}.e-con-inner>.elementor-widget-toggle,.e-con>.elementor-widget-toggle{width:var(--container-widget-width);--flex-grow:var(--container-widget-flex-grow)}<\/style>\t\t<div class=\"elementor-toggle\">\n\t\t\t\t\t\t\t<div class=\"elementor-toggle-item\">\n\t\t\t\t\t<h5 id=\"elementor-tab-title-7441\" class=\"elementor-tab-title\" data-tab=\"1\" role=\"button\" aria-controls=\"elementor-tab-content-7441\" aria-expanded=\"false\">\n\t\t\t\t\t\t\t\t\t\t\t\t<a class=\"elementor-toggle-title\" tabindex=\"0\">Kurzbeschreibung des Buches<\/a>\n\t\t\t\t\t<\/h5>\n\n\t\t\t\t\t<div id=\"elementor-tab-content-7441\" class=\"elementor-tab-content elementor-clearfix\" data-tab=\"1\" role=\"region\" aria-labelledby=\"elementor-tab-title-7441\"><p><span class=\"a-text-bold\">Kochen mit ChatGPT \u2013 Sternek\u00fcche kann jeder<br \/>Vom Anf\u00e4nger zum Sternekoch \u2013 ChatGPT macht es m\u00f6glich!<\/span><\/p><p>Tr\u00e4umen Sie von exquisiten Gourmet-Mahlzeiten, die normalerweise nur Sternek\u00f6chen vorbehalten sind? Mit &#8222;Kochen mit ChatGPT &#8211; Sternek\u00fcche kann jeder&#8220; wird dieser Traum Realit\u00e4t! Tauchen Sie ein in die faszinierende Welt der Haute Cuisine und lassen Sie sich von kreativen Rezepten und kulinarischen Innovationen begeistern.<\/p><p>Egal, ob Sie ein Anf\u00e4nger in der K\u00fcche sind oder bereits Erfahrung haben \u2013 in diesem Kochbuch erfahren Sie, wie Sie spielend leicht zu einem wahren Meister der Kulinarik werden. Von kreativen Rezepten f\u00fcr Anf\u00e4nger bis hin zu anspruchsvollen Gourmet-Spezialit\u00e4ten, unsere umfangreiche Sammlung l\u00e4sst keine W\u00fcnsche offen. Mit ChatGPT als pers\u00f6nlichem K\u00fcchenassistenten werden Sie Schritt f\u00fcr Schritt zum Meisterkoch. Erforschen Sie technische Finessen der Spitzenk\u00f6che und lernen Sie, wie Sie m\u00fchelos raffinierte Gerichte zubereiten, die Ihre G\u00e4ste beeindrucken werden.<\/p><p>Entdecken Sie die M\u00f6glichkeiten der Zukunft des Kochens mit technologischen Innovationen und virtuellen Kocherlebnissen. Tauchen Sie ein in die Welt der Molekulark\u00fcche und experimentieren Sie mit ungew\u00f6hnlichen Geschmackskombinationen.<\/p><p>Das Buch bietet aber noch viel mehr als nur Sternek\u00fcche. Erfahren Sie zum Beispiel, wie Sie k\u00f6stliche Mahlzeiten f\u00fcr den stressigen Studienalltag zaubern oder budgetfreundliche Rezepte entdecken, die Ihren Geldbeutel schonen. Kochen mit ChatGPT wird zu einem inspirierenden und spielerischen Erlebnis, das Ihre kulinarische Kreativit\u00e4t entfesselt.<\/p><p><br \/><span class=\"a-text-bold\">\u2713 Inspirierende Rezeptvielfalt \u2013 75 Rezepte mit Zutaten und Zubereitung auf \u00fcber 250 Seiten<\/span><br \/><br \/><span class=\"a-text-bold\">\u2713 Schritt-f\u00fcr-Schritt Anleitungen f\u00fchren Sie sicher durch jede Zubereitung und vermitteln Ihnen die Geheimnisse der Profik\u00fcche<\/span><br \/><br \/><span class=\"a-text-bold\">\u2713 Innovative Techniken \u2013 Lernen Sie modernste Kochtechniken wie Sous-vide-Garen oder Molekulark\u00fcche in Ihre Gerichte zu integrieren<\/span><br \/><br \/><span class=\"a-text-bold\">\u2713 Passen Sie mit Hilfe von ChatGPT Ihre Rezepte nach Ihren pers\u00f6nlichen Vorlieben f\u00fcr v\u00f6llig neue Geschmackskombinationen an<\/span><br \/><br \/><span class=\"a-text-bold\">\u2713 Kochen f\u00fcr jeden Anlass \u2013 Internationale K\u00fcche, schnelle Alltagsk\u00fcche f\u00fcr Studenten, Men\u00fcs f\u00fcr besondere Anl\u00e4sse bis hin zur exquisiten Sternek\u00fcche \u2013 hier finden Sie das perfekte Rezept f\u00fcr jeden Moment!<\/span><br \/><br \/><span class=\"a-text-bold\">\u2713 Nachhaltigkeit in der K\u00fcche \u2013 Entdecken Sie Tipps und Tricks f\u00fcr umweltbewusstes Kochen und eine sinnvolle Verwertung von Resten<\/span><br \/><br \/><br \/><span class=\"a-text-bold\">Starten Sie Ihre kulinarische Reise noch heute und verwandeln Sie Ihre K\u00fcche in ein Gourmet-Restaurant! Lassen Sie sich von der Leidenschaft f\u00fcrs Kochen anstecken und erleben Sie, wie Sie mit ChatGPT zum Sternekoch avancieren. Holen Sie sich &#8222;Kochen mit ChatGPT &#8211; Sternek\u00fcche kann jeder&#8220; und lassen Sie Ihre Kochk\u00fcnste erstrahlen!<\/span><\/p><\/div>\n\t\t\t\t<\/div>\n\t\t\t\t\t\t\t<div class=\"elementor-toggle-item\">\n\t\t\t\t\t<h5 id=\"elementor-tab-title-7442\" class=\"elementor-tab-title\" data-tab=\"2\" role=\"button\" aria-controls=\"elementor-tab-content-7442\" aria-expanded=\"false\">\n\t\t\t\t\t\t\t\t\t\t\t\t<a class=\"elementor-toggle-title\" tabindex=\"0\">Autorenbiografie<\/a>\n\t\t\t\t\t<\/h5>\n\n\t\t\t\t\t<div id=\"elementor-tab-content-7442\" class=\"elementor-tab-content elementor-clearfix\" data-tab=\"2\" role=\"region\" aria-labelledby=\"elementor-tab-title-7442\"><p>Kenneth Fleed ist kein ausgewiesener Experte auf dem Gebiet von k\u00fcnstlicher Intelligenz, aber seine intensive Auseinandersetzung mit ChatGPT hat ihn zu einem wahren Insider gemacht. Als passionierter Anwender und Liebhaber von technologischen Innovationen hat Kenneth Fleed viel Zeit und Energie investiert, um ChatGPT zu verstehen und seine Funktionsweise zu ergr\u00fcnden. Neben seinem ersten Buch \u201eChatGPT \u2013 K\u00fcnstliche Intelligenz \u2013 Revolution im Beruf\u201c in welchem er erfolgreich seine pers\u00f6nlichen Erfahrungen und Erkenntnisse \u00fcber ChatGPT im modernen Berufsleben aufzeigt, ist jetzt sein brandneues zweites Buch erschienen \u201eKochen mit ChatGPT \u2013 Sternek\u00fcche kann jeder\u201c.<\/p><p>Egal, ob Sie ein Anf\u00e4nger in der K\u00fcche sind oder bereits Erfahrung haben \u2013 in diesem Kochbuch erfahren Sie, wie Sie spielend leicht zu einem wahren Meister der Kulinarik werden. Von kreativen Rezepten f\u00fcr Anf\u00e4nger bis hin zu anspruchsvollen Gourmet-Spezialit\u00e4ten, unsere umfangreiche Sammlung l\u00e4sst keine W\u00fcnsche offen. Mit ChatGPT als pers\u00f6nlichem K\u00fcchenassistenten werden Sie Schritt f\u00fcr Schritt zum Meisterkoch.<\/p><p>Kenneth Fleeds fundierte Recherche, gepaart mit seinem Enthusiasmus und seinen praktischen Erfahrungen, machen seine B\u00fccher zur unverzichtbaren Lekt\u00fcre.<\/p><\/div>\n\t\t\t\t<\/div>\n\t\t\t\t\t\t\t<div class=\"elementor-toggle-item\">\n\t\t\t\t\t<h5 id=\"elementor-tab-title-7443\" class=\"elementor-tab-title\" data-tab=\"3\" role=\"button\" aria-controls=\"elementor-tab-content-7443\" aria-expanded=\"false\">\n\t\t\t\t\t\t\t\t\t\t\t\t<a class=\"elementor-toggle-title\" tabindex=\"0\">Leseprobe<\/a>\n\t\t\t\t\t<\/h5>\n\n\t\t\t\t\t<div id=\"elementor-tab-content-7443\" class=\"elementor-tab-content elementor-clearfix\" data-tab=\"3\" role=\"region\" aria-labelledby=\"elementor-tab-title-7443\"><p><a href=\"https:\/\/www.amazon.de\/Kochen-mit-ChatGPT-Sternek%C3%BCche-Sternekoch\/dp\/B0CJ4CD8HZ\/?_encoding=UTF8&amp;pd_rd_w=o0Fg7&amp;content-id=amzn1.sym.e8b3c957-d6ff-42b1-a1ab-eb46dc87ff65&amp;pf_rd_p=e8b3c957-d6ff-42b1-a1ab-eb46dc87ff65&amp;pf_rd_r=259-6032065-5157366&amp;pd_rd_wg=9WO6U&amp;pd_rd_r=9436f824-7bdf-436f-8ef5-f8cb3828beb4&amp;ref_=aufs_ap_sc_dsk\" target=\"_blank\" rel=\"noopener\">Hier anschauen<\/a><\/p><\/div>\n\t\t\t\t<\/div>\n\t\t\t\t\t\t\t\t<\/div>\n\t\t\t\t<\/div>\n\t\t\t\t<\/div>\n\t\t\t\t<div class=\"elementor-element elementor-element-6398914 elementor-align-center elementor-widget elementor-widget-button\" data-id=\"6398914\" data-element_type=\"widget\" data-widget_type=\"button.default\">\n\t\t\t\t<div class=\"elementor-widget-container\">\n\t\t\t\t\t<div class=\"elementor-button-wrapper\">\n\t\t\t<a class=\"elementor-button elementor-button-link elementor-size-lg elementor-animation-grow\" href=\"https:\/\/www.amazon.de\/Kochen-mit-ChatGPT-Sternek%C3%BCche-Sternekoch\/dp\/B0CJ4CD8HZ\/?_encoding=UTF8&#038;pd_rd_w=o0Fg7&#038;content-id=amzn1.sym.e8b3c957-d6ff-42b1-a1ab-eb46dc87ff65&#038;pf_rd_p=e8b3c957-d6ff-42b1-a1ab-eb46dc87ff65&#038;pf_rd_r=259-6032065-5157366&#038;pd_rd_wg=9WO6U&#038;pd_rd_r=9436f824-7bdf-436f-8ef5-f8cb3828beb4&#038;ref_=aufs_ap_sc_dsk\" target=\"_blank\">\n\t\t\t\t\t\t<span class=\"elementor-button-content-wrapper\">\n\t\t\t\t\t\t\t\t\t<span class=\"elementor-button-text\">Kaufen<\/span>\n\t\t\t\t\t<\/span>\n\t\t\t\t\t<\/a>\n\t\t<\/div>\n\t\t\t\t<\/div>\n\t\t\t\t<\/div>\n\t\t\t\t<\/div>\n\t\t\t\t<\/div>\n\t\t\t\t<\/div>\n\t\t","protected":false},"excerpt":{"rendered":"<p>Kenneth Fleed Kochen mit ChatGPT &#8211; Sternek\u00fcche kann jeder Vom Anf\u00e4nger zum Sternekoch \u2013 ChatGPT macht es m\u00f6glich! Kurzbeschreibung des Buches Kochen mit ChatGPT \u2013 Sternek\u00fcche kann jederVom Anf\u00e4nger zum [&hellip;]<\/p>\n","protected":false},"author":1,"featured_media":0,"parent":0,"menu_order":0,"comment_status":"closed","ping_status":"closed","template":"","meta":{"footnotes":""},"_links":{"self":[{"href":"https:\/\/osnaplan.de\/index.php?rest_route=\/wp\/v2\/pages\/1786"}],"collection":[{"href":"https:\/\/osnaplan.de\/index.php?rest_route=\/wp\/v2\/pages"}],"about":[{"href":"https:\/\/osnaplan.de\/index.php?rest_route=\/wp\/v2\/types\/page"}],"author":[{"embeddable":true,"href":"https:\/\/osnaplan.de\/index.php?rest_route=\/wp\/v2\/users\/1"}],"replies":[{"embeddable":true,"href":"https:\/\/osnaplan.de\/index.php?rest_route=%2Fwp%2Fv2%2Fcomments&post=1786"}],"version-history":[{"count":19,"href":"https:\/\/osnaplan.de\/index.php?rest_route=\/wp\/v2\/pages\/1786\/revisions"}],"predecessor-version":[{"id":2345,"href":"https:\/\/osnaplan.de\/index.php?rest_route=\/wp\/v2\/pages\/1786\/revisions\/2345"}],"wp:attachment":[{"href":"https:\/\/osnaplan.de\/index.php?rest_route=%2Fwp%2Fv2%2Fmedia&parent=1786"}],"curies":[{"name":"wp","href":"https:\/\/api.w.org\/{rel}","templated":true}]}}