{"id":1791,"date":"2024-06-15T15:41:00","date_gmt":"2024-06-15T15:41:00","guid":{"rendered":"https:\/\/osnaplan.de\/?page_id=1791"},"modified":"2024-07-09T11:26:59","modified_gmt":"2024-07-09T11:26:59","slug":"home-office-3-0-online-geld-verdienen-ihr-weg-zu-mehr-freiheit-und-finanzieller-unabhaengigkeit-deutsch-chatgpt-bonus-inklusive-online-von-zuhause-geld-verdienen-so-einfach-wie-noch","status":"publish","type":"page","link":"https:\/\/osnaplan.de\/?page_id=1791","title":{"rendered":"Home-Office 3.0 \u2013 Online Geld verdienen &#8211; Ihr Weg zu mehr Freiheit und finanzieller Unabh\u00e4ngigkeit &#8211; Deutsch: ChatGPT Bonus inklusive &#8211; Online von Zuhause Geld verdienen &#8211; so einfach wie noch nie!"},"content":{"rendered":"\t\t<div data-elementor-type=\"wp-page\" data-elementor-id=\"1791\" class=\"elementor elementor-1791\" data-elementor-post-type=\"page\">\n\t\t\t\t<div class=\"elementor-element elementor-element-8955f64 e-con-full e-flex e-con e-parent\" data-id=\"8955f64\" data-element_type=\"container\" data-settings=\"{&quot;background_background&quot;:&quot;gradient&quot;}\">\n\t\t\t\t<div class=\"elementor-element elementor-element-a78fbc9 elementor-widget elementor-widget-image\" data-id=\"a78fbc9\" data-element_type=\"widget\" data-widget_type=\"image.default\">\n\t\t\t\t<div class=\"elementor-widget-container\">\n\t\t\t<style>\/*! elementor - v3.21.0 - 30-04-2024 *\/\n.elementor-widget-image{text-align:center}.elementor-widget-image a{display:inline-block}.elementor-widget-image a img[src$=\".svg\"]{width:48px}.elementor-widget-image img{vertical-align:middle;display:inline-block}<\/style>\t\t\t\t\t\t\t\t\t\t<img fetchpriority=\"high\" decoding=\"async\" width=\"652\" height=\"1024\" src=\"https:\/\/osnaplan.de\/wp-content\/uploads\/2024\/05\/Screenshot_130-652x1024.png\" class=\"attachment-large size-large wp-image-256\" alt=\"\" srcset=\"https:\/\/osnaplan.de\/wp-content\/uploads\/2024\/05\/Screenshot_130-652x1024.png 652w, https:\/\/osnaplan.de\/wp-content\/uploads\/2024\/05\/Screenshot_130-191x300.png 191w, https:\/\/osnaplan.de\/wp-content\/uploads\/2024\/05\/Screenshot_130.png 653w\" sizes=\"(max-width: 652px) 100vw, 652px\" \/>\t\t\t\t\t\t\t\t\t\t\t\t\t<\/div>\n\t\t\t\t<\/div>\n\t\t<div class=\"elementor-element elementor-element-7a005ea e-con-full e-flex e-con e-child\" data-id=\"7a005ea\" data-element_type=\"container\">\n\t\t\t\t<div class=\"elementor-element elementor-element-8332a2b elementor-widget elementor-widget-heading\" data-id=\"8332a2b\" data-element_type=\"widget\" data-widget_type=\"heading.default\">\n\t\t\t\t<div class=\"elementor-widget-container\">\n\t\t\t<style>\/*! elementor - v3.21.0 - 30-04-2024 *\/\n.elementor-heading-title{padding:0;margin:0;line-height:1}.elementor-widget-heading .elementor-heading-title[class*=elementor-size-]>a{color:inherit;font-size:inherit;line-height:inherit}.elementor-widget-heading .elementor-heading-title.elementor-size-small{font-size:15px}.elementor-widget-heading .elementor-heading-title.elementor-size-medium{font-size:19px}.elementor-widget-heading .elementor-heading-title.elementor-size-large{font-size:29px}.elementor-widget-heading .elementor-heading-title.elementor-size-xl{font-size:39px}.elementor-widget-heading .elementor-heading-title.elementor-size-xxl{font-size:59px}<\/style><p class=\"elementor-heading-title elementor-size-default\">Mike Prepper<\/p>\t\t<\/div>\n\t\t\t\t<\/div>\n\t\t\t\t<div class=\"elementor-element elementor-element-9b4d12c elementor-widget elementor-widget-heading\" data-id=\"9b4d12c\" data-element_type=\"widget\" data-widget_type=\"heading.default\">\n\t\t\t\t<div class=\"elementor-widget-container\">\n\t\t\t<h2 class=\"elementor-heading-title elementor-size-default\">Home-Office 3.0 \u2013 Online Geld verdienen  <br>Ihr Weg zu mehr Freiheit und finanzieller Unabh\u00e4ngigkeit <\/h2>\t\t<\/div>\n\t\t\t\t<\/div>\n\t\t\t\t<div class=\"elementor-element elementor-element-08af3a2 elementor-widget__width-initial elementor-widget elementor-widget-toggle\" data-id=\"08af3a2\" data-element_type=\"widget\" data-widget_type=\"toggle.default\">\n\t\t\t\t<div class=\"elementor-widget-container\">\n\t\t\t<style>\/*! elementor - v3.21.0 - 30-04-2024 *\/\n.elementor-toggle{text-align:start}.elementor-toggle .elementor-tab-title{font-weight:700;line-height:1;margin:0;padding:15px;border-bottom:1px solid #d5d8dc;cursor:pointer;outline:none}.elementor-toggle .elementor-tab-title .elementor-toggle-icon{display:inline-block;width:1em}.elementor-toggle .elementor-tab-title .elementor-toggle-icon svg{margin-inline-start:-5px;width:1em;height:1em}.elementor-toggle .elementor-tab-title .elementor-toggle-icon.elementor-toggle-icon-right{float:right;text-align:right}.elementor-toggle .elementor-tab-title .elementor-toggle-icon.elementor-toggle-icon-left{float:left;text-align:left}.elementor-toggle .elementor-tab-title .elementor-toggle-icon .elementor-toggle-icon-closed{display:block}.elementor-toggle .elementor-tab-title .elementor-toggle-icon .elementor-toggle-icon-opened{display:none}.elementor-toggle .elementor-tab-title.elementor-active{border-bottom:none}.elementor-toggle .elementor-tab-title.elementor-active .elementor-toggle-icon-closed{display:none}.elementor-toggle .elementor-tab-title.elementor-active .elementor-toggle-icon-opened{display:block}.elementor-toggle .elementor-tab-content{padding:15px;border-bottom:1px solid #d5d8dc;display:none}@media (max-width:767px){.elementor-toggle .elementor-tab-title{padding:12px}.elementor-toggle .elementor-tab-content{padding:12px 10px}}.e-con-inner>.elementor-widget-toggle,.e-con>.elementor-widget-toggle{width:var(--container-widget-width);--flex-grow:var(--container-widget-flex-grow)}<\/style>\t\t<div class=\"elementor-toggle\">\n\t\t\t\t\t\t\t<div class=\"elementor-toggle-item\">\n\t\t\t\t\t<h5 id=\"elementor-tab-title-9101\" class=\"elementor-tab-title\" data-tab=\"1\" role=\"button\" aria-controls=\"elementor-tab-content-9101\" aria-expanded=\"false\">\n\t\t\t\t\t\t\t\t\t\t\t\t<a class=\"elementor-toggle-title\" tabindex=\"0\">Kurzbeschreibung des Buches<\/a>\n\t\t\t\t\t<\/h5>\n\n\t\t\t\t\t<div id=\"elementor-tab-content-9101\" class=\"elementor-tab-content elementor-clearfix\" data-tab=\"1\" role=\"region\" aria-labelledby=\"elementor-tab-title-9101\"><p><span class=\"a-text-bold\">Ihr erfolgreiches Home-Office-Business &#8211; So starten Sie durch!<\/span><\/p><p>Arbeiten von Zuhause aus bietet zahlreiche Vorteile, von Flexibilit\u00e4t bis hin zur Unabh\u00e4ngigkeit. Aber wie f\u00e4ngt man damit an und wie sorgt man daf\u00fcr, dass man produktiv und erfolgreich bleibt? In diesem umfassenden Ratgeber finden Sie alles, was Sie wissen m\u00fcssen, um erfolgreich von Zuhause aus zu arbeiten. Angefangen bei den besten Jobs f\u00fcr eine lukrative Heimarbeit bis hin zu praktischen Tipps, wie Sie sich organisieren und produktiv bleiben k\u00f6nnen. Erg\u00e4nzend zu den vorgestellten M\u00f6glichkeiten finden Sie jeweils zahlreiche Weblinks zu den besten Plattformen und Ressourcen, welche Ihnen helfen werden, schnell und einfach loszulegen und erfolgreich zu sein.<\/p><p>Ein umfangreiches Bonus-Kapitel wurde der brandaktuellen Sprachrevolution ChatGPT gewidmet, einem k\u00fcnstlichen intelligenten Chatbot. Wie funktioniert ChatGPT und welche Vorteile k\u00f6nnen Sie f\u00fcr sich pers\u00f6nlich nutzen.<\/p><p><span class=\"a-text-bold\"><u>Das Ergebnis:<\/u><\/span><span class=\"a-text-bold\"><br \/>Online von Zuhause Geld verdienen war noch nie so einfach wie heute!<\/span><\/p><p>Egal ob Sie sich nebenberuflich etwas dazu verdienen m\u00f6chten, oder ob Sie vielleicht endlich Ihr eigener Chef sein wollen \u2013 wenn Sie bereit sind, den Sprung in die Welt des eigenen Home-Office-Business zu wagen, ist dies der perfekte Leitfaden, um Sie auf den richtigen Weg zum nachhaltigen Erfolg zu bringen.<\/p><p><span class=\"a-text-bold\">\u2713 20 Job Ideen f\u00fcr eine erfolgreiche Heimarbeit<\/span><\/p><p><span class=\"a-text-bold\">\u2713 Alles was Sie f\u00fcr einen einfachen Start in Ihr Business ben\u00f6tigen<\/span><\/p><p><span class=\"a-text-bold\">\u2713 Viele praktische Tipps f\u00fcr eine gute Organisation und effektive Produktivit\u00e4t<\/span><\/p><p><span class=\"a-text-bold\">\u2713 Umfangreiche Sammlung an interessanten Web-Links zu den besten Plattformen und Ressourcen<\/span><\/p><p><span class=\"a-text-bold\">\u2713 Inklusive pers\u00f6nlicher Checklisten f\u00fcr Ihre individuelle Nutzung in den gedruckten Buchausgaben<\/span><\/p><p><span class=\"a-text-bold\">\u2713 Inkl. Bonus Kapitel ChatGPT &#8211; Online von Zuhause Geld verdienen &#8211; so einfach wie noch nie!<\/span><\/p><p><span class=\"a-text-bold\">\u2713 Seien Sie jetzt einer der Ersten, die von der bahnbrechenden Erfindung der k\u00fcnstlichen Intelligenz profitieren<\/span><\/p><p><span class=\"a-text-bold\">Starten Sie mit Hilfe dieses Ratgebers noch heute Ihr eigenes Homeoffice Business und beginnen Ihren ganz pers\u00f6nlichen Weg zu mehr Freiheit, finanzieller Unabh\u00e4ngigkeit und erzielen dauerhaft ein lukratives, sicheres Einkommen!!<\/span><\/p><\/div>\n\t\t\t\t<\/div>\n\t\t\t\t\t\t\t<div class=\"elementor-toggle-item\">\n\t\t\t\t\t<h5 id=\"elementor-tab-title-9102\" class=\"elementor-tab-title\" data-tab=\"2\" role=\"button\" aria-controls=\"elementor-tab-content-9102\" aria-expanded=\"false\">\n\t\t\t\t\t\t\t\t\t\t\t\t<a class=\"elementor-toggle-title\" tabindex=\"0\">Autorenbiografie<\/a>\n\t\t\t\t\t<\/h5>\n\n\t\t\t\t\t<div id=\"elementor-tab-content-9102\" class=\"elementor-tab-content elementor-clearfix\" data-tab=\"2\" role=\"region\" aria-labelledby=\"elementor-tab-title-9102\"><p>Mike Prepper arbeitete viele Jahre als Verlagsleiter in einem kleinen Verlag, wo er schon fr\u00fch seine Leidenschaft f\u00fcr das Schreiben entdeckte und sammelte so schlie\u00dflich seine ersten Erfahrungen als Autor. Die Intention seiner Werke begr\u00fcndet darin, anderen Menschen Ideen, Hilfe und L\u00f6sungen im Alltag an die Hand zu geben, welche er auf eine zug\u00e4ngliche, f\u00fcr jeden leicht verst\u00e4ndliche Art und Weise, den Lesern vermittelt.<\/p><p>Mit seinem Ratgeber \u201eHome-Office 3.0 \u2013 Online Geld verdienen\u201c zeigt Mike Prepper sein Talent f\u00fcr eine klare und pr\u00e4zise Schreibweise. Seine Leidenschaft anderen zu helfen macht diesen Ratgeber zu einem unverzichtbaren Leitfaden f\u00fcr alle, die bereit sind beruflich neue Wege zu gehen.<\/p><p>Auch sein neues Buch &#8222;Gesetz der Anziehung&#8220;, ist eine inspirierende Begleiterin, die in Form eines anwenderfreundlichen Tagebuchs den NutzerInnen erm\u00f6glicht, ihre tiefsten W\u00fcnsche auf einzigartige Weise zu manifestieren. Dieses Tagebuch er\u00f6ffnet jedem Menschen die M\u00f6glichkeit, auf spielerische und leicht verst\u00e4ndliche Weise das Gesetz der Anziehung in ihren Alltag zu integrieren und eine kraftvolle Ver\u00e4nderung herbeizuf\u00fchren.<\/p><\/div>\n\t\t\t\t<\/div>\n\t\t\t\t\t\t\t<div class=\"elementor-toggle-item\">\n\t\t\t\t\t<h5 id=\"elementor-tab-title-9103\" class=\"elementor-tab-title\" data-tab=\"3\" role=\"button\" aria-controls=\"elementor-tab-content-9103\" aria-expanded=\"false\">\n\t\t\t\t\t\t\t\t\t\t\t\t<a class=\"elementor-toggle-title\" tabindex=\"0\">Leseprobe<\/a>\n\t\t\t\t\t<\/h5>\n\n\t\t\t\t\t<div id=\"elementor-tab-content-9103\" class=\"elementor-tab-content elementor-clearfix\" data-tab=\"3\" role=\"region\" aria-labelledby=\"elementor-tab-title-9103\"><p><a href=\"https:\/\/www.amazon.de\/Home-Office-3-0-verdienen-finanzieller-Unabh%C3%A4ngigkeit\/dp\/B0C47Q1J5F\/?_encoding=UTF8&amp;pd_rd_w=ZsN9p&amp;content-id=amzn1.sym.e8b3c957-d6ff-42b1-a1ab-eb46dc87ff65&amp;pf_rd_p=e8b3c957-d6ff-42b1-a1ab-eb46dc87ff65&amp;pf_rd_r=259-6032065-5157366&amp;pd_rd_wg=zbokx&amp;pd_rd_r=7f2e5b8b-28c5-452e-8de8-da01a6379f29&amp;ref_=aufs_ap_sc_dsk\" target=\"_blank\" rel=\"noopener\">Hier anschauen<\/a><\/p><\/div>\n\t\t\t\t<\/div>\n\t\t\t\t\t\t\t\t<\/div>\n\t\t\t\t<\/div>\n\t\t\t\t<\/div>\n\t\t\t\t<div class=\"elementor-element elementor-element-663d17e elementor-align-center elementor-widget elementor-widget-button\" data-id=\"663d17e\" data-element_type=\"widget\" data-widget_type=\"button.default\">\n\t\t\t\t<div class=\"elementor-widget-container\">\n\t\t\t\t\t<div class=\"elementor-button-wrapper\">\n\t\t\t<a class=\"elementor-button elementor-button-link elementor-size-lg elementor-animation-grow\" href=\"https:\/\/www.amazon.de\/Home-Office-3-0-verdienen-finanzieller-Unabh%C3%A4ngigkeit\/dp\/B0C47Q1J5F\/?_encoding=UTF8&#038;pd_rd_w=ZsN9p&#038;content-id=amzn1.sym.e8b3c957-d6ff-42b1-a1ab-eb46dc87ff65&#038;pf_rd_p=e8b3c957-d6ff-42b1-a1ab-eb46dc87ff65&#038;pf_rd_r=259-6032065-5157366&#038;pd_rd_wg=zbokx&#038;pd_rd_r=7f2e5b8b-28c5-452e-8de8-da01a6379f29&#038;ref_=aufs_ap_sc_dsk\" target=\"_blank\">\n\t\t\t\t\t\t<span class=\"elementor-button-content-wrapper\">\n\t\t\t\t\t\t\t\t\t<span class=\"elementor-button-text\">Kaufen<\/span>\n\t\t\t\t\t<\/span>\n\t\t\t\t\t<\/a>\n\t\t<\/div>\n\t\t\t\t<\/div>\n\t\t\t\t<\/div>\n\t\t\t\t<\/div>\n\t\t\t\t<\/div>\n\t\t\t\t<\/div>\n\t\t","protected":false},"excerpt":{"rendered":"<p>Mike Prepper Home-Office 3.0 \u2013 Online Geld verdienen Ihr Weg zu mehr Freiheit und finanzieller Unabh\u00e4ngigkeit Kurzbeschreibung des Buches Ihr erfolgreiches Home-Office-Business &#8211; So starten Sie durch! Arbeiten von Zuhause [&hellip;]<\/p>\n","protected":false},"author":1,"featured_media":0,"parent":0,"menu_order":0,"comment_status":"closed","ping_status":"closed","template":"","meta":{"footnotes":""},"_links":{"self":[{"href":"https:\/\/osnaplan.de\/index.php?rest_route=\/wp\/v2\/pages\/1791"}],"collection":[{"href":"https:\/\/osnaplan.de\/index.php?rest_route=\/wp\/v2\/pages"}],"about":[{"href":"https:\/\/osnaplan.de\/index.php?rest_route=\/wp\/v2\/types\/page"}],"author":[{"embeddable":true,"href":"https:\/\/osnaplan.de\/index.php?rest_route=\/wp\/v2\/users\/1"}],"replies":[{"embeddable":true,"href":"https:\/\/osnaplan.de\/index.php?rest_route=%2Fwp%2Fv2%2Fcomments&post=1791"}],"version-history":[{"count":25,"href":"https:\/\/osnaplan.de\/index.php?rest_route=\/wp\/v2\/pages\/1791\/revisions"}],"predecessor-version":[{"id":2342,"href":"https:\/\/osnaplan.de\/index.php?rest_route=\/wp\/v2\/pages\/1791\/revisions\/2342"}],"wp:attachment":[{"href":"https:\/\/osnaplan.de\/index.php?rest_route=%2Fwp%2Fv2%2Fmedia&parent=1791"}],"curies":[{"name":"wp","href":"https:\/\/api.w.org\/{rel}","templated":true}]}}