{"id":196,"date":"2024-05-01T16:09:55","date_gmt":"2024-05-01T16:09:55","guid":{"rendered":"https:\/\/osnaplan.de\/?page_id=196"},"modified":"2025-12-04T11:34:28","modified_gmt":"2025-12-04T11:34:28","slug":"unternehmenskommunikation","status":"publish","type":"page","link":"https:\/\/osnaplan.de\/?page_id=196","title":{"rendered":"Unternehmenskommunikation"},"content":{"rendered":"\t\t<div data-elementor-type=\"wp-page\" data-elementor-id=\"196\" class=\"elementor elementor-196\" data-elementor-post-type=\"page\">\n\t\t\t\t<div class=\"elementor-element elementor-element-0a5b80c e-flex e-con-boxed e-con e-parent\" data-id=\"0a5b80c\" data-element_type=\"container\" data-settings=\"{&quot;background_background&quot;:&quot;classic&quot;}\">\n\t\t\t\t\t<div class=\"e-con-inner\">\n\t\t\t\t<div class=\"elementor-element elementor-element-8b740a0 elementor-widget elementor-widget-heading\" data-id=\"8b740a0\" data-element_type=\"widget\" data-widget_type=\"heading.default\">\n\t\t\t\t<div class=\"elementor-widget-container\">\n\t\t\t<style>\/*! elementor - v3.21.0 - 30-04-2024 *\/\n.elementor-heading-title{padding:0;margin:0;line-height:1}.elementor-widget-heading .elementor-heading-title[class*=elementor-size-]>a{color:inherit;font-size:inherit;line-height:inherit}.elementor-widget-heading .elementor-heading-title.elementor-size-small{font-size:15px}.elementor-widget-heading .elementor-heading-title.elementor-size-medium{font-size:19px}.elementor-widget-heading .elementor-heading-title.elementor-size-large{font-size:29px}.elementor-widget-heading .elementor-heading-title.elementor-size-xl{font-size:39px}.elementor-widget-heading .elementor-heading-title.elementor-size-xxl{font-size:59px}<\/style><h1 class=\"elementor-heading-title elementor-size-default\">Stadt- und Ortspl\u00e4ne<\/h1>\t\t<\/div>\n\t\t\t\t<\/div>\n\t\t\t\t\t<\/div>\n\t\t\t\t<\/div>\n\t\t<div class=\"elementor-element elementor-element-f8ab0d5 e-flex e-con-boxed e-con e-parent\" data-id=\"f8ab0d5\" data-element_type=\"container\" data-settings=\"{&quot;background_background&quot;:&quot;classic&quot;}\">\n\t\t\t\t\t<div class=\"e-con-inner\">\n\t\t<div class=\"elementor-element elementor-element-1a412b3 e-con-full e-flex e-con e-child\" data-id=\"1a412b3\" data-element_type=\"container\">\n\t\t\t\t<div class=\"elementor-element elementor-element-194b4cc elementor-widget elementor-widget-text-editor\" data-id=\"194b4cc\" data-element_type=\"widget\" data-widget_type=\"text-editor.default\">\n\t\t\t\t<div class=\"elementor-widget-container\">\n\t\t\t<style>\/*! elementor - v3.21.0 - 30-04-2024 *\/\n.elementor-widget-text-editor.elementor-drop-cap-view-stacked .elementor-drop-cap{background-color:#69727d;color:#fff}.elementor-widget-text-editor.elementor-drop-cap-view-framed .elementor-drop-cap{color:#69727d;border:3px solid;background-color:transparent}.elementor-widget-text-editor:not(.elementor-drop-cap-view-default) .elementor-drop-cap{margin-top:8px}.elementor-widget-text-editor:not(.elementor-drop-cap-view-default) .elementor-drop-cap-letter{width:1em;height:1em}.elementor-widget-text-editor .elementor-drop-cap{float:left;text-align:center;line-height:1;font-size:50px}.elementor-widget-text-editor .elementor-drop-cap-letter{display:inline-block}<\/style>\t\t\t\t<p><strong>Stadtpl\u00e4ne mit Anzeigenwerbung<\/strong><\/p>\n<p>Neben Stadtpl\u00e4nen in neutraler Form, die unter anderem ein wichtiger Bestandteil unserer Zielgruppenpublikationen sind, erstellen wir selbstverst\u00e4ndlich auch die klassische Variante:<br \/><br \/>Den Stadtplan mit Anzeigenwerbung im Au\u00dfenbereich!<\/p>\n<p>Bei der Erstellung solcher Stadt-, Orts- oder Gemeindepl\u00e4ne legen wir besonderen Wert auf die enge Zusammenarbeit mit der jeweiligen Kommune. Aufgrund dieser engen Kooperation mit der entsprechenden Beh\u00f6rde k\u00f6nnen wir unseren Inserenten bei Neuerscheinen eines Stadtplanes eine hohe Aktualit\u00e4t der Kartographie sowie einen gut organisierten Vertrieb gew\u00e4hrleisten.<\/p>\t\t\t\t\t\t<\/div>\n\t\t\t\t<\/div>\n\t\t\t\t<\/div>\n\t\t<div class=\"elementor-element elementor-element-5917b60 e-con-full e-flex e-con e-child\" data-id=\"5917b60\" data-element_type=\"container\">\n\t\t\t\t<div class=\"elementor-element elementor-element-ac8b056 elementor-widget elementor-widget-image\" data-id=\"ac8b056\" data-element_type=\"widget\" data-widget_type=\"image.default\">\n\t\t\t\t<div class=\"elementor-widget-container\">\n\t\t\t<style>\/*! elementor - v3.21.0 - 30-04-2024 *\/\n.elementor-widget-image{text-align:center}.elementor-widget-image a{display:inline-block}.elementor-widget-image a img[src$=\".svg\"]{width:48px}.elementor-widget-image img{vertical-align:middle;display:inline-block}<\/style>\t\t\t\t\t\t\t\t\t\t<img fetchpriority=\"high\" decoding=\"async\" width=\"2085\" height=\"2560\" src=\"https:\/\/osnaplan.de\/wp-content\/uploads\/2024\/06\/Belm_Vorderseite_2022-scaled.jpg\" class=\"attachment-full size-full wp-image-1705\" alt=\"\" srcset=\"https:\/\/osnaplan.de\/wp-content\/uploads\/2024\/06\/Belm_Vorderseite_2022-scaled.jpg 2085w, https:\/\/osnaplan.de\/wp-content\/uploads\/2024\/06\/Belm_Vorderseite_2022-244x300.jpg 244w, https:\/\/osnaplan.de\/wp-content\/uploads\/2024\/06\/Belm_Vorderseite_2022-834x1024.jpg 834w, https:\/\/osnaplan.de\/wp-content\/uploads\/2024\/06\/Belm_Vorderseite_2022-768x943.jpg 768w, https:\/\/osnaplan.de\/wp-content\/uploads\/2024\/06\/Belm_Vorderseite_2022-1251x1536.jpg 1251w, https:\/\/osnaplan.de\/wp-content\/uploads\/2024\/06\/Belm_Vorderseite_2022-1668x2048.jpg 1668w\" sizes=\"(max-width: 2085px) 100vw, 2085px\" \/>\t\t\t\t\t\t\t\t\t\t\t\t\t<\/div>\n\t\t\t\t<\/div>\n\t\t\t\t<\/div>\n\t\t\t\t\t<\/div>\n\t\t\t\t<\/div>\n\t\t<div class=\"elementor-element elementor-element-13ed122 e-flex e-con-boxed e-con e-parent\" data-id=\"13ed122\" data-element_type=\"container\" data-settings=\"{&quot;background_background&quot;:&quot;classic&quot;}\">\n\t\t\t\t\t<div class=\"e-con-inner\">\n\t\t\t\t<div class=\"elementor-element elementor-element-824965c elementor-widget elementor-widget-heading\" data-id=\"824965c\" data-element_type=\"widget\" data-widget_type=\"heading.default\">\n\t\t\t\t<div class=\"elementor-widget-container\">\n\t\t\t<h1 class=\"elementor-heading-title elementor-size-default\">Beh\u00f6rdenkommunikation<\/h1>\t\t<\/div>\n\t\t\t\t<\/div>\n\t\t\t\t\t<\/div>\n\t\t\t\t<\/div>\n\t\t<div class=\"elementor-element elementor-element-34ec02df e-flex e-con-boxed e-con e-parent\" data-id=\"34ec02df\" data-element_type=\"container\" data-settings=\"{&quot;background_background&quot;:&quot;classic&quot;}\">\n\t\t\t\t\t<div class=\"e-con-inner\">\n\t\t<div class=\"elementor-element elementor-element-66fe5be6 e-con-full e-flex e-con e-child\" data-id=\"66fe5be6\" data-element_type=\"container\">\n\t\t\t\t<div class=\"elementor-element elementor-element-30cf16cc elementor-widget elementor-widget-image\" data-id=\"30cf16cc\" data-element_type=\"widget\" data-widget_type=\"image.default\">\n\t\t\t\t<div class=\"elementor-widget-container\">\n\t\t\t\t\t\t\t\t\t\t\t\t\t<img decoding=\"async\" width=\"514\" height=\"485\" src=\"https:\/\/osnaplan.de\/wp-content\/uploads\/2024\/06\/20231022_184427-removebg-preview.png\" class=\"attachment-full size-full wp-image-1357\" alt=\"\" srcset=\"https:\/\/osnaplan.de\/wp-content\/uploads\/2024\/06\/20231022_184427-removebg-preview.png 514w, https:\/\/osnaplan.de\/wp-content\/uploads\/2024\/06\/20231022_184427-removebg-preview-300x283.png 300w\" sizes=\"(max-width: 514px) 100vw, 514px\" \/>\t\t\t\t\t\t\t\t\t\t\t\t\t<\/div>\n\t\t\t\t<\/div>\n\t\t\t\t<div class=\"elementor-element elementor-element-e0d461b elementor-widget elementor-widget-image\" data-id=\"e0d461b\" data-element_type=\"widget\" data-widget_type=\"image.default\">\n\t\t\t\t<div class=\"elementor-widget-container\">\n\t\t\t\t\t\t\t\t\t\t\t\t\t<img decoding=\"async\" width=\"433\" height=\"577\" src=\"https:\/\/osnaplan.de\/wp-content\/uploads\/2024\/06\/20231022_184746-removebg-preview.png\" class=\"attachment-large size-large wp-image-1358\" alt=\"\" srcset=\"https:\/\/osnaplan.de\/wp-content\/uploads\/2024\/06\/20231022_184746-removebg-preview.png 433w, https:\/\/osnaplan.de\/wp-content\/uploads\/2024\/06\/20231022_184746-removebg-preview-225x300.png 225w\" sizes=\"(max-width: 433px) 100vw, 433px\" \/>\t\t\t\t\t\t\t\t\t\t\t\t\t<\/div>\n\t\t\t\t<\/div>\n\t\t\t\t<\/div>\n\t\t<div class=\"elementor-element elementor-element-10526999 e-con-full e-flex e-con e-child\" data-id=\"10526999\" data-element_type=\"container\" data-settings=\"{&quot;background_background&quot;:&quot;classic&quot;}\">\n\t\t\t\t<div class=\"elementor-element elementor-element-4eff9be5 elementor-widget elementor-widget-text-editor\" data-id=\"4eff9be5\" data-element_type=\"widget\" data-widget_type=\"text-editor.default\">\n\t\t\t\t<div class=\"elementor-widget-container\">\n\t\t\t\t\t\t\t<p>\u00a0<\/p><p>Neben unserem etablierten Veranstaltungskalender und unseren kartographischen Produkten stehen wir Ihnen auch gerne bei der Umsetzung Ihrer individuellen Beh\u00f6rdenpublikationen zur Seite.<\/p><p>Wir erstellen unter anderen f\u00fcr Sie:<\/p><ul><li>Imagebrosch\u00fcren<\/li><li>Neub\u00fcrgerbrosch\u00fcren<\/li><li>Zahlenspiegel<\/li><li>uvm.<\/li><\/ul><div>\u00a0<\/div><p>Unser engagiertes Team vom OsnaPlan-Verlag steht Ihnen hier jederzeit gerne zur Verf\u00fcgung. Durch unsere lokale Pr\u00e4senz sind wir flexibel und in der Lage, rasch auf die individuellen Bed\u00fcrfnisse und Anforderungen unserer Kunden einzugehen.<\/p><p>Kontaktieren Sie uns gerne \u2013 wir freuen uns auf eine erfolgreiche Zusammenarbeit!<\/p><p>\u00a0<\/p><p><strong>Beispiel:<\/strong><\/p><p><strong>Zahlenspiegel der Gemeinde Belm<\/strong><\/p><p><strong>Umfang:\u00a0 \u00a0 \u00a0 \u00a0<\/strong>24 Seiten<strong><br \/>Auflage:\u00a0\u00a0\u00a0\u00a0\u00a0\u00a0\u00a0 <\/strong>10.000 Exemplare<br \/><strong>Format:\u00a0\u00a0\u00a0\u00a0\u00a0\u00a0\u00a0\u00a0 <\/strong>10,5 x 21 cm<br \/><strong>Druck:\u00a0\u00a0\u00a0\u00a0\u00a0\u00a0\u00a0\u00a0\u00a0\u00a0 <\/strong>1-farbig, Umschlag 4-farbig<\/p>\t\t\t\t\t\t<\/div>\n\t\t\t\t<\/div>\n\t\t\t\t<\/div>\n\t\t\t\t\t<\/div>\n\t\t\t\t<\/div>\n\t\t<div class=\"elementor-element elementor-element-39246ff e-flex e-con-boxed e-con e-parent\" data-id=\"39246ff\" data-element_type=\"container\" data-settings=\"{&quot;background_background&quot;:&quot;classic&quot;}\">\n\t\t\t\t\t<div class=\"e-con-inner\">\n\t\t\t\t<div class=\"elementor-element elementor-element-3c41231 elementor-widget elementor-widget-heading\" data-id=\"3c41231\" data-element_type=\"widget\" data-widget_type=\"heading.default\">\n\t\t\t\t<div class=\"elementor-widget-container\">\n\t\t\t<h1 class=\"elementor-heading-title elementor-size-default\">Individuelle Unternehmenspublikationen <\/h1>\t\t<\/div>\n\t\t\t\t<\/div>\n\t\t\t\t\t<\/div>\n\t\t\t\t<\/div>\n\t\t<div class=\"elementor-element elementor-element-b2ffc93 e-flex e-con-boxed e-con e-parent\" data-id=\"b2ffc93\" data-element_type=\"container\" data-settings=\"{&quot;background_background&quot;:&quot;classic&quot;}\">\n\t\t\t\t\t<div class=\"e-con-inner\">\n\t\t\t\t<div class=\"elementor-element elementor-element-8f952b1 elementor-widget elementor-widget-spacer\" data-id=\"8f952b1\" data-element_type=\"widget\" data-widget_type=\"spacer.default\">\n\t\t\t\t<div class=\"elementor-widget-container\">\n\t\t\t<style>\/*! elementor - v3.21.0 - 30-04-2024 *\/\n.elementor-column .elementor-spacer-inner{height:var(--spacer-size)}.e-con{--container-widget-width:100%}.e-con-inner>.elementor-widget-spacer,.e-con>.elementor-widget-spacer{width:var(--container-widget-width,var(--spacer-size));--align-self:var(--container-widget-align-self,initial);--flex-shrink:0}.e-con-inner>.elementor-widget-spacer>.elementor-widget-container,.e-con>.elementor-widget-spacer>.elementor-widget-container{height:100%;width:100%}.e-con-inner>.elementor-widget-spacer>.elementor-widget-container>.elementor-spacer,.e-con>.elementor-widget-spacer>.elementor-widget-container>.elementor-spacer{height:100%}.e-con-inner>.elementor-widget-spacer>.elementor-widget-container>.elementor-spacer>.elementor-spacer-inner,.e-con>.elementor-widget-spacer>.elementor-widget-container>.elementor-spacer>.elementor-spacer-inner{height:var(--container-widget-height,var(--spacer-size))}.e-con-inner>.elementor-widget-spacer.elementor-widget-empty,.e-con>.elementor-widget-spacer.elementor-widget-empty{position:relative;min-height:22px;min-width:22px}.e-con-inner>.elementor-widget-spacer.elementor-widget-empty .elementor-widget-empty-icon,.e-con>.elementor-widget-spacer.elementor-widget-empty .elementor-widget-empty-icon{position:absolute;top:0;bottom:0;left:0;right:0;margin:auto;padding:0;width:22px;height:22px}<\/style>\t\t<div class=\"elementor-spacer\">\n\t\t\t<div class=\"elementor-spacer-inner\"><\/div>\n\t\t<\/div>\n\t\t\t\t<\/div>\n\t\t\t\t<\/div>\n\t\t\t\t<div class=\"elementor-element elementor-element-7a08cee elementor-widget elementor-widget-text-editor\" data-id=\"7a08cee\" data-element_type=\"widget\" data-widget_type=\"text-editor.default\">\n\t\t\t\t<div class=\"elementor-widget-container\">\n\t\t\t\t\t\t\t<p>Unsere Verlagst\u00e4tigkeit beschr\u00e4nkt sich nicht nur auf die Herausgabe eigener Publikationen, gerne erstellen wir im Kundenauftrag auch Ihre eigenen Projekte. Dies k\u00f6nnen sowohl werbungsfreie Publikationen sein, sowie auch Publikationen mit Anzeigenwerbung anderer Unternehmen. Hierbei bietet sich dem Auftraggeber die M\u00f6glichkeit, z.B. Kunden in Form von Referenzen oder wichtige Lieferanten beispielsweise in einer geplanten Imagebrosch\u00fcre pr\u00e4sentieren zu k\u00f6nnen.<\/p><p>Auf Wunsch f\u00fchren wir in Zusammenarbeit mit dem Auftraggeber die Anzeigenakquisition professionell und seri\u00f6s durch unser Haus aus.<br \/>Vorteile wie die Gesamtabwicklung des Projektes aus einer Hand sowie eine Verringerung der Herstellungskosten f\u00fcr den Auftraggeber sind hierbei klar ersichtlich.<\/p><p>Im Folgenden haben wir f\u00fcr Sie einige Auftragsarbeiten ausgew\u00e4hlt, an Hand derer Sie sich von der professionellen Umsetzung dieser Projekte ein Bild machen k\u00f6nnen.<\/p>\t\t\t\t\t\t<\/div>\n\t\t\t\t<\/div>\n\t\t\t\t\t<\/div>\n\t\t\t\t<\/div>\n\t\t<div class=\"elementor-element elementor-element-e15b0ee e-grid e-con-boxed e-con e-parent\" data-id=\"e15b0ee\" data-element_type=\"container\" data-settings=\"{&quot;background_background&quot;:&quot;classic&quot;}\">\n\t\t\t\t\t<div class=\"e-con-inner\">\n\t\t\t\t<div class=\"elementor-element elementor-element-706c8ea elementor-widget elementor-widget-image\" data-id=\"706c8ea\" data-element_type=\"widget\" data-widget_type=\"image.default\">\n\t\t\t\t<div class=\"elementor-widget-container\">\n\t\t\t\t\t\t\t\t\t\t\t\t\t<img loading=\"lazy\" decoding=\"async\" width=\"1311\" height=\"1137\" src=\"https:\/\/osnaplan.de\/wp-content\/uploads\/2025\/12\/Automuseum-2025.gif\" class=\"attachment-full size-full wp-image-3440\" alt=\"\" \/>\t\t\t\t\t\t\t\t\t\t\t\t\t<\/div>\n\t\t\t\t<\/div>\n\t\t\t\t<div class=\"elementor-element elementor-element-eee93ee elementor-widget elementor-widget-image\" data-id=\"eee93ee\" data-element_type=\"widget\" data-widget_type=\"image.default\">\n\t\t\t\t<div class=\"elementor-widget-container\">\n\t\t\t\t\t\t\t\t\t\t\t\t\t<img loading=\"lazy\" decoding=\"async\" width=\"504\" height=\"495\" src=\"https:\/\/osnaplan.de\/wp-content\/uploads\/2024\/06\/20231022_184338-removebg-preview.png\" class=\"attachment-large size-large wp-image-1379\" alt=\"\" srcset=\"https:\/\/osnaplan.de\/wp-content\/uploads\/2024\/06\/20231022_184338-removebg-preview.png 504w, https:\/\/osnaplan.de\/wp-content\/uploads\/2024\/06\/20231022_184338-removebg-preview-300x295.png 300w\" sizes=\"(max-width: 504px) 100vw, 504px\" \/>\t\t\t\t\t\t\t\t\t\t\t\t\t<\/div>\n\t\t\t\t<\/div>\n\t\t\t\t\t<\/div>\n\t\t\t\t<\/div>\n\t\t<div class=\"elementor-element elementor-element-b3f6e89 e-grid e-con-boxed e-con e-parent\" data-id=\"b3f6e89\" data-element_type=\"container\" data-settings=\"{&quot;background_background&quot;:&quot;classic&quot;}\">\n\t\t\t\t\t<div class=\"e-con-inner\">\n\t\t\t\t<div class=\"elementor-element elementor-element-4062db4 elementor-widget__width-initial elementor-widget elementor-widget-text-editor\" data-id=\"4062db4\" data-element_type=\"widget\" data-widget_type=\"text-editor.default\">\n\t\t\t\t<div class=\"elementor-widget-container\">\n\t\t\t\t\t\t\t<p><strong>Imagebrosch\u00fcre Automuseum Melle Neuerscheinung 2025<br \/><\/strong><\/p><p><strong>Umfang<\/strong>:\u00a0 \u00a0 \u00a0 \u00a0 \u00a0 \u00a054 Seiten<br \/><strong>Auflage:\u00a0 \u00a0 \u00a0 \u00a0 \u00a0 \u00a0<\/strong>5.000 St\u00fcck<br \/><strong>Format:\u00a0 \u00a0 \u00a0 \u00a0 \u00a0 \u00a0 <\/strong>11,5 x 21 cm<br \/><strong>Druck:\u00a0 \u00a0 \u00a0 \u00a0 \u00a0 \u00a0 \u00a0 <\/strong>4-farbig<\/p>\t\t\t\t\t\t<\/div>\n\t\t\t\t<\/div>\n\t\t\t\t<div class=\"elementor-element elementor-element-cf7de57 elementor-widget__width-initial elementor-widget elementor-widget-text-editor\" data-id=\"cf7de57\" data-element_type=\"widget\" data-widget_type=\"text-editor.default\">\n\t\t\t\t<div class=\"elementor-widget-container\">\n\t\t\t\t\t\t\t<p><br \/><strong>\u00c4rzteverzeichnis IKK Niedersachsen<\/strong><br \/><strong>Regionaldirektion Osnabr\u00fcck-Emsland<\/strong><\/p><p><strong>Umfang:\u00a0 \u00a0 \u00a0 \u00a0 \u00a0 <\/strong>64 Seiten<br \/><strong>Auflage:\u00a0 \u00a0 \u00a0 \u00a0 \u00a0 \u00a0<\/strong>10.000 St\u00fcck<br \/><strong>Format:\u00a0 \u00a0 \u00a0 \u00a0 \u00a0 \u00a0 <\/strong>10,5 x 21 cm<br \/><strong>Druck:\u00a0 \u00a0 \u00a0 \u00a0 \u00a0 \u00a0 \u00a0 <\/strong>4-farbig<\/p>\t\t\t\t\t\t<\/div>\n\t\t\t\t<\/div>\n\t\t\t\t<div class=\"elementor-element elementor-element-9a7c65c elementor-widget elementor-widget-spacer\" data-id=\"9a7c65c\" data-element_type=\"widget\" data-widget_type=\"spacer.default\">\n\t\t\t\t<div class=\"elementor-widget-container\">\n\t\t\t\t\t<div class=\"elementor-spacer\">\n\t\t\t<div class=\"elementor-spacer-inner\"><\/div>\n\t\t<\/div>\n\t\t\t\t<\/div>\n\t\t\t\t<\/div>\n\t\t\t\t\t<\/div>\n\t\t\t\t<\/div>\n\t\t\t\t<\/div>\n\t\t","protected":false},"excerpt":{"rendered":"<p>Stadt- und Ortspl\u00e4ne Stadtpl\u00e4ne mit Anzeigenwerbung Neben Stadtpl\u00e4nen in neutraler Form, die unter anderem ein wichtiger Bestandteil unserer Zielgruppenpublikationen sind, erstellen wir selbstverst\u00e4ndlich auch die klassische Variante: Den Stadtplan mit [&hellip;]<\/p>\n","protected":false},"author":1,"featured_media":0,"parent":0,"menu_order":0,"comment_status":"closed","ping_status":"closed","template":"","meta":{"footnotes":""},"_links":{"self":[{"href":"https:\/\/osnaplan.de\/index.php?rest_route=\/wp\/v2\/pages\/196"}],"collection":[{"href":"https:\/\/osnaplan.de\/index.php?rest_route=\/wp\/v2\/pages"}],"about":[{"href":"https:\/\/osnaplan.de\/index.php?rest_route=\/wp\/v2\/types\/page"}],"author":[{"embeddable":true,"href":"https:\/\/osnaplan.de\/index.php?rest_route=\/wp\/v2\/users\/1"}],"replies":[{"embeddable":true,"href":"https:\/\/osnaplan.de\/index.php?rest_route=%2Fwp%2Fv2%2Fcomments&post=196"}],"version-history":[{"count":205,"href":"https:\/\/osnaplan.de\/index.php?rest_route=\/wp\/v2\/pages\/196\/revisions"}],"predecessor-version":[{"id":3475,"href":"https:\/\/osnaplan.de\/index.php?rest_route=\/wp\/v2\/pages\/196\/revisions\/3475"}],"wp:attachment":[{"href":"https:\/\/osnaplan.de\/index.php?rest_route=%2Fwp%2Fv2%2Fmedia&parent=196"}],"curies":[{"name":"wp","href":"https:\/\/api.w.org\/{rel}","templated":true}]}}