{"id":208,"date":"2024-05-05T17:54:44","date_gmt":"2024-05-05T17:54:44","guid":{"rendered":"https:\/\/osnaplan.de\/?page_id=208"},"modified":"2024-07-14T14:46:53","modified_gmt":"2024-07-14T14:46:53","slug":"buch-autorenbereich","status":"publish","type":"page","link":"https:\/\/osnaplan.de\/?page_id=208","title":{"rendered":"Buch &amp; Autorenbereich"},"content":{"rendered":"\t\t<div data-elementor-type=\"wp-page\" data-elementor-id=\"208\" class=\"elementor elementor-208\" data-elementor-post-type=\"page\">\n\t\t\t\t<div class=\"elementor-element elementor-element-35df322 e-flex e-con-boxed e-con e-parent\" data-id=\"35df322\" data-element_type=\"container\" data-settings=\"{&quot;background_background&quot;:&quot;classic&quot;}\">\n\t\t\t\t\t<div class=\"e-con-inner\">\n\t\t\t\t<div class=\"elementor-element elementor-element-a3324ba elementor-widget__width-initial elementor-widget elementor-widget-heading\" data-id=\"a3324ba\" data-element_type=\"widget\" data-widget_type=\"heading.default\">\n\t\t\t\t<div class=\"elementor-widget-container\">\n\t\t\t<style>\/*! elementor - v3.21.0 - 30-04-2024 *\/\n.elementor-heading-title{padding:0;margin:0;line-height:1}.elementor-widget-heading .elementor-heading-title[class*=elementor-size-]>a{color:inherit;font-size:inherit;line-height:inherit}.elementor-widget-heading .elementor-heading-title.elementor-size-small{font-size:15px}.elementor-widget-heading .elementor-heading-title.elementor-size-medium{font-size:19px}.elementor-widget-heading .elementor-heading-title.elementor-size-large{font-size:29px}.elementor-widget-heading .elementor-heading-title.elementor-size-xl{font-size:39px}.elementor-widget-heading .elementor-heading-title.elementor-size-xxl{font-size:59px}<\/style><h1 class=\"elementor-heading-title elementor-size-default\">Willkommen in unserer B\u00fccherecke, <br>\nwo Literatur lebendig wird!<\/h1>\t\t<\/div>\n\t\t\t\t<\/div>\n\t\t\t\t<div class=\"elementor-element elementor-element-f84268d elementor-widget elementor-widget-text-editor\" data-id=\"f84268d\" data-element_type=\"widget\" data-widget_type=\"text-editor.default\">\n\t\t\t\t<div class=\"elementor-widget-container\">\n\t\t\t<style>\/*! elementor - v3.21.0 - 30-04-2024 *\/\n.elementor-widget-text-editor.elementor-drop-cap-view-stacked .elementor-drop-cap{background-color:#69727d;color:#fff}.elementor-widget-text-editor.elementor-drop-cap-view-framed .elementor-drop-cap{color:#69727d;border:3px solid;background-color:transparent}.elementor-widget-text-editor:not(.elementor-drop-cap-view-default) .elementor-drop-cap{margin-top:8px}.elementor-widget-text-editor:not(.elementor-drop-cap-view-default) .elementor-drop-cap-letter{width:1em;height:1em}.elementor-widget-text-editor .elementor-drop-cap{float:left;text-align:center;line-height:1;font-size:50px}.elementor-widget-text-editor .elementor-drop-cap-letter{display:inline-block}<\/style>\t\t\t\t<p>Hier pr\u00e4sentieren wir Ihnen stolz die neuesten Werke unserer betreuten Autoren. Tauchen Sie ein in eine Welt voller Geschichten, Charaktere und Emotionen, die nur darauf warten, von Ihnen entdeckt zu werden. Durchst\u00f6bern Sie unsere sorgf\u00e4ltig kuratierte Auswahl und lassen Sie sich von den vielf\u00e4ltigen Genres und Erz\u00e4hlungen inspirieren. Jedes Buch erz\u00e4hlt seine eigene Geschichte, und wir laden Sie herzlich ein, Teil dieser Geschichten zu werden.<br \/>Viel Vergn\u00fcgen beim St\u00f6bern!<\/p>\t\t\t\t\t\t<\/div>\n\t\t\t\t<\/div>\n\t\t\t\t\t<\/div>\n\t\t\t\t<\/div>\n\t\t<div class=\"elementor-element elementor-element-a0a04a1 e-con-full e-flex e-con e-parent\" data-id=\"a0a04a1\" data-element_type=\"container\" data-settings=\"{&quot;background_background&quot;:&quot;classic&quot;}\">\n\t\t<div class=\"elementor-element elementor-element-4bb40de e-flex e-con-boxed e-con e-child\" data-id=\"4bb40de\" data-element_type=\"container\">\n\t\t\t\t\t<div class=\"e-con-inner\">\n\t\t\t\t<div class=\"elementor-element elementor-element-892284c elementor-widget elementor-widget-heading\" data-id=\"892284c\" data-element_type=\"widget\" data-widget_type=\"heading.default\">\n\t\t\t\t<div class=\"elementor-widget-container\">\n\t\t\t<h2 class=\"elementor-heading-title elementor-size-default\"><strong>Unsere Autoren<\/strong><\/h2>\t\t<\/div>\n\t\t\t\t<\/div>\n\t\t\t\t<div class=\"elementor-element elementor-element-1572f96 elementor-widget elementor-widget-spacer\" data-id=\"1572f96\" data-element_type=\"widget\" data-widget_type=\"spacer.default\">\n\t\t\t\t<div class=\"elementor-widget-container\">\n\t\t\t<style>\/*! elementor - v3.21.0 - 30-04-2024 *\/\n.elementor-column .elementor-spacer-inner{height:var(--spacer-size)}.e-con{--container-widget-width:100%}.e-con-inner>.elementor-widget-spacer,.e-con>.elementor-widget-spacer{width:var(--container-widget-width,var(--spacer-size));--align-self:var(--container-widget-align-self,initial);--flex-shrink:0}.e-con-inner>.elementor-widget-spacer>.elementor-widget-container,.e-con>.elementor-widget-spacer>.elementor-widget-container{height:100%;width:100%}.e-con-inner>.elementor-widget-spacer>.elementor-widget-container>.elementor-spacer,.e-con>.elementor-widget-spacer>.elementor-widget-container>.elementor-spacer{height:100%}.e-con-inner>.elementor-widget-spacer>.elementor-widget-container>.elementor-spacer>.elementor-spacer-inner,.e-con>.elementor-widget-spacer>.elementor-widget-container>.elementor-spacer>.elementor-spacer-inner{height:var(--container-widget-height,var(--spacer-size))}.e-con-inner>.elementor-widget-spacer.elementor-widget-empty,.e-con>.elementor-widget-spacer.elementor-widget-empty{position:relative;min-height:22px;min-width:22px}.e-con-inner>.elementor-widget-spacer.elementor-widget-empty .elementor-widget-empty-icon,.e-con>.elementor-widget-spacer.elementor-widget-empty .elementor-widget-empty-icon{position:absolute;top:0;bottom:0;left:0;right:0;margin:auto;padding:0;width:22px;height:22px}<\/style>\t\t<div class=\"elementor-spacer\">\n\t\t\t<div class=\"elementor-spacer-inner\"><\/div>\n\t\t<\/div>\n\t\t\t\t<\/div>\n\t\t\t\t<\/div>\n\t\t<div class=\"elementor-element elementor-element-0e3c5d9 e-grid e-con-boxed e-con e-child\" data-id=\"0e3c5d9\" data-element_type=\"container\">\n\t\t\t\t\t<div class=\"e-con-inner\">\n\t\t\t\t<div class=\"elementor-element elementor-element-b496e66 elementor-widget elementor-widget-text-editor\" data-id=\"b496e66\" data-element_type=\"widget\" data-widget_type=\"text-editor.default\">\n\t\t\t\t<div class=\"elementor-widget-container\">\n\t\t\t\t\t\t\t<p><strong>Kenneth Fleed<\/strong><\/p><p>Kenneth Fleed ist kein ausgewiesener Experte auf dem Gebiet von k\u00fcnstlicher Intelligenz, aber seine intensive Auseinandersetzung mit ChatGPT hat ihn zu einem wahren Insider gemacht. Als passionierter Anwender und Liebhaber von technologischen Innovationen hat Kenneth Fleed viel Zeit und Energie investiert, um ChatGPT zu verstehen und seine Funktionsweise zu ergr\u00fcnden. Neben seinem ersten Buch \u201eChatGPT \u2013 K\u00fcnstliche Intelligenz \u2013 Revolution im Beruf\u201c in welchem er erfolgreich seine pers\u00f6nlichen Erfahrungen und Erkenntnisse \u00fcber ChatGPT im modernen Berufsleben aufzeigt, ist jetzt sein brandneues zweites Buch erschienen \u201eKochen mit ChatGPT \u2013 Sternek\u00fcche kann jeder\u201c.<\/p><p>Egal, ob Sie ein Anf\u00e4nger in der K\u00fcche sind oder bereits Erfahrung haben \u2013 in diesem Kochbuch erfahren Sie, wie Sie spielend leicht zu einem wahren Meister der Kulinarik werden. Von kreativen Rezepten f\u00fcr Anf\u00e4nger bis hin zu anspruchsvollen Gourmet-Spezialit\u00e4ten, unsere umfangreiche Sammlung l\u00e4sst keine W\u00fcnsche offen. Mit ChatGPT als pers\u00f6nlichem K\u00fcchenassistenten werden Sie Schritt f\u00fcr Schritt zum Meisterkoch.<\/p><p>Kenneth Fleeds fundierte Recherche, gepaart mit seinem Enthusiasmus und seinen praktischen Erfahrungen, machen seine B\u00fccher zur unverzichtbaren Lekt\u00fcre.<\/p>\t\t\t\t\t\t<\/div>\n\t\t\t\t<\/div>\n\t\t\t\t<div class=\"elementor-element elementor-element-ee5e92a elementor-widget elementor-widget-text-editor\" data-id=\"ee5e92a\" data-element_type=\"widget\" data-widget_type=\"text-editor.default\">\n\t\t\t\t<div class=\"elementor-widget-container\">\n\t\t\t\t\t\t\t<p><strong>Mike Prepper<\/strong><\/p><p>Mike Prepper arbeitete viele Jahre als Verlagsleiter in einem kleinen Verlag, wo er schon fr\u00fch seine Leidenschaft f\u00fcr das Schreiben entdeckte und sammelte so schlie\u00dflich seine ersten Erfahrungen als Autor. Die Intention seiner Werke begr\u00fcndet darin, anderen Menschen Ideen, Hilfe und L\u00f6sungen im Alltag an die Hand zu geben, welche er auf eine zug\u00e4ngliche, f\u00fcr jeden leicht verst\u00e4ndliche Art und Weise, den Lesern vermittelt.<\/p><p>Mit seinem Ratgeber \u201eHome-Office 3.0 \u2013 Online Geld verdienen\u201c zeigt Mike Prepper sein Talent f\u00fcr eine klare und pr\u00e4zise Schreibweise. Seine Leidenschaft anderen zu helfen macht diesen Ratgeber zu einem unverzichtbaren Leitfaden f\u00fcr alle, die bereit sind beruflich neue Wege zu gehen.<\/p><p>Auch sein neues Buch &#8222;Gesetz der Anziehung&#8220;, ist eine inspirierende Begleiterin, die in Form eines anwenderfreundlichen Tagebuchs den NutzerInnen erm\u00f6glicht, ihre tiefsten W\u00fcnsche auf einzigartige Weise zu manifestieren. Dieses Tagebuch er\u00f6ffnet jedem Menschen die M\u00f6glichkeit, auf spielerische und leicht verst\u00e4ndliche Weise das Gesetz der Anziehung in ihren Alltag zu integrieren und eine kraftvolle Ver\u00e4nderung herbeizuf\u00fchren.<\/p>\t\t\t\t\t\t<\/div>\n\t\t\t\t<\/div>\n\t\t\t\t\t<\/div>\n\t\t\t\t<\/div>\n\t\t\t\t\t<\/div>\n\t\t\t\t<\/div>\n\t\t\t\t<\/div>\n\t\t<div class=\"elementor-element elementor-element-a30521f e-flex e-con-boxed e-con e-parent\" data-id=\"a30521f\" data-element_type=\"container\" data-settings=\"{&quot;background_background&quot;:&quot;classic&quot;}\">\n\t\t\t\t\t<div class=\"e-con-inner\">\n\t\t\t\t<div class=\"elementor-element elementor-element-0326017 elementor-widget elementor-widget-text-editor\" data-id=\"0326017\" data-element_type=\"widget\" data-widget_type=\"text-editor.default\">\n\t\t\t\t<div class=\"elementor-widget-container\">\n\t\t\t\t\t\t\t<p><strong>F\u00fcr weitere Informationen zu den einzelnen B\u00fcchern klicken Sie gerne auf das jeweilige Buch!<\/strong><\/p>\t\t\t\t\t\t<\/div>\n\t\t\t\t<\/div>\n\t\t\t\t\t<\/div>\n\t\t\t\t<\/div>\n\t\t<div class=\"elementor-element elementor-element-4806ce1 e-grid e-con-boxed e-con e-parent\" data-id=\"4806ce1\" data-element_type=\"container\" data-settings=\"{&quot;background_background&quot;:&quot;classic&quot;}\">\n\t\t\t\t\t<div class=\"e-con-inner\">\n\t\t\t\t<div class=\"elementor-element elementor-element-f48f69d elementor-widget elementor-widget-image\" data-id=\"f48f69d\" data-element_type=\"widget\" data-widget_type=\"image.default\">\n\t\t\t\t<div class=\"elementor-widget-container\">\n\t\t\t<style>\/*! elementor - v3.21.0 - 30-04-2024 *\/\n.elementor-widget-image{text-align:center}.elementor-widget-image a{display:inline-block}.elementor-widget-image a img[src$=\".svg\"]{width:48px}.elementor-widget-image img{vertical-align:middle;display:inline-block}<\/style>\t\t\t\t\t\t\t\t\t\t\t<a href=\"https:\/\/osnaplan.de\/?page_id=318\">\n\t\t\t\t\t\t\t<img fetchpriority=\"high\" decoding=\"async\" width=\"640\" height=\"1024\" src=\"https:\/\/osnaplan.de\/wp-content\/uploads\/2024\/06\/ChatGPT_D-640x1024.jpg\" class=\"attachment-large size-large wp-image-1882\" alt=\"\" srcset=\"https:\/\/osnaplan.de\/wp-content\/uploads\/2024\/06\/ChatGPT_D-640x1024.jpg 640w, https:\/\/osnaplan.de\/wp-content\/uploads\/2024\/06\/ChatGPT_D-188x300.jpg 188w, https:\/\/osnaplan.de\/wp-content\/uploads\/2024\/06\/ChatGPT_D-768x1229.jpg 768w, https:\/\/osnaplan.de\/wp-content\/uploads\/2024\/06\/ChatGPT_D-960x1536.jpg 960w, https:\/\/osnaplan.de\/wp-content\/uploads\/2024\/06\/ChatGPT_D-1280x2048.jpg 1280w, https:\/\/osnaplan.de\/wp-content\/uploads\/2024\/06\/ChatGPT_D.jpg 1500w\" sizes=\"(max-width: 640px) 100vw, 640px\" \/>\t\t\t\t\t\t\t\t<\/a>\n\t\t\t\t\t\t\t\t\t\t\t\t\t<\/div>\n\t\t\t\t<\/div>\n\t\t\t\t<div class=\"elementor-element elementor-element-9682487 elementor-widget elementor-widget-image\" data-id=\"9682487\" data-element_type=\"widget\" data-widget_type=\"image.default\">\n\t\t\t\t<div class=\"elementor-widget-container\">\n\t\t\t\t\t\t\t\t\t\t\t\t\t\t<a href=\"https:\/\/osnaplan.de\/?page_id=1778\">\n\t\t\t\t\t\t\t<img decoding=\"async\" width=\"640\" height=\"1024\" src=\"https:\/\/osnaplan.de\/wp-content\/uploads\/2024\/06\/ChatGPT_E-640x1024.jpg\" class=\"attachment-large size-large wp-image-1883\" alt=\"\" srcset=\"https:\/\/osnaplan.de\/wp-content\/uploads\/2024\/06\/ChatGPT_E-640x1024.jpg 640w, https:\/\/osnaplan.de\/wp-content\/uploads\/2024\/06\/ChatGPT_E-188x300.jpg 188w, https:\/\/osnaplan.de\/wp-content\/uploads\/2024\/06\/ChatGPT_E-768x1229.jpg 768w, https:\/\/osnaplan.de\/wp-content\/uploads\/2024\/06\/ChatGPT_E-960x1536.jpg 960w, https:\/\/osnaplan.de\/wp-content\/uploads\/2024\/06\/ChatGPT_E-1280x2048.jpg 1280w, https:\/\/osnaplan.de\/wp-content\/uploads\/2024\/06\/ChatGPT_E.jpg 1500w\" sizes=\"(max-width: 640px) 100vw, 640px\" \/>\t\t\t\t\t\t\t\t<\/a>\n\t\t\t\t\t\t\t\t\t\t\t\t\t<\/div>\n\t\t\t\t<\/div>\n\t\t\t\t<div class=\"elementor-element elementor-element-0bc2bb4 elementor-widget elementor-widget-image\" data-id=\"0bc2bb4\" data-element_type=\"widget\" data-widget_type=\"image.default\">\n\t\t\t\t<div class=\"elementor-widget-container\">\n\t\t\t\t\t\t\t\t\t\t\t\t\t\t<a href=\"https:\/\/osnaplan.de\/?page_id=1791\">\n\t\t\t\t\t\t\t<img decoding=\"async\" width=\"640\" height=\"1024\" src=\"https:\/\/osnaplan.de\/wp-content\/uploads\/2024\/06\/Home-Office_D-640x1024.jpg\" class=\"attachment-large size-large wp-image-1884\" alt=\"\" srcset=\"https:\/\/osnaplan.de\/wp-content\/uploads\/2024\/06\/Home-Office_D-640x1024.jpg 640w, https:\/\/osnaplan.de\/wp-content\/uploads\/2024\/06\/Home-Office_D-188x300.jpg 188w, https:\/\/osnaplan.de\/wp-content\/uploads\/2024\/06\/Home-Office_D-768x1229.jpg 768w, https:\/\/osnaplan.de\/wp-content\/uploads\/2024\/06\/Home-Office_D-960x1536.jpg 960w, https:\/\/osnaplan.de\/wp-content\/uploads\/2024\/06\/Home-Office_D-1280x2048.jpg 1280w, https:\/\/osnaplan.de\/wp-content\/uploads\/2024\/06\/Home-Office_D.jpg 1500w\" sizes=\"(max-width: 640px) 100vw, 640px\" \/>\t\t\t\t\t\t\t\t<\/a>\n\t\t\t\t\t\t\t\t\t\t\t\t\t<\/div>\n\t\t\t\t<\/div>\n\t\t\t\t<div class=\"elementor-element elementor-element-f9837aa elementor-widget elementor-widget-image\" data-id=\"f9837aa\" data-element_type=\"widget\" data-widget_type=\"image.default\">\n\t\t\t\t<div class=\"elementor-widget-container\">\n\t\t\t\t\t\t\t\t\t\t\t\t\t\t<a href=\"https:\/\/osnaplan.de\/?page_id=1796\">\n\t\t\t\t\t\t\t<img loading=\"lazy\" decoding=\"async\" width=\"640\" height=\"1024\" src=\"https:\/\/osnaplan.de\/wp-content\/uploads\/2024\/06\/Home-Office_E-640x1024.jpg\" class=\"attachment-large size-large wp-image-1885\" alt=\"\" srcset=\"https:\/\/osnaplan.de\/wp-content\/uploads\/2024\/06\/Home-Office_E-640x1024.jpg 640w, https:\/\/osnaplan.de\/wp-content\/uploads\/2024\/06\/Home-Office_E-188x300.jpg 188w, https:\/\/osnaplan.de\/wp-content\/uploads\/2024\/06\/Home-Office_E-768x1229.jpg 768w, https:\/\/osnaplan.de\/wp-content\/uploads\/2024\/06\/Home-Office_E-960x1536.jpg 960w, https:\/\/osnaplan.de\/wp-content\/uploads\/2024\/06\/Home-Office_E-1280x2048.jpg 1280w, https:\/\/osnaplan.de\/wp-content\/uploads\/2024\/06\/Home-Office_E.jpg 1500w\" sizes=\"(max-width: 640px) 100vw, 640px\" \/>\t\t\t\t\t\t\t\t<\/a>\n\t\t\t\t\t\t\t\t\t\t\t\t\t<\/div>\n\t\t\t\t<\/div>\n\t\t\t\t<div class=\"elementor-element elementor-element-e79b652 elementor-widget elementor-widget-image\" data-id=\"e79b652\" data-element_type=\"widget\" data-widget_type=\"image.default\">\n\t\t\t\t<div class=\"elementor-widget-container\">\n\t\t\t\t\t\t\t\t\t\t\t\t\t\t<a href=\"https:\/\/osnaplan.de\/?page_id=1786\">\n\t\t\t\t\t\t\t<img loading=\"lazy\" decoding=\"async\" width=\"640\" height=\"1024\" src=\"https:\/\/osnaplan.de\/wp-content\/uploads\/2024\/06\/Kochen-mit-ChatGPT_D-640x1024.jpg\" class=\"attachment-large size-large wp-image-1886\" alt=\"\" srcset=\"https:\/\/osnaplan.de\/wp-content\/uploads\/2024\/06\/Kochen-mit-ChatGPT_D-640x1024.jpg 640w, https:\/\/osnaplan.de\/wp-content\/uploads\/2024\/06\/Kochen-mit-ChatGPT_D-188x300.jpg 188w, https:\/\/osnaplan.de\/wp-content\/uploads\/2024\/06\/Kochen-mit-ChatGPT_D-768x1229.jpg 768w, https:\/\/osnaplan.de\/wp-content\/uploads\/2024\/06\/Kochen-mit-ChatGPT_D-960x1536.jpg 960w, https:\/\/osnaplan.de\/wp-content\/uploads\/2024\/06\/Kochen-mit-ChatGPT_D-1280x2048.jpg 1280w, https:\/\/osnaplan.de\/wp-content\/uploads\/2024\/06\/Kochen-mit-ChatGPT_D.jpg 1500w\" sizes=\"(max-width: 640px) 100vw, 640px\" \/>\t\t\t\t\t\t\t\t<\/a>\n\t\t\t\t\t\t\t\t\t\t\t\t\t<\/div>\n\t\t\t\t<\/div>\n\t\t\t\t<div class=\"elementor-element elementor-element-d493654 elementor-widget elementor-widget-spacer\" data-id=\"d493654\" data-element_type=\"widget\" data-widget_type=\"spacer.default\">\n\t\t\t\t<div class=\"elementor-widget-container\">\n\t\t\t\t\t<div class=\"elementor-spacer\">\n\t\t\t<div class=\"elementor-spacer-inner\"><\/div>\n\t\t<\/div>\n\t\t\t\t<\/div>\n\t\t\t\t<\/div>\n\t\t\t\t\t<\/div>\n\t\t\t\t<\/div>\n\t\t\t\t<\/div>\n\t\t","protected":false},"excerpt":{"rendered":"<p>Willkommen in unserer B\u00fccherecke, wo Literatur lebendig wird! Hier pr\u00e4sentieren wir Ihnen stolz die neuesten Werke unserer betreuten Autoren. Tauchen Sie ein in eine Welt voller Geschichten, Charaktere und Emotionen, [&hellip;]<\/p>\n","protected":false},"author":1,"featured_media":0,"parent":0,"menu_order":0,"comment_status":"closed","ping_status":"closed","template":"","meta":{"footnotes":""},"_links":{"self":[{"href":"https:\/\/osnaplan.de\/index.php?rest_route=\/wp\/v2\/pages\/208"}],"collection":[{"href":"https:\/\/osnaplan.de\/index.php?rest_route=\/wp\/v2\/pages"}],"about":[{"href":"https:\/\/osnaplan.de\/index.php?rest_route=\/wp\/v2\/types\/page"}],"author":[{"embeddable":true,"href":"https:\/\/osnaplan.de\/index.php?rest_route=\/wp\/v2\/users\/1"}],"replies":[{"embeddable":true,"href":"https:\/\/osnaplan.de\/index.php?rest_route=%2Fwp%2Fv2%2Fcomments&post=208"}],"version-history":[{"count":109,"href":"https:\/\/osnaplan.de\/index.php?rest_route=\/wp\/v2\/pages\/208\/revisions"}],"predecessor-version":[{"id":2577,"href":"https:\/\/osnaplan.de\/index.php?rest_route=\/wp\/v2\/pages\/208\/revisions\/2577"}],"wp:attachment":[{"href":"https:\/\/osnaplan.de\/index.php?rest_route=%2Fwp%2Fv2%2Fmedia&parent=208"}],"curies":[{"name":"wp","href":"https:\/\/api.w.org\/{rel}","templated":true}]}}