{"id":215,"date":"2024-05-05T18:14:18","date_gmt":"2024-05-05T18:14:18","guid":{"rendered":"https:\/\/osnaplan.de\/?page_id=215"},"modified":"2024-07-09T11:31:25","modified_gmt":"2024-07-09T11:31:25","slug":"exklusive-hochglanzvisitenkarten-pin-card","status":"publish","type":"page","link":"https:\/\/osnaplan.de\/?page_id=215","title":{"rendered":"Exklusive Hochglanzvisitenkarten &#038; PIN Card"},"content":{"rendered":"\t\t<div data-elementor-type=\"wp-page\" data-elementor-id=\"215\" class=\"elementor elementor-215\" data-elementor-post-type=\"page\">\n\t\t\t\t<div class=\"elementor-element elementor-element-ea1548c e-flex e-con-boxed e-con e-parent\" data-id=\"ea1548c\" data-element_type=\"container\" data-settings=\"{&quot;background_background&quot;:&quot;classic&quot;}\">\n\t\t\t\t\t<div class=\"e-con-inner\">\n\t\t\t\t<div class=\"elementor-element elementor-element-6822cf8 elementor-widget elementor-widget-heading\" data-id=\"6822cf8\" data-element_type=\"widget\" data-widget_type=\"heading.default\">\n\t\t\t\t<div class=\"elementor-widget-container\">\n\t\t\t<style>\/*! elementor - v3.21.0 - 30-04-2024 *\/\n.elementor-heading-title{padding:0;margin:0;line-height:1}.elementor-widget-heading .elementor-heading-title[class*=elementor-size-]>a{color:inherit;font-size:inherit;line-height:inherit}.elementor-widget-heading .elementor-heading-title.elementor-size-small{font-size:15px}.elementor-widget-heading .elementor-heading-title.elementor-size-medium{font-size:19px}.elementor-widget-heading .elementor-heading-title.elementor-size-large{font-size:29px}.elementor-widget-heading .elementor-heading-title.elementor-size-xl{font-size:39px}.elementor-widget-heading .elementor-heading-title.elementor-size-xxl{font-size:59px}<\/style><h1 class=\"elementor-heading-title elementor-size-default\">Exklusive Visitenkarten<\/h1>\t\t<\/div>\n\t\t\t\t<\/div>\n\t\t\t\t<div class=\"elementor-element elementor-element-67ffa7c elementor-widget elementor-widget-text-editor\" data-id=\"67ffa7c\" data-element_type=\"widget\" data-widget_type=\"text-editor.default\">\n\t\t\t\t<div class=\"elementor-widget-container\">\n\t\t\t<style>\/*! elementor - v3.21.0 - 30-04-2024 *\/\n.elementor-widget-text-editor.elementor-drop-cap-view-stacked .elementor-drop-cap{background-color:#69727d;color:#fff}.elementor-widget-text-editor.elementor-drop-cap-view-framed .elementor-drop-cap{color:#69727d;border:3px solid;background-color:transparent}.elementor-widget-text-editor:not(.elementor-drop-cap-view-default) .elementor-drop-cap{margin-top:8px}.elementor-widget-text-editor:not(.elementor-drop-cap-view-default) .elementor-drop-cap-letter{width:1em;height:1em}.elementor-widget-text-editor .elementor-drop-cap{float:left;text-align:center;line-height:1;font-size:50px}.elementor-widget-text-editor .elementor-drop-cap-letter{display:inline-block}<\/style>\t\t\t\t<p class=\"has-text-align-center\">\u201eDie etwas andere Visitenkarte\u201c ist beidseitig vierfarbig im Scheckkartenformat schmutzabweisend cellophaniert. Ihren W\u00fcnschen entsprechend gestaltet, eignet sie sich ideal als Werbetr\u00e4ger, als Service-, Bonus- oder Kundenkarte.<br \/>Weitere Einsatzgebiete ergeben sich durch die M\u00f6glichkeit, beschreibbare Fl\u00e4chen auf der Karte aufzubringen. Vorder- und R\u00fcckseite sind individuell z.B. mit eigenem Firmenlogo oder Foto zu gestalten.<\/p><p><strong>Machen Sie Ihre Visitenkarte zu Ihrem Imagetr\u00e4ger Nr. 1<\/strong><\/p>\t\t\t\t\t\t<\/div>\n\t\t\t\t<\/div>\n\t\t\t\t\t<\/div>\n\t\t\t\t<\/div>\n\t\t<div class=\"elementor-element elementor-element-c9ce782 e-flex e-con-boxed e-con e-parent\" data-id=\"c9ce782\" data-element_type=\"container\" data-settings=\"{&quot;background_background&quot;:&quot;classic&quot;}\">\n\t\t\t\t\t<div class=\"e-con-inner\">\n\t\t\t\t<div class=\"elementor-element elementor-element-4a3021f elementor-widget elementor-widget-heading\" data-id=\"4a3021f\" data-element_type=\"widget\" data-widget_type=\"heading.default\">\n\t\t\t\t<div class=\"elementor-widget-container\">\n\t\t\t<h2 class=\"elementor-heading-title elementor-size-default\">W\u00e4hlen Sie unsere Elite-Card, denn der erste Eindruck z\u00e4hlt!<\/h2>\t\t<\/div>\n\t\t\t\t<\/div>\n\t\t\t\t\t<\/div>\n\t\t\t\t<\/div>\n\t\t<div class=\"elementor-element elementor-element-7d34dc0 e-grid e-con-boxed e-con e-parent\" data-id=\"7d34dc0\" data-element_type=\"container\" data-settings=\"{&quot;background_background&quot;:&quot;classic&quot;}\">\n\t\t\t\t\t<div class=\"e-con-inner\">\n\t\t\t\t<div class=\"elementor-element elementor-element-1508ff4 elementor-widget elementor-widget-text-editor\" data-id=\"1508ff4\" data-element_type=\"widget\" data-widget_type=\"text-editor.default\">\n\t\t\t\t<div class=\"elementor-widget-container\">\n\t\t\t\t\t\t\t<p class=\"has-foreground-color has-text-color has-medium-font-size\"><strong>\u00a0 \u00a0 \u00a0 \u00a0 \u00a0Vorteile<\/strong><\/p><figure class=\"wp-block-table\"><table><tbody><tr><td>Handliches Scheckkartenformat<\/td><\/tr><tr><td>Cellophaniert mit abgerundeten Ecken<\/td><\/tr><tr><td>Schmutz- und wasserabweisend<\/td><\/tr><tr><td>Freie Gestaltung nach eigenen Vorlagen<\/td><\/tr><\/tbody><\/table><\/figure>\t\t\t\t\t\t<\/div>\n\t\t\t\t<\/div>\n\t\t\t\t<div class=\"elementor-element elementor-element-30d1f0b elementor-widget elementor-widget-text-editor\" data-id=\"30d1f0b\" data-element_type=\"widget\" data-widget_type=\"text-editor.default\">\n\t\t\t\t<div class=\"elementor-widget-container\">\n\t\t\t\t\t\t\t<p class=\"has-foreground-color has-text-color has-medium-font-size\"><strong>\u00a0 \u00a0 \u00a0 \u00a0 \u00a0Vielf\u00e4ltige Einsatzm\u00f6glichkeiten<\/strong><\/p><figure class=\"wp-block-table\"><table><tbody><tr><td>z. B. als Visitenkarten, Bonuskarten, Kundenkarten, Eintrittskarten, Anfahrtskarten, Gutscheinkarten,<br \/>Jahreskalenderkarten, Rabattkarten, Servicekarten und ganz exklusiv bei uns als PIN-Card!\u00a0<\/td><\/tr><\/tbody><\/table><\/figure>\t\t\t\t\t\t<\/div>\n\t\t\t\t<\/div>\n\t\t\t\t<div class=\"elementor-element elementor-element-c50db61 elementor-widget elementor-widget-image\" data-id=\"c50db61\" data-element_type=\"widget\" data-widget_type=\"image.default\">\n\t\t\t\t<div class=\"elementor-widget-container\">\n\t\t\t<style>\/*! elementor - v3.21.0 - 30-04-2024 *\/\n.elementor-widget-image{text-align:center}.elementor-widget-image a{display:inline-block}.elementor-widget-image a img[src$=\".svg\"]{width:48px}.elementor-widget-image img{vertical-align:middle;display:inline-block}<\/style>\t\t\t\t\t\t\t\t\t\t<img fetchpriority=\"high\" decoding=\"async\" width=\"509\" height=\"490\" src=\"https:\/\/osnaplan.de\/wp-content\/uploads\/2024\/06\/Kundenkarten1-removebg-preview.png\" class=\"attachment-large size-large wp-image-1416\" alt=\"\" srcset=\"https:\/\/osnaplan.de\/wp-content\/uploads\/2024\/06\/Kundenkarten1-removebg-preview.png 509w, https:\/\/osnaplan.de\/wp-content\/uploads\/2024\/06\/Kundenkarten1-removebg-preview-300x289.png 300w\" sizes=\"(max-width: 509px) 100vw, 509px\" \/>\t\t\t\t\t\t\t\t\t\t\t\t\t<\/div>\n\t\t\t\t<\/div>\n\t\t\t\t<div class=\"elementor-element elementor-element-5e6f771 elementor-widget elementor-widget-image\" data-id=\"5e6f771\" data-element_type=\"widget\" data-widget_type=\"image.default\">\n\t\t\t\t<div class=\"elementor-widget-container\">\n\t\t\t\t\t\t\t\t\t\t\t\t\t<img decoding=\"async\" width=\"451\" height=\"553\" src=\"https:\/\/osnaplan.de\/wp-content\/uploads\/2024\/06\/Visitenkarten-removebg-preview.png\" class=\"attachment-large size-large wp-image-1415\" alt=\"\" srcset=\"https:\/\/osnaplan.de\/wp-content\/uploads\/2024\/06\/Visitenkarten-removebg-preview.png 451w, https:\/\/osnaplan.de\/wp-content\/uploads\/2024\/06\/Visitenkarten-removebg-preview-245x300.png 245w\" sizes=\"(max-width: 451px) 100vw, 451px\" \/>\t\t\t\t\t\t\t\t\t\t\t\t\t<\/div>\n\t\t\t\t<\/div>\n\t\t\t\t\t<\/div>\n\t\t\t\t<\/div>\n\t\t<div class=\"elementor-element elementor-element-512047f e-flex e-con-boxed e-con e-parent\" data-id=\"512047f\" data-element_type=\"container\" data-settings=\"{&quot;background_background&quot;:&quot;classic&quot;}\">\n\t\t\t\t\t<div class=\"e-con-inner\">\n\t\t\t\t<div class=\"elementor-element elementor-element-12cb10a elementor-widget elementor-widget-heading\" data-id=\"12cb10a\" data-element_type=\"widget\" data-widget_type=\"heading.default\">\n\t\t\t\t<div class=\"elementor-widget-container\">\n\t\t\t<h1 class=\"elementor-heading-title elementor-size-default\">PIN-Card <\/h1>\t\t<\/div>\n\t\t\t\t<\/div>\n\t\t\t\t\t<\/div>\n\t\t\t\t<\/div>\n\t\t<div class=\"elementor-element elementor-element-33ff995 e-flex e-con-boxed e-con e-parent\" data-id=\"33ff995\" data-element_type=\"container\" data-settings=\"{&quot;background_background&quot;:&quot;classic&quot;}\">\n\t\t\t\t\t<div class=\"e-con-inner\">\n\t\t<div class=\"elementor-element elementor-element-f0c74d6 e-con-full e-flex e-con e-child\" data-id=\"f0c74d6\" data-element_type=\"container\" data-settings=\"{&quot;background_background&quot;:&quot;classic&quot;}\">\n\t\t\t\t<div class=\"elementor-element elementor-element-1df1042 elementor-widget elementor-widget-spacer\" data-id=\"1df1042\" data-element_type=\"widget\" data-widget_type=\"spacer.default\">\n\t\t\t\t<div class=\"elementor-widget-container\">\n\t\t\t<style>\/*! elementor - v3.21.0 - 30-04-2024 *\/\n.elementor-column .elementor-spacer-inner{height:var(--spacer-size)}.e-con{--container-widget-width:100%}.e-con-inner>.elementor-widget-spacer,.e-con>.elementor-widget-spacer{width:var(--container-widget-width,var(--spacer-size));--align-self:var(--container-widget-align-self,initial);--flex-shrink:0}.e-con-inner>.elementor-widget-spacer>.elementor-widget-container,.e-con>.elementor-widget-spacer>.elementor-widget-container{height:100%;width:100%}.e-con-inner>.elementor-widget-spacer>.elementor-widget-container>.elementor-spacer,.e-con>.elementor-widget-spacer>.elementor-widget-container>.elementor-spacer{height:100%}.e-con-inner>.elementor-widget-spacer>.elementor-widget-container>.elementor-spacer>.elementor-spacer-inner,.e-con>.elementor-widget-spacer>.elementor-widget-container>.elementor-spacer>.elementor-spacer-inner{height:var(--container-widget-height,var(--spacer-size))}.e-con-inner>.elementor-widget-spacer.elementor-widget-empty,.e-con>.elementor-widget-spacer.elementor-widget-empty{position:relative;min-height:22px;min-width:22px}.e-con-inner>.elementor-widget-spacer.elementor-widget-empty .elementor-widget-empty-icon,.e-con>.elementor-widget-spacer.elementor-widget-empty .elementor-widget-empty-icon{position:absolute;top:0;bottom:0;left:0;right:0;margin:auto;padding:0;width:22px;height:22px}<\/style>\t\t<div class=\"elementor-spacer\">\n\t\t\t<div class=\"elementor-spacer-inner\"><\/div>\n\t\t<\/div>\n\t\t\t\t<\/div>\n\t\t\t\t<\/div>\n\t\t\t\t<div class=\"elementor-element elementor-element-cf0a121 elementor-widget elementor-widget-text-editor\" data-id=\"cf0a121\" data-element_type=\"widget\" data-widget_type=\"text-editor.default\">\n\t\t\t\t<div class=\"elementor-widget-container\">\n\t\t\t\t\t\t\t<p class=\"has-large-font-size\"><strong>PIN-Card<br \/><\/strong><\/p><p>Die PIN-Card ist eine einfache Zahlenmerkhilfe.<br \/>Handy-PIN, EC-Kartennummer, etc., alle diese Nummern, die von uns t\u00e4glich gebraucht, aber leicht vergessen oder verwechselt werden, k\u00f6nnen auf der PIN-Card ganz einfach notiert werden.<\/p><p>Trotzdem kann kein Unbefugter die Zahlen missbrauchen. Selbst dann nicht, wenn er im Besitz Ihrer Karte ist. Somit ist Ihre pers\u00f6nliche PIN-Card eine sichere Hilfe im Alltag.<\/p><p><strong>Die Anwendung<\/strong><br \/>Suchen Sie eine zweistellige Zahl, die Sie sich leicht merken k\u00f6nnen. Beispiel 65 kg w\u00e4re Ihr Idealgewicht. Diese Zahl l\u00f6sen Sie in zwei Ziffern auf, z.B. in 6 und 5.<\/p><p>Auf dem Koordinatenfeld der PIN-Card finden Sie nun ein bestimmtes K\u00e4stchen mit Hilfe der \u201eErsten Zahl\u201c 6 und der \u201eZweiten Zahl\u201c 5.<br \/>Dieses ist Ihr Startfeld. Von hier aus schreiben Sie Ihre pers\u00f6nlichen Geheimzahlen von links nach rechts in die Felder. Schreiben Sie Ihre Nummer in der Reihenfolge untereinander, wie Sie diese auf den Namensfeldern (links) notiert haben.<\/p><p>Um Ihre Zahlen zu tarnen, brauchen Sie die umliegenden Felder jetzt nur noch mit Blindzahlen aufzuf\u00fcllen.<\/p><p><strong>Achtung! S\u00e4mtliche Eintragungen, richtige Zahlen und Blindzahlen, m\u00fcssen unbedingt in gleicher Schrift und mit demselben Stift geschrieben werden.<\/strong><\/p><p><strong>\u00a0<\/strong><\/p><p><strong>PIN-Card immer getrennt von Kreditkarten aufbewahren.<\/strong><\/p>\t\t\t\t\t\t<\/div>\n\t\t\t\t<\/div>\n\t\t\t\t<div class=\"elementor-element elementor-element-873f797 elementor-widget elementor-widget-spacer\" data-id=\"873f797\" data-element_type=\"widget\" data-widget_type=\"spacer.default\">\n\t\t\t\t<div class=\"elementor-widget-container\">\n\t\t\t\t\t<div class=\"elementor-spacer\">\n\t\t\t<div class=\"elementor-spacer-inner\"><\/div>\n\t\t<\/div>\n\t\t\t\t<\/div>\n\t\t\t\t<\/div>\n\t\t\t\t<\/div>\n\t\t<div class=\"elementor-element elementor-element-34db4a1 e-con-full e-flex e-con e-child\" data-id=\"34db4a1\" data-element_type=\"container\">\n\t\t\t\t<div class=\"elementor-element elementor-element-4bf0db6 elementor-widget elementor-widget-image\" data-id=\"4bf0db6\" data-element_type=\"widget\" data-widget_type=\"image.default\">\n\t\t\t\t<div class=\"elementor-widget-container\">\n\t\t\t\t\t\t\t\t\t\t\t\t\t<img decoding=\"async\" width=\"2409\" height=\"2362\" src=\"https:\/\/osnaplan.de\/wp-content\/uploads\/2024\/06\/file.png\" class=\"attachment-full size-full wp-image-1893\" alt=\"\" srcset=\"https:\/\/osnaplan.de\/wp-content\/uploads\/2024\/06\/file.png 2409w, https:\/\/osnaplan.de\/wp-content\/uploads\/2024\/06\/file-300x294.png 300w, https:\/\/osnaplan.de\/wp-content\/uploads\/2024\/06\/file-1024x1004.png 1024w, https:\/\/osnaplan.de\/wp-content\/uploads\/2024\/06\/file-768x753.png 768w, https:\/\/osnaplan.de\/wp-content\/uploads\/2024\/06\/file-1536x1506.png 1536w, https:\/\/osnaplan.de\/wp-content\/uploads\/2024\/06\/file-2048x2008.png 2048w\" sizes=\"(max-width: 2409px) 100vw, 2409px\" \/>\t\t\t\t\t\t\t\t\t\t\t\t\t<\/div>\n\t\t\t\t<\/div>\n\t\t\t\t<div class=\"elementor-element elementor-element-831ebdf elementor-widget elementor-widget-image\" data-id=\"831ebdf\" data-element_type=\"widget\" data-widget_type=\"image.default\">\n\t\t\t\t<div class=\"elementor-widget-container\">\n\t\t\t\t\t\t\t\t\t\t\t\t\t<img loading=\"lazy\" decoding=\"async\" width=\"2048\" height=\"1332\" src=\"https:\/\/osnaplan.de\/wp-content\/uploads\/2024\/06\/file-1-2048x1332.png\" class=\"attachment-2048x2048 size-2048x2048 wp-image-1895\" alt=\"\" srcset=\"https:\/\/osnaplan.de\/wp-content\/uploads\/2024\/06\/file-1-2048x1332.png 2048w, https:\/\/osnaplan.de\/wp-content\/uploads\/2024\/06\/file-1-300x195.png 300w, https:\/\/osnaplan.de\/wp-content\/uploads\/2024\/06\/file-1-1024x666.png 1024w, https:\/\/osnaplan.de\/wp-content\/uploads\/2024\/06\/file-1-768x499.png 768w, https:\/\/osnaplan.de\/wp-content\/uploads\/2024\/06\/file-1-1536x999.png 1536w\" sizes=\"(max-width: 2048px) 100vw, 2048px\" \/>\t\t\t\t\t\t\t\t\t\t\t\t\t<\/div>\n\t\t\t\t<\/div>\n\t\t\t\t<\/div>\n\t\t\t\t\t<\/div>\n\t\t\t\t<\/div>\n\t\t\t\t<\/div>\n\t\t","protected":false},"excerpt":{"rendered":"<p>Exklusive Visitenkarten \u201eDie etwas andere Visitenkarte\u201c ist beidseitig vierfarbig im Scheckkartenformat schmutzabweisend cellophaniert. Ihren W\u00fcnschen entsprechend gestaltet, eignet sie sich ideal als Werbetr\u00e4ger, als Service-, Bonus- oder Kundenkarte.Weitere Einsatzgebiete ergeben [&hellip;]<\/p>\n","protected":false},"author":1,"featured_media":0,"parent":0,"menu_order":0,"comment_status":"closed","ping_status":"closed","template":"","meta":{"footnotes":""},"_links":{"self":[{"href":"https:\/\/osnaplan.de\/index.php?rest_route=\/wp\/v2\/pages\/215"}],"collection":[{"href":"https:\/\/osnaplan.de\/index.php?rest_route=\/wp\/v2\/pages"}],"about":[{"href":"https:\/\/osnaplan.de\/index.php?rest_route=\/wp\/v2\/types\/page"}],"author":[{"embeddable":true,"href":"https:\/\/osnaplan.de\/index.php?rest_route=\/wp\/v2\/users\/1"}],"replies":[{"embeddable":true,"href":"https:\/\/osnaplan.de\/index.php?rest_route=%2Fwp%2Fv2%2Fcomments&post=215"}],"version-history":[{"count":79,"href":"https:\/\/osnaplan.de\/index.php?rest_route=\/wp\/v2\/pages\/215\/revisions"}],"predecessor-version":[{"id":2348,"href":"https:\/\/osnaplan.de\/index.php?rest_route=\/wp\/v2\/pages\/215\/revisions\/2348"}],"wp:attachment":[{"href":"https:\/\/osnaplan.de\/index.php?rest_route=%2Fwp%2Fv2%2Fmedia&parent=215"}],"curies":[{"name":"wp","href":"https:\/\/api.w.org\/{rel}","templated":true}]}}