{"id":318,"date":"2024-05-05T20:01:17","date_gmt":"2024-05-05T20:01:17","guid":{"rendered":"https:\/\/osnaplan.de\/?page_id=318"},"modified":"2024-07-09T11:26:15","modified_gmt":"2024-07-09T11:26:15","slug":"chatgpt-kuenstliche-intelligenz-revolution-im-beruf-zum-aufbau-eines-passiven-einkommens","status":"publish","type":"page","link":"https:\/\/osnaplan.de\/?page_id=318","title":{"rendered":"ChatGPT \u2013 K\u00fcnstliche Intelligenz \u2013 Revolution im Beruf zum Aufbau eines passiven Einkommens"},"content":{"rendered":"\t\t<div data-elementor-type=\"wp-page\" data-elementor-id=\"318\" class=\"elementor elementor-318\" data-elementor-post-type=\"page\">\n\t\t\t\t<div class=\"elementor-element elementor-element-788fb138 e-con-full e-flex e-con e-parent\" data-id=\"788fb138\" data-element_type=\"container\" data-settings=\"{&quot;background_background&quot;:&quot;gradient&quot;}\">\n\t\t\t\t<div class=\"elementor-element elementor-element-214ef2a elementor-widget elementor-widget-image\" data-id=\"214ef2a\" data-element_type=\"widget\" data-widget_type=\"image.default\">\n\t\t\t\t<div class=\"elementor-widget-container\">\n\t\t\t<style>\/*! elementor - v3.21.0 - 30-04-2024 *\/\n.elementor-widget-image{text-align:center}.elementor-widget-image a{display:inline-block}.elementor-widget-image a img[src$=\".svg\"]{width:48px}.elementor-widget-image img{vertical-align:middle;display:inline-block}<\/style>\t\t\t\t\t\t\t\t\t\t<img fetchpriority=\"high\" decoding=\"async\" width=\"653\" height=\"1026\" src=\"https:\/\/osnaplan.de\/wp-content\/uploads\/2024\/05\/Screenshot_128.png\" class=\"attachment-medium_large size-medium_large wp-image-253\" alt=\"\" srcset=\"https:\/\/osnaplan.de\/wp-content\/uploads\/2024\/05\/Screenshot_128.png 653w, https:\/\/osnaplan.de\/wp-content\/uploads\/2024\/05\/Screenshot_128-191x300.png 191w, https:\/\/osnaplan.de\/wp-content\/uploads\/2024\/05\/Screenshot_128-652x1024.png 652w\" sizes=\"(max-width: 653px) 100vw, 653px\" \/>\t\t\t\t\t\t\t\t\t\t\t\t\t<\/div>\n\t\t\t\t<\/div>\n\t\t<div class=\"elementor-element elementor-element-27402d6e e-con-full e-flex e-con e-child\" data-id=\"27402d6e\" data-element_type=\"container\">\n\t\t\t\t<div class=\"elementor-element elementor-element-6b18eaf7 elementor-widget elementor-widget-heading\" data-id=\"6b18eaf7\" data-element_type=\"widget\" data-widget_type=\"heading.default\">\n\t\t\t\t<div class=\"elementor-widget-container\">\n\t\t\t<style>\/*! elementor - v3.21.0 - 30-04-2024 *\/\n.elementor-heading-title{padding:0;margin:0;line-height:1}.elementor-widget-heading .elementor-heading-title[class*=elementor-size-]>a{color:inherit;font-size:inherit;line-height:inherit}.elementor-widget-heading .elementor-heading-title.elementor-size-small{font-size:15px}.elementor-widget-heading .elementor-heading-title.elementor-size-medium{font-size:19px}.elementor-widget-heading .elementor-heading-title.elementor-size-large{font-size:29px}.elementor-widget-heading .elementor-heading-title.elementor-size-xl{font-size:39px}.elementor-widget-heading .elementor-heading-title.elementor-size-xxl{font-size:59px}<\/style><p class=\"elementor-heading-title elementor-size-default\">Kenneth Fleed <\/p>\t\t<\/div>\n\t\t\t\t<\/div>\n\t\t\t\t<div class=\"elementor-element elementor-element-5e7ba0d0 elementor-widget elementor-widget-heading\" data-id=\"5e7ba0d0\" data-element_type=\"widget\" data-widget_type=\"heading.default\">\n\t\t\t\t<div class=\"elementor-widget-container\">\n\t\t\t<h2 class=\"elementor-heading-title elementor-size-default\">ChatGPT \u2013 K\u00fcnstliche Intelligenz \u2013 Revolution im Beruf <br>Online Geld verdienen - so einfach wie noch nie!<\/h2>\t\t<\/div>\n\t\t\t\t<\/div>\n\t\t\t\t<div class=\"elementor-element elementor-element-33e11c81 elementor-widget__width-initial elementor-widget elementor-widget-toggle\" data-id=\"33e11c81\" data-element_type=\"widget\" data-widget_type=\"toggle.default\">\n\t\t\t\t<div class=\"elementor-widget-container\">\n\t\t\t<style>\/*! elementor - v3.21.0 - 30-04-2024 *\/\n.elementor-toggle{text-align:start}.elementor-toggle .elementor-tab-title{font-weight:700;line-height:1;margin:0;padding:15px;border-bottom:1px solid #d5d8dc;cursor:pointer;outline:none}.elementor-toggle .elementor-tab-title .elementor-toggle-icon{display:inline-block;width:1em}.elementor-toggle .elementor-tab-title .elementor-toggle-icon svg{margin-inline-start:-5px;width:1em;height:1em}.elementor-toggle .elementor-tab-title .elementor-toggle-icon.elementor-toggle-icon-right{float:right;text-align:right}.elementor-toggle .elementor-tab-title .elementor-toggle-icon.elementor-toggle-icon-left{float:left;text-align:left}.elementor-toggle .elementor-tab-title .elementor-toggle-icon .elementor-toggle-icon-closed{display:block}.elementor-toggle .elementor-tab-title .elementor-toggle-icon .elementor-toggle-icon-opened{display:none}.elementor-toggle .elementor-tab-title.elementor-active{border-bottom:none}.elementor-toggle .elementor-tab-title.elementor-active .elementor-toggle-icon-closed{display:none}.elementor-toggle .elementor-tab-title.elementor-active .elementor-toggle-icon-opened{display:block}.elementor-toggle .elementor-tab-content{padding:15px;border-bottom:1px solid #d5d8dc;display:none}@media (max-width:767px){.elementor-toggle .elementor-tab-title{padding:12px}.elementor-toggle .elementor-tab-content{padding:12px 10px}}.e-con-inner>.elementor-widget-toggle,.e-con>.elementor-widget-toggle{width:var(--container-widget-width);--flex-grow:var(--container-widget-flex-grow)}<\/style>\t\t<div class=\"elementor-toggle\">\n\t\t\t\t\t\t\t<div class=\"elementor-toggle-item\">\n\t\t\t\t\t<h5 id=\"elementor-tab-title-8701\" class=\"elementor-tab-title\" data-tab=\"1\" role=\"button\" aria-controls=\"elementor-tab-content-8701\" aria-expanded=\"false\">\n\t\t\t\t\t\t\t\t\t\t\t\t<a class=\"elementor-toggle-title\" tabindex=\"0\">Kurzbeschreibung des Buches<\/a>\n\t\t\t\t\t<\/h5>\n\n\t\t\t\t\t<div id=\"elementor-tab-content-8701\" class=\"elementor-tab-content elementor-clearfix\" data-tab=\"1\" role=\"region\" aria-labelledby=\"elementor-tab-title-8701\"><p><strong>ChatGPT K\u00fcnstliche Intelligenz \u2013 Revolution im Beruf<br \/>Online Geld verdienen \u2013 so einfach wie noch nie!<\/strong><\/p><p>Chatbots sind keine Zukunftsmusik mehr, sondern haben l\u00e4ngst Einzug in unser Berufs- und Privatleben gehalten. Doch was ist, wenn diese Bots nicht nur Fragen beantworten, sondern auch Aufgaben \u00fcbernehmen k\u00f6nnen? Genau das ist mit ChatGPT m\u00f6glich. Diese bahnbrechende Technologie erlaubt es Unternehmen, Prozesse zu automatisieren, Zeit und Ressourcen zu sparen und sich auf das Wesentliche zu konzentrieren. Aber auch f\u00fcr ArbeitnehmerInnen er\u00f6ffnen sich dank ChatGPT v\u00f6llig neue M\u00f6glichkeiten, um im Beruf erfolgreich zu sein.<\/p><p>In diesem umfassenden Leitfaden erfahren Sie alles \u00fcber die Anwendungsm\u00f6glichkeiten von ChatGPT im Beruf und die Auswirkungen auf die Arbeitswelt. Ob im Kundenservice, im Marketing, im Vertrieb, in der Personalabteilung oder im eigenen Homeoffice \u2013 ChatGPT ist eine Technologie, die das Potenzial hat, unsere Arbeitswelt zu revolutionieren.<\/p><p>Profitieren Sie von der revolution\u00e4ren k\u00fcnstlichen Intelligenz (KI) und erfahren, wie dieser intelligente Chatbot funktioniert und welche Vorteile er Ihnen ganz pers\u00f6nlich f\u00fcr Ihre Arbeit und Ihr Gesch\u00e4ft bietet, um dauerhaft ein lukratives Einkommen zu erzielen.<\/p><p>Egal, ob Sie ChatGPT in Ihrem bisherigen Beruf nutzen m\u00f6chten, oder den Schritt in die Selbstst\u00e4ndigkeit wagen wollen, dieser Ratgeber ist der ideale Begleiter auf Ihrem Weg zum nachhaltigen Erfolg in der modernen Arbeitswelt.<\/p><p><br \/><strong>\u2713 Sprachrevolution ChatGPT\u00a0<\/strong><strong>\u2013<\/strong><strong>\u00a0Online Geld verdienen\u00a0<\/strong><strong>\u2013<\/strong><strong>\u00a0so einfach wie noch nie!<\/strong><br \/><br \/><strong>\u2713 Vorteile von ChatGPT erkennen und profitabel nutzen<\/strong><br \/><br \/><strong>\u2713 Erzielen Sie mit ChatGPT eine bessere Work-Life-Balance<\/strong><br \/><br \/><strong>\u2713 20 Job Ideen f\u00fcr ein lukratives Homeoffice Business<\/strong><br \/><br \/><strong>\u2713 Alles was Sie f\u00fcr einen einfachen Start in Ihr Business ben\u00f6tigen<\/strong><br \/><br \/><strong>\u2713 Viele praktische Tipps f\u00fcr eine gute Organisation und effektive Produktivit\u00e4t<\/strong><br \/><br \/><strong>\u2713 Umfangreiche Sammlung an hilfreichen Web-Links zu den besten Plattformen und Ressourcen<\/strong><br \/><br \/><br \/><br \/><strong>Profitieren Sie als Vorreiter von der wegweisenden Erfindung der k\u00fcnstlichen Intelligenz und nutzen ChatGPT als Booster f\u00fcr Ihren ganz pers\u00f6nlichen Weg zu mehr Freiheit und finanzieller Unabh\u00e4ngigkeit!<\/strong><\/p><\/div>\n\t\t\t\t<\/div>\n\t\t\t\t\t\t\t<div class=\"elementor-toggle-item\">\n\t\t\t\t\t<h5 id=\"elementor-tab-title-8702\" class=\"elementor-tab-title\" data-tab=\"2\" role=\"button\" aria-controls=\"elementor-tab-content-8702\" aria-expanded=\"false\">\n\t\t\t\t\t\t\t\t\t\t\t\t<a class=\"elementor-toggle-title\" tabindex=\"0\">Autorenbiografie<\/a>\n\t\t\t\t\t<\/h5>\n\n\t\t\t\t\t<div id=\"elementor-tab-content-8702\" class=\"elementor-tab-content elementor-clearfix\" data-tab=\"2\" role=\"region\" aria-labelledby=\"elementor-tab-title-8702\"><p>Kenneth Fleed ist kein ausgewiesener Experte auf dem Gebiet von k\u00fcnstlicher Intelligenz, aber seine intensive Auseinandersetzung mit ChatGPT hat ihn zu einem wahren Insider gemacht. Als passionierter Anwender und Liebhaber von technologischen Innovationen hat Kenneth Fleed viel Zeit und Energie investiert, um ChatGPT zu verstehen und seine Funktionsweise zu ergr\u00fcnden. Neben seinem ersten Buch \u201eChatGPT \u2013 K\u00fcnstliche Intelligenz \u2013 Revolution im Beruf\u201c in welchem er erfolgreich seine pers\u00f6nlichen Erfahrungen und Erkenntnisse \u00fcber ChatGPT im modernen Berufsleben aufzeigt, ist jetzt sein brandneues zweites Buch erschienen \u201eKochen mit ChatGPT \u2013 Sternek\u00fcche kann jeder\u201c.<\/p><p>Egal, ob Sie ein Anf\u00e4nger in der K\u00fcche sind oder bereits Erfahrung haben \u2013 in diesem Kochbuch erfahren Sie, wie Sie spielend leicht zu einem wahren Meister der Kulinarik werden. Von kreativen Rezepten f\u00fcr Anf\u00e4nger bis hin zu anspruchsvollen Gourmet-Spezialit\u00e4ten, unsere umfangreiche Sammlung l\u00e4sst keine W\u00fcnsche offen. Mit ChatGPT als pers\u00f6nlichem K\u00fcchenassistenten werden Sie Schritt f\u00fcr Schritt zum Meisterkoch.<\/p><p>Kenneth Fleeds fundierte Recherche, gepaart mit seinem Enthusiasmus und seinen praktischen Erfahrungen, machen seine B\u00fccher zur unverzichtbaren Lekt\u00fcre.<\/p><\/div>\n\t\t\t\t<\/div>\n\t\t\t\t\t\t\t<div class=\"elementor-toggle-item\">\n\t\t\t\t\t<h5 id=\"elementor-tab-title-8703\" class=\"elementor-tab-title\" data-tab=\"3\" role=\"button\" aria-controls=\"elementor-tab-content-8703\" aria-expanded=\"false\">\n\t\t\t\t\t\t\t\t\t\t\t\t<a class=\"elementor-toggle-title\" tabindex=\"0\">Leseprobe<\/a>\n\t\t\t\t\t<\/h5>\n\n\t\t\t\t\t<div id=\"elementor-tab-content-8703\" class=\"elementor-tab-content elementor-clearfix\" data-tab=\"3\" role=\"region\" aria-labelledby=\"elementor-tab-title-8703\"><p><a href=\"https:\/\/www.amazon.de\/ChatGPT-K%C3%BCnstliche-Intelligenz-Revolution-Einkommens\/dp\/B0C63J38C2\/ref=sr_1_1?__mk_de_DE=%C3%85M%C3%85%C5%BD%C3%95%C3%91&amp;crid=24RJWCJOVHXT7&amp;dib=eyJ2IjoiMSJ9.npwCL4SnUIg_d-xLlOe5k1TlZG1zvqn4fYLgBaMld5om4oRzUPWyryOtjAr6I7sY3ym1B7fiulbATLKUT4Bttr-gc8TqG2wwnoTQdAz02ExqxHueMSQ_PTShc2FvTk4AKGs0eBn-EOdCZ7XuohMAKrXcbk_C9rUsib6R-GpYfEjpCX8_BHvlZMuOjuGCs8VO3tzTzfTjC4n7dq7B5Aik6wcvv1rESS2D3IgNTK1AqOM.JzbH4AYPUYyml2P2CqH6cvh80owYEkOpErj5zMtRnfE&amp;dib_tag=se&amp;keywords=chatgpt+k%C3%BCnstliche+revolution+im+beruf&amp;qid=1718465524&amp;sprefix=chatgpt+k%C3%BCnstliche+revolution+im+berufg%2Caps%2C74&amp;sr=8-1&amp;asin=B0C63J38C2&amp;revisionId=&amp;format=4&amp;depth=1\" target=\"_blank\" rel=\"noopener\">Hier anschauen<\/a><\/p><\/div>\n\t\t\t\t<\/div>\n\t\t\t\t\t\t\t\t<\/div>\n\t\t\t\t<\/div>\n\t\t\t\t<\/div>\n\t\t\t\t<div class=\"elementor-element elementor-element-b4b0f54 elementor-align-center elementor-widget elementor-widget-button\" data-id=\"b4b0f54\" data-element_type=\"widget\" data-widget_type=\"button.default\">\n\t\t\t\t<div class=\"elementor-widget-container\">\n\t\t\t\t\t<div class=\"elementor-button-wrapper\">\n\t\t\t<a class=\"elementor-button elementor-button-link elementor-size-lg elementor-animation-grow\" href=\"https:\/\/www.amazon.de\/ChatGPT-K%C3%BCnstliche-Intelligenz-Revolution-Einkommens\/dp\/B0C63J38C2\/ref=sr_1_1?__mk_de_DE=%C3%85M%C3%85%C5%BD%C3%95%C3%91&#038;crid=24RJWCJOVHXT7&#038;dib=eyJ2IjoiMSJ9.npwCL4SnUIg_d-xLlOe5k1TlZG1zvqn4fYLgBaMld5om4oRzUPWyryOtjAr6I7sY3ym1B7fiulbATLKUT4Bttr-gc8TqG2wwnoTQdAz02ExqxHueMSQ_PTShc2FvTk4AKGs0eBn-EOdCZ7XuohMAKrXcbk_C9rUsib6R-GpYfEjpCX8_BHvlZMuOjuGCs8VO3tzTzfTjC4n7dq7B5Aik6wcvv1rESS2D3IgNTK1AqOM.JzbH4AYPUYyml2P2CqH6cvh80owYEkOpErj5zMtRnfE&#038;dib_tag=se&#038;keywords=chatgpt+k%C3%BCnstliche+revolution+im+beruf&#038;qid=1718465524&#038;sprefix=chatgpt+k%C3%BCnstliche+revolution+im+berufg%2Caps%2C74&#038;sr=8-1&#038;asin=B0C63J38C2&#038;revisionId=&#038;format=4&#038;depth=1\" target=\"_blank\">\n\t\t\t\t\t\t<span class=\"elementor-button-content-wrapper\">\n\t\t\t\t\t\t\t\t\t<span class=\"elementor-button-text\">Kaufen<\/span>\n\t\t\t\t\t<\/span>\n\t\t\t\t\t<\/a>\n\t\t<\/div>\n\t\t\t\t<\/div>\n\t\t\t\t<\/div>\n\t\t\t\t<\/div>\n\t\t\t\t<\/div>\n\t\t<div class=\"elementor-element elementor-element-506c0ce e-flex e-con-boxed e-con e-parent\" data-id=\"506c0ce\" data-element_type=\"container\">\n\t\t\t\t\t<div class=\"e-con-inner\">\n\t\t\t\t\t<\/div>\n\t\t\t\t<\/div>\n\t\t\t\t<\/div>\n\t\t","protected":false},"excerpt":{"rendered":"<p>Kenneth Fleed ChatGPT \u2013 K\u00fcnstliche Intelligenz \u2013 Revolution im Beruf Online Geld verdienen &#8211; so einfach wie noch nie! Kurzbeschreibung des Buches ChatGPT K\u00fcnstliche Intelligenz \u2013 Revolution im BerufOnline Geld [&hellip;]<\/p>\n","protected":false},"author":1,"featured_media":0,"parent":0,"menu_order":0,"comment_status":"closed","ping_status":"closed","template":"","meta":{"footnotes":""},"_links":{"self":[{"href":"https:\/\/osnaplan.de\/index.php?rest_route=\/wp\/v2\/pages\/318"}],"collection":[{"href":"https:\/\/osnaplan.de\/index.php?rest_route=\/wp\/v2\/pages"}],"about":[{"href":"https:\/\/osnaplan.de\/index.php?rest_route=\/wp\/v2\/types\/page"}],"author":[{"embeddable":true,"href":"https:\/\/osnaplan.de\/index.php?rest_route=\/wp\/v2\/users\/1"}],"replies":[{"embeddable":true,"href":"https:\/\/osnaplan.de\/index.php?rest_route=%2Fwp%2Fv2%2Fcomments&post=318"}],"version-history":[{"count":46,"href":"https:\/\/osnaplan.de\/index.php?rest_route=\/wp\/v2\/pages\/318\/revisions"}],"predecessor-version":[{"id":2336,"href":"https:\/\/osnaplan.de\/index.php?rest_route=\/wp\/v2\/pages\/318\/revisions\/2336"}],"wp:attachment":[{"href":"https:\/\/osnaplan.de\/index.php?rest_route=%2Fwp%2Fv2%2Fmedia&parent=318"}],"curies":[{"name":"wp","href":"https:\/\/api.w.org\/{rel}","templated":true}]}}