{"id":3355,"date":"2024-12-09T18:39:05","date_gmt":"2024-12-09T18:39:05","guid":{"rendered":"https:\/\/osnaplan.de\/?page_id=3355"},"modified":"2024-12-09T19:07:20","modified_gmt":"2024-12-09T19:07:20","slug":"2025-2","status":"publish","type":"page","link":"https:\/\/osnaplan.de\/?page_id=3355","title":{"rendered":"2025"},"content":{"rendered":"\t\t<div data-elementor-type=\"wp-page\" data-elementor-id=\"3355\" class=\"elementor elementor-3355\" data-elementor-post-type=\"page\">\n\t\t\t\t<div class=\"elementor-element elementor-element-2ed16bf e-flex e-con-boxed e-con e-parent\" data-id=\"2ed16bf\" data-element_type=\"container\" data-settings=\"{&quot;background_background&quot;:&quot;classic&quot;}\">\n\t\t\t\t\t<div class=\"e-con-inner\">\n\t\t<div class=\"elementor-element elementor-element-09a755f e-con-full e-flex e-con e-child\" data-id=\"09a755f\" data-element_type=\"container\">\n\t\t\t\t<div class=\"elementor-element elementor-element-dfb98df elementor-widget elementor-widget-text-editor\" data-id=\"dfb98df\" data-element_type=\"widget\" data-widget_type=\"text-editor.default\">\n\t\t\t\t<div class=\"elementor-widget-container\">\n\t\t\t<style>\/*! elementor - v3.21.0 - 30-04-2024 *\/\n.elementor-widget-text-editor.elementor-drop-cap-view-stacked .elementor-drop-cap{background-color:#69727d;color:#fff}.elementor-widget-text-editor.elementor-drop-cap-view-framed .elementor-drop-cap{color:#69727d;border:3px solid;background-color:transparent}.elementor-widget-text-editor:not(.elementor-drop-cap-view-default) .elementor-drop-cap{margin-top:8px}.elementor-widget-text-editor:not(.elementor-drop-cap-view-default) .elementor-drop-cap-letter{width:1em;height:1em}.elementor-widget-text-editor .elementor-drop-cap{float:left;text-align:center;line-height:1;font-size:50px}.elementor-widget-text-editor .elementor-drop-cap-letter{display:inline-block}<\/style>\t\t\t\t<h3 class=\"wp-block-heading has-text-align-center has-text-color\"><strong>Kulturhistorischer F\u00fchrer Osnabr\u00fccker Land 2025<\/strong><\/h3><h5><strong><em>30 Jahre OsnaPlan-Verlag \u2013 1995 bis 2025<\/em><\/strong><\/h5><p>Mit Freude und Stolz pr\u00e4sentieren wir Ihnen zum 30. Mal unseren Kulturhistorischen F\u00fchrer f\u00fcr Stadt und Landkreis Osnabr\u00fcck <strong>\u2013<\/strong> eine Jubil\u00e4umsausgabe, die auf eine eindrucksvolle Verlagsgeschichte zur\u00fcckblickt. Seit nun drei Jahrzehnten begleiten wir B\u00fcrger und Besucher der Region durch das kulturelle und gesellschaftliche Leben, und auch das Jahr 2025 h\u00e4lt wieder zahlreiche H\u00f6hepunkte und Veranstaltungen f\u00fcr Sie bereit.<\/p><p>Zu den herausragenden Themen dieses Jahres z\u00e4hlt die Er\u00f6ffnung des Coppenrath Innovation Centre (CIC) in Osnabr\u00fcck. Als neuer Impulsgeber und Treffpunkt f\u00fcr Innovationen wird das CIC das Wirtschafts- und Technologieleben unserer Region bereichern und zukunftsweisende Entwicklungen vorantreiben.<br \/>Auch der Tag der Niedersachsen wird Ende August 2025 erneut f\u00fcr ein lebendiges Miteinander sorgen und eine Plattform f\u00fcr Austausch und Begegnung schaffen \u2013 ein Ereignis, das wir voller Vorfreude begleiten.<\/p><p>Besonders freut uns auch die Fortsetzung unserer neuen Rubrik \u201eOrts- bzw. Stadtportrait\u201c, in der wir die kulturelle Vielfalt und die besonderen Merkmale ausgew\u00e4hlter St\u00e4dte und Gemeinden vorstellen. In dieser Jubil\u00e4umsausgabe widmen wir uns hierbei der Stadt Georgsmarienh\u00fctte, die wir Ihnen umfassend und lebendig in all ihren Facetten vorstellen m\u00f6chten.<\/p><p>Dar\u00fcber hinaus erwarten Sie auch in diesem Jahr viele weitere kulturelle und geschichtliche Highlights aus der Stadt und dem Landkreis Osnabr\u00fcck. Wir laden Sie herzlich dazu ein, sich inspirieren zu lassen und die Veranstaltungen und Ausflugsziele unserer sch\u00f6nen Region zu entdecken und zu genie\u00dfen.<\/p><p>Wir bedanken uns an dieser Stelle bei allen Unterst\u00fctzern und Partnern, die zur Realisierung dieser besonderen Ausgabe beigetragen haben, und insbesondere bei unseren treuen Kunden f\u00fcr das entgegengebrachte Vertrauen und die Zusammenarbeit \u00fcber all die Jahre.<\/p><p>Vielen Dank und viel Freude beim Erkunden des Osnabr\u00fccker Landes mit unserer 30. Ausgabe des Kulturhistorischen F\u00fchrers!<\/p>\t\t\t\t\t\t<\/div>\n\t\t\t\t<\/div>\n\t\t\t\t<\/div>\n\t\t<div class=\"elementor-element elementor-element-d518afe e-con-full e-flex e-con e-child\" data-id=\"d518afe\" data-element_type=\"container\">\n\t\t\t\t<div class=\"elementor-element elementor-element-0bf97c1 elementor-widget elementor-widget-image\" data-id=\"0bf97c1\" data-element_type=\"widget\" data-widget_type=\"image.default\">\n\t\t\t\t<div class=\"elementor-widget-container\">\n\t\t\t<style>\/*! elementor - v3.21.0 - 30-04-2024 *\/\n.elementor-widget-image{text-align:center}.elementor-widget-image a{display:inline-block}.elementor-widget-image a img[src$=\".svg\"]{width:48px}.elementor-widget-image img{vertical-align:middle;display:inline-block}<\/style>\t\t\t\t\t\t\t\t\t\t<img decoding=\"async\" src=\"https:\/\/osnaplan.de\/wp-content\/uploads\/2024\/12\/Cover_2025.png\" title=\"Cover_2025\" alt=\"Cover_2025\" loading=\"lazy\" \/>\t\t\t\t\t\t\t\t\t\t\t\t\t<\/div>\n\t\t\t\t<\/div>\n\t\t\t\t<\/div>\n\t\t\t\t\t<\/div>\n\t\t\t\t<\/div>\n\t\t\t\t<\/div>\n\t\t","protected":false},"excerpt":{"rendered":"<p>Kulturhistorischer F\u00fchrer Osnabr\u00fccker Land 2025 30 Jahre OsnaPlan-Verlag \u2013 1995 bis 2025 Mit Freude und Stolz pr\u00e4sentieren wir Ihnen zum 30. Mal unseren Kulturhistorischen F\u00fchrer f\u00fcr Stadt und Landkreis Osnabr\u00fcck [&hellip;]<\/p>\n","protected":false},"author":1,"featured_media":0,"parent":0,"menu_order":0,"comment_status":"closed","ping_status":"closed","template":"","meta":{"footnotes":""},"_links":{"self":[{"href":"https:\/\/osnaplan.de\/index.php?rest_route=\/wp\/v2\/pages\/3355"}],"collection":[{"href":"https:\/\/osnaplan.de\/index.php?rest_route=\/wp\/v2\/pages"}],"about":[{"href":"https:\/\/osnaplan.de\/index.php?rest_route=\/wp\/v2\/types\/page"}],"author":[{"embeddable":true,"href":"https:\/\/osnaplan.de\/index.php?rest_route=\/wp\/v2\/users\/1"}],"replies":[{"embeddable":true,"href":"https:\/\/osnaplan.de\/index.php?rest_route=%2Fwp%2Fv2%2Fcomments&post=3355"}],"version-history":[{"count":16,"href":"https:\/\/osnaplan.de\/index.php?rest_route=\/wp\/v2\/pages\/3355\/revisions"}],"predecessor-version":[{"id":3383,"href":"https:\/\/osnaplan.de\/index.php?rest_route=\/wp\/v2\/pages\/3355\/revisions\/3383"}],"wp:attachment":[{"href":"https:\/\/osnaplan.de\/index.php?rest_route=%2Fwp%2Fv2%2Fmedia&parent=3355"}],"curies":[{"name":"wp","href":"https:\/\/api.w.org\/{rel}","templated":true}]}}