{"id":365,"date":"2024-05-05T20:26:59","date_gmt":"2024-05-05T20:26:59","guid":{"rendered":"https:\/\/osnaplan.de\/?page_id=365"},"modified":"2024-06-28T07:43:04","modified_gmt":"2024-06-28T07:43:04","slug":"2024-2","status":"publish","type":"page","link":"https:\/\/osnaplan.de\/?page_id=365","title":{"rendered":"2024"},"content":{"rendered":"\t\t<div data-elementor-type=\"wp-page\" data-elementor-id=\"365\" class=\"elementor elementor-365\" data-elementor-post-type=\"page\">\n\t\t\t\t<div class=\"elementor-element elementor-element-1a3bd3b e-flex e-con-boxed e-con e-parent\" data-id=\"1a3bd3b\" data-element_type=\"container\" data-settings=\"{&quot;background_background&quot;:&quot;classic&quot;}\">\n\t\t\t\t\t<div class=\"e-con-inner\">\n\t\t<div class=\"elementor-element elementor-element-0ebe600 e-con-full e-flex e-con e-child\" data-id=\"0ebe600\" data-element_type=\"container\">\n\t\t\t\t<div class=\"elementor-element elementor-element-b3855d8 elementor-widget elementor-widget-text-editor\" data-id=\"b3855d8\" data-element_type=\"widget\" data-widget_type=\"text-editor.default\">\n\t\t\t\t<div class=\"elementor-widget-container\">\n\t\t\t<style>\/*! elementor - v3.21.0 - 30-04-2024 *\/\n.elementor-widget-text-editor.elementor-drop-cap-view-stacked .elementor-drop-cap{background-color:#69727d;color:#fff}.elementor-widget-text-editor.elementor-drop-cap-view-framed .elementor-drop-cap{color:#69727d;border:3px solid;background-color:transparent}.elementor-widget-text-editor:not(.elementor-drop-cap-view-default) .elementor-drop-cap{margin-top:8px}.elementor-widget-text-editor:not(.elementor-drop-cap-view-default) .elementor-drop-cap-letter{width:1em;height:1em}.elementor-widget-text-editor .elementor-drop-cap{float:left;text-align:center;line-height:1;font-size:50px}.elementor-widget-text-editor .elementor-drop-cap-letter{display:inline-block}<\/style>\t\t\t\t<h3 class=\"wp-block-heading has-text-align-center has-text-color\"><strong>Kulturhistorischer F\u00fchrer Osnabr\u00fccker Land 2024<\/strong><\/h3><p>Ein ereignisreiches Jahr 2023 liegt hinter uns, in welchem wir \u00fcber sieben Monate hinweg das Jubil\u00e4um \u201e375. Jahre Westf\u00e4lischer Friede\u201c ausgiebig gefeiert haben.<\/p><p>Auch das Jahr 2024 verspricht nicht weniger spannend zu werden und wir freuen uns Ihnen p\u00fcnktlich zum Jahresbeginn unsere mittlerweile 29. Ausgabe unseres bei B\u00fcrgern und Besuchern bekannten und beliebten\u00a0Kulturhistorischen F\u00fchrers f\u00fcr Stadt und Landkreis Osnabr\u00fcck\u00a0pr\u00e4sentieren zu k\u00f6nnen.<\/p><p>Ganz besonders hinweisen m\u00f6chten wir in diesem Jahr auf unse-re neue Rubrik \u201eOrts- bzw. Stadtportrait\u201c, in welcher wir zuk\u00fcnftig planen, verschiedene Themenbereiche wie Kultur, Sport und Wirtschaft sowie verschiedene Angebote und Ausflugsziele einer ausgew\u00e4hlten Kommune aus dem Landkreis Osnabr\u00fcck n\u00e4her zu beleuchten und umfangreich vorzustellen. Den Anfang macht in diesem Jahr die Stadt Melle, dessen besonderen Charakter wir in dieser Ausgabe hervorheben m\u00f6chten.<\/p><p>Weitere redaktionelle Schwerpunkte im Jahr 2024 bilden das Museum am Sch\u00f6lerberg sowie das Naturschutz- und Bildungszentrum (nbz) am Alfsee, welche sich beide nach umfangreichen Umbauten den Besuchern und G\u00e4sten im neuen Glanz pr\u00e4sentieren.<\/p><p>Dar\u00fcber hinaus erwarten Sie nat\u00fcrlich auch im Jahr 2024 in Stadt und Landkreis Osnabr\u00fcck wieder eine Menge weiterer kultureller Highlights und viel Wissenswertes zu Ausstellungen und Veranstaltungen, zu deren Besuch wir Sie herzlich einladen m\u00f6chten. Weiterhin pr\u00e4sentieren wir Ihnen beliebte Ausflugsziele in der Region f\u00fcr eine kleine Auszeit vom Alltag in unserem wundersch\u00f6nen Osnabr\u00fccker Land.<\/p><p>Wir freuen uns, Ihnen mit den umfangreichen Informationen und Gesch\u00e4ftsempfehlungen hilfreich zu sein und m\u00f6chten uns auf diesem Wege bei all denen, die uns bei der Herstellung unserer neuesten Ausgabe des Kulturhistorischen F\u00fchrers unterst\u00fctzt haben, f\u00fcr die angenehme Zusammenarbeit bedanken.<\/p><p>Unser ganz besonderer Dank gilt hierbei all unseren Kunden f\u00fcr die Treue, den Zusammenhalt und das entgegengebrachte Vertrauen.<\/p>\t\t\t\t\t\t<\/div>\n\t\t\t\t<\/div>\n\t\t\t\t<\/div>\n\t\t<div class=\"elementor-element elementor-element-ccca4ac e-con-full e-flex e-con e-child\" data-id=\"ccca4ac\" data-element_type=\"container\">\n\t\t\t\t<div class=\"elementor-element elementor-element-28be0f3 elementor-widget elementor-widget-image\" data-id=\"28be0f3\" data-element_type=\"widget\" data-widget_type=\"image.default\">\n\t\t\t\t<div class=\"elementor-widget-container\">\n\t\t\t<style>\/*! elementor - v3.21.0 - 30-04-2024 *\/\n.elementor-widget-image{text-align:center}.elementor-widget-image a{display:inline-block}.elementor-widget-image a img[src$=\".svg\"]{width:48px}.elementor-widget-image img{vertical-align:middle;display:inline-block}<\/style>\t\t\t\t\t\t\t\t\t\t<img decoding=\"async\" src=\"https:\/\/osnaplan.de\/wp-content\/uploads\/2024\/05\/Cover_2024-1.png\" title=\"Cover_2024-1\" alt=\"Cover_2024-1\" loading=\"lazy\" \/>\t\t\t\t\t\t\t\t\t\t\t\t\t<\/div>\n\t\t\t\t<\/div>\n\t\t\t\t<\/div>\n\t\t\t\t\t<\/div>\n\t\t\t\t<\/div>\n\t\t\t\t<\/div>\n\t\t","protected":false},"excerpt":{"rendered":"<p>Kulturhistorischer F\u00fchrer Osnabr\u00fccker Land 2024 Ein ereignisreiches Jahr 2023 liegt hinter uns, in welchem wir \u00fcber sieben Monate hinweg das Jubil\u00e4um \u201e375. Jahre Westf\u00e4lischer Friede\u201c ausgiebig gefeiert haben. Auch das [&hellip;]<\/p>\n","protected":false},"author":1,"featured_media":0,"parent":0,"menu_order":0,"comment_status":"closed","ping_status":"closed","template":"","meta":{"footnotes":""},"_links":{"self":[{"href":"https:\/\/osnaplan.de\/index.php?rest_route=\/wp\/v2\/pages\/365"}],"collection":[{"href":"https:\/\/osnaplan.de\/index.php?rest_route=\/wp\/v2\/pages"}],"about":[{"href":"https:\/\/osnaplan.de\/index.php?rest_route=\/wp\/v2\/types\/page"}],"author":[{"embeddable":true,"href":"https:\/\/osnaplan.de\/index.php?rest_route=\/wp\/v2\/users\/1"}],"replies":[{"embeddable":true,"href":"https:\/\/osnaplan.de\/index.php?rest_route=%2Fwp%2Fv2%2Fcomments&post=365"}],"version-history":[{"count":13,"href":"https:\/\/osnaplan.de\/index.php?rest_route=\/wp\/v2\/pages\/365\/revisions"}],"predecessor-version":[{"id":1985,"href":"https:\/\/osnaplan.de\/index.php?rest_route=\/wp\/v2\/pages\/365\/revisions\/1985"}],"wp:attachment":[{"href":"https:\/\/osnaplan.de\/index.php?rest_route=%2Fwp%2Fv2%2Fmedia&parent=365"}],"curies":[{"name":"wp","href":"https:\/\/api.w.org\/{rel}","templated":true}]}}