{"id":4246,"date":"2025-12-10T14:40:19","date_gmt":"2025-12-10T14:40:19","guid":{"rendered":"https:\/\/osnaplan.de\/?page_id=4246"},"modified":"2025-12-10T15:02:56","modified_gmt":"2025-12-10T15:02:56","slug":"2026-2","status":"publish","type":"page","link":"https:\/\/osnaplan.de\/?page_id=4246","title":{"rendered":"2026"},"content":{"rendered":"\t\t<div data-elementor-type=\"wp-page\" data-elementor-id=\"4246\" class=\"elementor elementor-4246\" data-elementor-post-type=\"page\">\n\t\t\t\t<div class=\"elementor-element elementor-element-9ce90fa e-flex e-con-boxed e-con e-parent\" data-id=\"9ce90fa\" data-element_type=\"container\" data-settings=\"{&quot;background_background&quot;:&quot;classic&quot;}\">\n\t\t\t\t\t<div class=\"e-con-inner\">\n\t\t<div class=\"elementor-element elementor-element-c2d6ab2 e-con-full e-flex e-con e-child\" data-id=\"c2d6ab2\" data-element_type=\"container\">\n\t\t\t\t<div class=\"elementor-element elementor-element-dcb164a elementor-widget elementor-widget-text-editor\" data-id=\"dcb164a\" data-element_type=\"widget\" data-widget_type=\"text-editor.default\">\n\t\t\t\t<div class=\"elementor-widget-container\">\n\t\t\t<style>\/*! elementor - v3.21.0 - 30-04-2024 *\/\n.elementor-widget-text-editor.elementor-drop-cap-view-stacked .elementor-drop-cap{background-color:#69727d;color:#fff}.elementor-widget-text-editor.elementor-drop-cap-view-framed .elementor-drop-cap{color:#69727d;border:3px solid;background-color:transparent}.elementor-widget-text-editor:not(.elementor-drop-cap-view-default) .elementor-drop-cap{margin-top:8px}.elementor-widget-text-editor:not(.elementor-drop-cap-view-default) .elementor-drop-cap-letter{width:1em;height:1em}.elementor-widget-text-editor .elementor-drop-cap{float:left;text-align:center;line-height:1;font-size:50px}.elementor-widget-text-editor .elementor-drop-cap-letter{display:inline-block}<\/style>\t\t\t\t<h3 class=\"wp-block-heading has-text-align-center has-text-color\"><strong>Kulturhistorischer F\u00fchrer Osnabr\u00fccker Land 2026<\/strong><\/h3><p>Ein ereignisreiches Jahr 2025 liegt hinter uns \u2013 ein Jahr, in dem wir gemeinsam unser 30-j\u00e4hriges Verlagsjubil\u00e4um feiern durften und in dem zahlreiche kulturelle Veranstaltungen unsere Region bereichert haben. Umso mehr freuen wir uns, Ihnen nun p\u00fcnktlich zum neuen Jahr unsere 31. Ausgabe des bei B\u00fcrgern und Besuchern bekannten und beliebten Kulturhistorischen F\u00fchrers f\u00fcr Stadt und Landkreis Osnabr\u00fcck pr\u00e4sentieren zu k\u00f6nnen.<\/p><p>Auch 2026 erwartet Sie wieder eine F\u00fclle spannender Themen, Ereignisse und Entwicklungen, die wir Ihnen in dieser Ausgabe n\u00e4herbringen m\u00f6chten. Ein besonderes redaktionelles Highlight bildet in diesem Jahr das Ortsportrait der Gemeinde Bad Essen. Der charmante Sole-Kurort hat viele Gesichter, mal quirlig am Kirchplatz, mal still im SolePark, oder mit weitem Blick \u00fcber den Mittellandkanal hinaus. Hier treffen Tradition und Moderne, Natur und Kultur, Wasser und Wald, Genuss und Bewegung aufeinander. Wir freuen uns, Ihnen Bad Essen in all seinen Facetten umfassend vorzustellen.<\/p><p>Ebenfalls im Fokus steht die st\u00e4dtebauliche Entwicklung des Lok-Viertels in Osnabr\u00fcck. Das neue urban gepr\u00e4gte Quartier w\u00e4chst kontinuierlich und entwickelt sich zu einem modernen Lebens- und Arbeitsraum, der die Stadt nachhaltig pr\u00e4gen wird. Wir werfen einen Blick auf die aktuellen Fortschritte und die zuk\u00fcnftige Bedeutung dieses besonderen Projekts.<\/p><p>Das Thema \u201eRegional Einkaufen\u201c, ein Anliegen, das uns seit vielen Jahren am Herzen liegt, darf auch im Jahr 2026 nicht fehlen und r\u00fcckt mit dem \u201eTag des offenen Hofes 2026\u201c wieder in den Mittelpunkt. Zahlreiche Erzeuger aus der Region \u00f6ffnen an diesem Aktionstag ihre T\u00fcren und laden dazu ein, Landwirtschaft hautnah zu erleben.<\/p><p>Ein sportliches Jubil\u00e4um in 2026 rundet schlie\u00dflich die Themenauswahl ab: <br \/>20 Jahre Horses &amp; Dreams auf dem Hof Kasselmann. Das internationale Reitsportevent verbindet Weltklasse-Sport, Kultur und Gastgebertradition \u2013 <br \/>ein Anlass, den wir in dieser Ausgabe besonders w\u00fcrdigen m\u00f6chten.<\/p><p>Dar\u00fcber hinaus finden Sie selbstverst\u00e4ndlich wieder eine Vielzahl an kulturellen Highlights, Ausstellungen, Veranstaltungen und Ausflugs-empfehlungen aus Stadt und Landkreis Osnabr\u00fcck. Wir laden Sie herzlich ein, die Vielfalt unserer Region zu entdecken und sich inspirieren zu lassen.<\/p><p>Unser Dank gilt all jenen, die uns auch in diesem Jahr bei der Erstellung des Kulturhistorischen F\u00fchrers unterst\u00fctzt haben \u2013 unseren Partnern, Inserenten und Redaktionsmitwirkenden. Besonders danken wir unseren treuen Kunden f\u00fcr das langj\u00e4hrige Vertrauen, die Verbundenheit und die gute Zusammenarbeit.<\/p><p>Wir w\u00fcnschen Ihnen viel Freude beim Erkunden des Osnabr\u00fccker Landes mit der 31. Ausgabe unseres Kulturhistorischen F\u00fchrers!<\/p>\t\t\t\t\t\t<\/div>\n\t\t\t\t<\/div>\n\t\t\t\t<\/div>\n\t\t<div class=\"elementor-element elementor-element-b2c31d3 e-con-full e-flex e-con e-child\" data-id=\"b2c31d3\" data-element_type=\"container\">\n\t\t\t\t<div class=\"elementor-element elementor-element-e50f3c7 elementor-widget elementor-widget-image\" data-id=\"e50f3c7\" data-element_type=\"widget\" data-widget_type=\"image.default\">\n\t\t\t\t<div class=\"elementor-widget-container\">\n\t\t\t<style>\/*! elementor - v3.21.0 - 30-04-2024 *\/\n.elementor-widget-image{text-align:center}.elementor-widget-image a{display:inline-block}.elementor-widget-image a img[src$=\".svg\"]{width:48px}.elementor-widget-image img{vertical-align:middle;display:inline-block}<\/style>\t\t\t\t\t\t\t\t\t\t<img decoding=\"async\" src=\"https:\/\/osnaplan.de\/wp-content\/uploads\/2025\/12\/Cover_2026.jpg\" title=\"Adobe Photoshop PDF\" alt=\"Adobe Photoshop PDF\" loading=\"lazy\" \/>\t\t\t\t\t\t\t\t\t\t\t\t\t<\/div>\n\t\t\t\t<\/div>\n\t\t\t\t<\/div>\n\t\t\t\t\t<\/div>\n\t\t\t\t<\/div>\n\t\t\t\t<\/div>\n\t\t","protected":false},"excerpt":{"rendered":"<p>Kulturhistorischer F\u00fchrer Osnabr\u00fccker Land 2026 Ein ereignisreiches Jahr 2025 liegt hinter uns \u2013 ein Jahr, in dem wir gemeinsam unser 30-j\u00e4hriges Verlagsjubil\u00e4um feiern durften und in dem zahlreiche kulturelle Veranstaltungen [&hellip;]<\/p>\n","protected":false},"author":1,"featured_media":0,"parent":0,"menu_order":0,"comment_status":"closed","ping_status":"closed","template":"","meta":{"footnotes":""},"_links":{"self":[{"href":"https:\/\/osnaplan.de\/index.php?rest_route=\/wp\/v2\/pages\/4246"}],"collection":[{"href":"https:\/\/osnaplan.de\/index.php?rest_route=\/wp\/v2\/pages"}],"about":[{"href":"https:\/\/osnaplan.de\/index.php?rest_route=\/wp\/v2\/types\/page"}],"author":[{"embeddable":true,"href":"https:\/\/osnaplan.de\/index.php?rest_route=\/wp\/v2\/users\/1"}],"replies":[{"embeddable":true,"href":"https:\/\/osnaplan.de\/index.php?rest_route=%2Fwp%2Fv2%2Fcomments&post=4246"}],"version-history":[{"count":16,"href":"https:\/\/osnaplan.de\/index.php?rest_route=\/wp\/v2\/pages\/4246\/revisions"}],"predecessor-version":[{"id":4272,"href":"https:\/\/osnaplan.de\/index.php?rest_route=\/wp\/v2\/pages\/4246\/revisions\/4272"}],"wp:attachment":[{"href":"https:\/\/osnaplan.de\/index.php?rest_route=%2Fwp%2Fv2%2Fmedia&parent=4246"}],"curies":[{"name":"wp","href":"https:\/\/api.w.org\/{rel}","templated":true}]}}