{"id":57,"date":"2024-05-01T14:49:54","date_gmt":"2024-05-01T14:49:54","guid":{"rendered":"https:\/\/osnaplan.de\/?page_id=57"},"modified":"2025-12-10T15:06:14","modified_gmt":"2025-12-10T15:06:14","slug":"57-2","status":"publish","type":"page","link":"https:\/\/osnaplan.de\/","title":{"rendered":"Startseite"},"content":{"rendered":"\t\t<div data-elementor-type=\"wp-page\" data-elementor-id=\"57\" class=\"elementor elementor-57\" data-elementor-post-type=\"page\">\n\t\t\t\t<div class=\"elementor-element elementor-element-204501fd e-flex e-con-boxed e-con e-parent\" data-id=\"204501fd\" data-element_type=\"container\" data-settings=\"{&quot;background_background&quot;:&quot;classic&quot;}\">\n\t\t\t\t\t<div class=\"e-con-inner\">\n\t\t\t\t<div class=\"elementor-element elementor-element-373d642 elementor-widget elementor-widget-heading\" data-id=\"373d642\" data-element_type=\"widget\" data-widget_type=\"heading.default\">\n\t\t\t\t<div class=\"elementor-widget-container\">\n\t\t\t<style>\/*! elementor - v3.21.0 - 30-04-2024 *\/\n.elementor-heading-title{padding:0;margin:0;line-height:1}.elementor-widget-heading .elementor-heading-title[class*=elementor-size-]>a{color:inherit;font-size:inherit;line-height:inherit}.elementor-widget-heading .elementor-heading-title.elementor-size-small{font-size:15px}.elementor-widget-heading .elementor-heading-title.elementor-size-medium{font-size:19px}.elementor-widget-heading .elementor-heading-title.elementor-size-large{font-size:29px}.elementor-widget-heading .elementor-heading-title.elementor-size-xl{font-size:39px}.elementor-widget-heading .elementor-heading-title.elementor-size-xxl{font-size:59px}<\/style><h1 class=\"elementor-heading-title elementor-size-default\">Zuverl\u00e4ssig \u2013 Seri\u00f6s \u2013 Kompetent<\/h1>\t\t<\/div>\n\t\t\t\t<\/div>\n\t\t\t\t<div class=\"elementor-element elementor-element-575174fd elementor-widget elementor-widget-text-editor\" data-id=\"575174fd\" data-element_type=\"widget\" data-widget_type=\"text-editor.default\">\n\t\t\t\t<div class=\"elementor-widget-container\">\n\t\t\t<style>\/*! elementor - v3.21.0 - 30-04-2024 *\/\n.elementor-widget-text-editor.elementor-drop-cap-view-stacked .elementor-drop-cap{background-color:#69727d;color:#fff}.elementor-widget-text-editor.elementor-drop-cap-view-framed .elementor-drop-cap{color:#69727d;border:3px solid;background-color:transparent}.elementor-widget-text-editor:not(.elementor-drop-cap-view-default) .elementor-drop-cap{margin-top:8px}.elementor-widget-text-editor:not(.elementor-drop-cap-view-default) .elementor-drop-cap-letter{width:1em;height:1em}.elementor-widget-text-editor .elementor-drop-cap{float:left;text-align:center;line-height:1;font-size:50px}.elementor-widget-text-editor .elementor-drop-cap-letter{display:inline-block}<\/style>\t\t\t\t<p><strong style=\"font-family: -apple-system, BlinkMacSystemFont, 'Segoe UI', Roboto, Oxygen-Sans, Ubuntu, Cantarell, 'Helvetica Neue', sans-serif; font-size: 22px;\">Seit \u00fcber 30 Jahren sind wir Ihr zuverl\u00e4ssiger Ansprechpartner f\u00fcr<br \/>zielgerichtete Werbung im Osnabr\u00fccker Land.<\/strong><\/p><p><strong style=\"font-family: -apple-system, BlinkMacSystemFont, 'Segoe UI', Roboto, Oxygen-Sans, Ubuntu, Cantarell, 'Helvetica Neue', sans-serif; font-size: 22px;\">Ihre Visionen, unser Engagement \u2013 eine Partnerschaft, die z\u00e4hlt!<\/strong><strong style=\"font-family: -apple-system, BlinkMacSystemFont, 'Segoe UI', Roboto, Oxygen-Sans, Ubuntu, Cantarell, 'Helvetica Neue', sans-serif; font-size: 22px;\"><br \/><\/strong><\/p>\t\t\t\t\t\t<\/div>\n\t\t\t\t<\/div>\n\t\t\t\t<div class=\"elementor-element elementor-element-17260028 elementor-align-center elementor-widget elementor-widget-button\" data-id=\"17260028\" data-element_type=\"widget\" data-widget_type=\"button.default\">\n\t\t\t\t<div class=\"elementor-widget-container\">\n\t\t\t\t\t<div class=\"elementor-button-wrapper\">\n\t\t\t<a class=\"elementor-button elementor-button-link elementor-size-lg elementor-animation-grow\" href=\"https:\/\/osnaplan.de\/?page_id=262\">\n\t\t\t\t\t\t<span class=\"elementor-button-content-wrapper\">\n\t\t\t\t\t\t\t\t\t<span class=\"elementor-button-text\">Weitere Informationen<\/span>\n\t\t\t\t\t<\/span>\n\t\t\t\t\t<\/a>\n\t\t<\/div>\n\t\t\t\t<\/div>\n\t\t\t\t<\/div>\n\t\t\t\t\t<\/div>\n\t\t\t\t<\/div>\n\t\t<div class=\"elementor-element elementor-element-38d47963 e-flex e-con-boxed e-con e-parent\" data-id=\"38d47963\" data-element_type=\"container\" data-settings=\"{&quot;background_background&quot;:&quot;classic&quot;}\">\n\t\t\t\t\t<div class=\"e-con-inner\">\n\t\t<div class=\"elementor-element elementor-element-47406db2 e-flex e-con-boxed e-con e-child\" data-id=\"47406db2\" data-element_type=\"container\">\n\t\t\t\t\t<div class=\"e-con-inner\">\n\t\t\t\t<div class=\"elementor-element elementor-element-6f81b287 elementor-widget elementor-widget-text-editor\" data-id=\"6f81b287\" data-element_type=\"widget\" data-widget_type=\"text-editor.default\">\n\t\t\t\t<div class=\"elementor-widget-container\">\n\t\t\t\t\t\t\t<p class=\"has-text-align-center\">Unser engagiertes Team im OsnaPlan-Verlag steht Ihnen jederzeit zur Verf\u00fcgung. Wir legen gro\u00dfen Wert auf Kundenzufriedenheit und unsere Produkte zeichnen sich durch h\u00f6chste Qualit\u00e4t aus. Durch unsere lokale Pr\u00e4senz sind wir flexibel und in der Lage, rasch auf die individuellen Bed\u00fcrfnisse und Anforderungen unserer Kunden einzugehen.<\/p><p class=\"has-text-align-center\">Sie m\u00f6chten Ihr Unternehmen in unserem seit \u00fcber 30 Jahren etablierten <br \/>Veranstaltungskalender im Osnabr\u00fccker Land pr\u00e4sentieren?<\/p><p>Kontaktieren Sie uns gerne und fragen nach freien Werbepl\u00e4tzen.<br \/>Wir freuen uns auf eine erfolgreiche Zusammenarbeit!<\/p>\t\t\t\t\t\t<\/div>\n\t\t\t\t<\/div>\n\t\t\t\t<div class=\"elementor-element elementor-element-142385b elementor-align-center elementor-widget elementor-widget-button\" data-id=\"142385b\" data-element_type=\"widget\" data-widget_type=\"button.default\">\n\t\t\t\t<div class=\"elementor-widget-container\">\n\t\t\t\t\t<div class=\"elementor-button-wrapper\">\n\t\t\t<a class=\"elementor-button elementor-button-link elementor-size-lg elementor-animation-grow\" href=\"https:\/\/osnaplan.de\/?page_id=342\">\n\t\t\t\t\t\t<span class=\"elementor-button-content-wrapper\">\n\t\t\t\t\t\t\t\t\t<span class=\"elementor-button-text\">Kontakt<\/span>\n\t\t\t\t\t<\/span>\n\t\t\t\t\t<\/a>\n\t\t<\/div>\n\t\t\t\t<\/div>\n\t\t\t\t<\/div>\n\t\t\t\t\t<\/div>\n\t\t\t\t<\/div>\n\t\t\t\t\t<\/div>\n\t\t\t\t<\/div>\n\t\t<div class=\"elementor-element elementor-element-19a29e94 e-flex e-con-boxed e-con e-parent\" data-id=\"19a29e94\" data-element_type=\"container\" data-settings=\"{&quot;background_background&quot;:&quot;classic&quot;}\">\n\t\t\t\t\t<div class=\"e-con-inner\">\n\t\t\t\t<div class=\"elementor-element elementor-element-43e0ea82 elementor-widget elementor-widget-heading\" data-id=\"43e0ea82\" data-element_type=\"widget\" data-widget_type=\"heading.default\">\n\t\t\t\t<div class=\"elementor-widget-container\">\n\t\t\t<h1 class=\"elementor-heading-title elementor-size-default\">Veranstaltungskalender<\/h1>\t\t<\/div>\n\t\t\t\t<\/div>\n\t\t\t\t<div class=\"elementor-element elementor-element-31c8dd33 elementor-widget elementor-widget-text-editor\" data-id=\"31c8dd33\" data-element_type=\"widget\" data-widget_type=\"text-editor.default\">\n\t\t\t\t<div class=\"elementor-widget-container\">\n\t\t\t\t\t\t\t<p>Unser zentrales Produkt ist der Kulturhistorische F\u00fchrer Osnabr\u00fccker Land, welcher als Periodika einmal j\u00e4hrlich in enger Zusammenarbeit mit Stadt und Landkreis Osnabr\u00fcck herausgegeben wird. Durch die regelm\u00e4\u00dfige Erscheinung zum Jahresende hat sich diese Reihe im Laufe der Jahre bei den B\u00fcrgern und Besuchern in der Region Osnabr\u00fcck als beliebter und oft genutzter Terminkalender etabliert. Jede Ausgabe unseres Veranstaltungskalenders beinhaltet ein aktuelles Schwerpunktthema des laufenden Jahres, wie z. B. das Jubil\u00e4um 375 Jahre Westf\u00e4lischer Friede im Jahr 2023, oder auch Stadtportraits der Kommunen im Landkreis Osnabr\u00fcck.<\/p>\t\t\t\t\t\t<\/div>\n\t\t\t\t<\/div>\n\t\t\t\t<div class=\"elementor-element elementor-element-469b91aa elementor-align-center elementor-widget elementor-widget-button\" data-id=\"469b91aa\" data-element_type=\"widget\" data-widget_type=\"button.default\">\n\t\t\t\t<div class=\"elementor-widget-container\">\n\t\t\t\t\t<div class=\"elementor-button-wrapper\">\n\t\t\t<a class=\"elementor-button elementor-button-link elementor-size-lg elementor-animation-grow\" href=\"https:\/\/osnaplan.de\/?page_id=267\">\n\t\t\t\t\t\t<span class=\"elementor-button-content-wrapper\">\n\t\t\t\t\t\t\t\t\t<span class=\"elementor-button-text\">Mehr Info <\/span>\n\t\t\t\t\t<\/span>\n\t\t\t\t\t<\/a>\n\t\t<\/div>\n\t\t\t\t<\/div>\n\t\t\t\t<\/div>\n\t\t\t\t\t<\/div>\n\t\t\t\t<\/div>\n\t\t<div class=\"elementor-element elementor-element-2defeb3f e-flex e-con-boxed e-con e-parent\" data-id=\"2defeb3f\" data-element_type=\"container\" data-settings=\"{&quot;background_background&quot;:&quot;classic&quot;}\">\n\t\t\t\t\t<div class=\"e-con-inner\">\n\t\t<div class=\"elementor-element elementor-element-193bf203 e-con-full e-flex e-con e-child\" data-id=\"193bf203\" data-element_type=\"container\">\n\t\t\t\t<div class=\"elementor-element elementor-element-279abef2 elementor-invisible elementor-widget elementor-widget-heading\" data-id=\"279abef2\" data-element_type=\"widget\" data-settings=\"{&quot;_animation&quot;:&quot;fadeIn&quot;}\" data-widget_type=\"heading.default\">\n\t\t\t\t<div class=\"elementor-widget-container\">\n\t\t\t<h2 class=\"elementor-heading-title elementor-size-default\"><strong>Aktuelle Neuerscheinung <br> 31. Ausgabe - Jahrgang 2026<\/strong><\/h2>\t\t<\/div>\n\t\t\t\t<\/div>\n\t\t\t\t<div class=\"elementor-element elementor-element-3180160d elementor-widget elementor-widget-text-editor\" data-id=\"3180160d\" data-element_type=\"widget\" data-widget_type=\"text-editor.default\">\n\t\t\t\t<div class=\"elementor-widget-container\">\n\t\t\t\t\t\t\t<p>Mit Freude und Stolz pr\u00e4sentieren wir Ihnen zum 31. Mal unseren Kulturhistorischen F\u00fchrer f\u00fcr Stadt und Landkreis Osnabr\u00fcck. Seit mehr als drei Jahrzehnten begleiten wir B\u00fcrger und Besucher der Region durch das kulturelle und gesellschaftliche Leben, und auch das Jahr 2026 h\u00e4lt wieder zahlreiche H\u00f6hepunkte und Veranstaltungen f\u00fcr Sie bereit.<\/p><p style=\"text-align: justify;\">Besonders freut uns die Fortsetzung unserer Rubrik \u201eOrts- bzw. Stadtportrait\u201c, in der wir die kulturelle Vielfalt und die besonderen Merkmale ausgew\u00e4hlter St\u00e4dte und Gemeinden im Osnabr\u00fccker Land vorstellen. In unserer aktuellen Ausgabe widmen wir uns hierbei der Gemeinde Bad Essen. Der charmante Sole-Kurort hat viele Gesichter, mal quirlig am Kirchplatz, mal still im SolePark, oder mit weitem Blick \u00fcber den Mittellandkanal hinaus. Hier treffen Tradition und Moderne, Natur und Kultur, Wasser und Wald, Genuss und Bewegung aufeinander. Wir freuen uns, Ihnen Bad Essen in all seinen Facetten umfassend vorzustellen.<\/p><p style=\"text-align: justify;\">Ebenfalls im Fokus steht die st\u00e4dtebauliche Entwicklung des Lok-Viertels in Osnabr\u00fcck. Das neue urban gepr\u00e4gte Quartier w\u00e4chst kontinuierlich und entwickelt sich zu einem modernen Lebens- und Arbeitsraum, der die Stadt nachhaltig pr\u00e4gen wird. Wir werfen einen Blick auf die aktuellen Fortschritte und die zuk\u00fcnftige Bedeutung dieses besonderen Projekts.<\/p><p style=\"text-align: justify;\">Das Thema \u201eRegional Einkaufen\u201c, ein Anliegen, das uns seit vielen Jahren am Herzen liegt, darf auch im Jahr 2026 nicht fehlen und r\u00fcckt mit dem \u201eTag des offenen Hofes 2026\u201c wieder in den Mittelpunkt. Zahlreiche Erzeuger aus der Region \u00f6ffnen an diesem Aktionstag ihre T\u00fcren und laden dazu ein, Landwirtschaft hautnah zu erleben.<\/p><p style=\"text-align: justify;\">Ein sportliches Jubil\u00e4um in 2026 rundet die Themenauswahl ab: 20 Jahre Horses &amp; Dreams auf dem Hof Kasselmann. Das internationale Reitsportevent verbindet Weltklasse-Sport, Kultur und Gastgebertradition \u2013 ein Anlass, den wir in dieser Ausgabe besonders w\u00fcrdigen m\u00f6chten.<\/p><p>Der Kulturhistorische F\u00fchrer 2026 als Veranstaltungskalender f\u00fcr das gesamte Osnabr\u00fccker Land ist kostenlos erh\u00e4ltlich bei der Stadt Osnabr\u00fcck, der B\u00fcrgerberatung, im Rathaus Osnabr\u00fcck, dem Verkehrsverein, der Tourist-Info, in den Filialen der Sparkasse Osnabr\u00fcck, dem Landkreis Osnabr\u00fcck, den Kommunen im Osnabr\u00fccker Land, dem Haus der Landwirtschaft am Sch\u00f6lerberg, den St\u00e4dtischen B\u00fchnen Osnabr\u00fcck, den Osnabr\u00fccker Museen und im Museum und Park Kalkriese.<\/p>\t\t\t\t\t\t<\/div>\n\t\t\t\t<\/div>\n\t\t\t\t<div class=\"elementor-element elementor-element-89a1683 elementor-invisible elementor-widget elementor-widget-heading\" data-id=\"89a1683\" data-element_type=\"widget\" data-settings=\"{&quot;_animation&quot;:&quot;fadeIn&quot;}\" data-widget_type=\"heading.default\">\n\t\t\t\t<div class=\"elementor-widget-container\">\n\t\t\t<h2 class=\"elementor-heading-title elementor-size-default\">Eine umfangreiche \u00dcbersicht aller aktuellen Termine &amp; Veranstaltungen des Jahres 2026 im Osnabr\u00fccker Land\nfinden Sie hier in unserem<\/h2>\t\t<\/div>\n\t\t\t\t<\/div>\n\t\t\t\t<div class=\"elementor-element elementor-element-3e70c01 elementor-mobile-align-center elementor-widget elementor-widget-button\" data-id=\"3e70c01\" data-element_type=\"widget\" data-widget_type=\"button.default\">\n\t\t\t\t<div class=\"elementor-widget-container\">\n\t\t\t\t\t<div class=\"elementor-button-wrapper\">\n\t\t\t<a class=\"elementor-button elementor-button-link elementor-size-sm\" href=\"https:\/\/osnaplan.de\/?post_type=tribe_events\">\n\t\t\t\t\t\t<span class=\"elementor-button-content-wrapper\">\n\t\t\t\t\t\t\t\t\t<span class=\"elementor-button-text\">Online Veranstaltungskalender<\/span>\n\t\t\t\t\t<\/span>\n\t\t\t\t\t<\/a>\n\t\t<\/div>\n\t\t\t\t<\/div>\n\t\t\t\t<\/div>\n\t\t\t\t<\/div>\n\t\t<div class=\"elementor-element elementor-element-6677e405 e-con-full e-flex e-con e-child\" data-id=\"6677e405\" data-element_type=\"container\">\n\t\t\t\t<div class=\"elementor-element elementor-element-185725d1 elementor-widget elementor-widget-image\" data-id=\"185725d1\" data-element_type=\"widget\" data-widget_type=\"image.default\">\n\t\t\t\t<div class=\"elementor-widget-container\">\n\t\t\t<style>\/*! elementor - v3.21.0 - 30-04-2024 *\/\n.elementor-widget-image{text-align:center}.elementor-widget-image a{display:inline-block}.elementor-widget-image a img[src$=\".svg\"]{width:48px}.elementor-widget-image img{vertical-align:middle;display:inline-block}<\/style>\t\t\t\t\t\t\t\t\t\t<img decoding=\"async\" src=\"https:\/\/osnaplan.de\/wp-content\/uploads\/2025\/12\/Cover_2026.jpg\" title=\"Adobe Photoshop PDF\" alt=\"Adobe Photoshop PDF\" loading=\"lazy\" \/>\t\t\t\t\t\t\t\t\t\t\t\t\t<\/div>\n\t\t\t\t<\/div>\n\t\t\t\t<\/div>\n\t\t\t\t\t<\/div>\n\t\t\t\t<\/div>\n\t\t<div class=\"elementor-element elementor-element-bea415c e-flex e-con-boxed e-con e-parent\" data-id=\"bea415c\" data-element_type=\"container\" data-settings=\"{&quot;background_background&quot;:&quot;classic&quot;}\">\n\t\t\t\t\t<div class=\"e-con-inner\">\n\t\t\t\t<div class=\"elementor-element elementor-element-c140882 elementor-widget elementor-widget-heading\" data-id=\"c140882\" data-element_type=\"widget\" data-widget_type=\"heading.default\">\n\t\t\t\t<div class=\"elementor-widget-container\">\n\t\t\t<h1 class=\"elementor-heading-title elementor-size-default\"><strong>Unternehmenskommunikation<\/strong><\/h1>\t\t<\/div>\n\t\t\t\t<\/div>\n\t\t\t\t<div class=\"elementor-element elementor-element-a65997b elementor-widget__width-initial elementor-widget elementor-widget-text-editor\" data-id=\"a65997b\" data-element_type=\"widget\" data-widget_type=\"text-editor.default\">\n\t\t\t\t<div class=\"elementor-widget-container\">\n\t\t\t\t\t\t\t<p>Neben Stadtpl\u00e4nen in neutraler Form, die unter anderem ein wichtiger Bestandteil unserer<br \/>Zielgruppenpublikationen sind, erstellen wir selbstverst\u00e4ndlich auch die klassische Variante:<br \/>Den Stadtplan mit Anzeigenwerbung im Au\u00dfenbereich!<br \/>Bei der Erstellung solcher Stadt-, Orts- oder Gemeindepl\u00e4ne legen wir besonderen Wert auf die enge<br \/>Zusammenarbeit mit der jeweiligen Stadt oder Gemeinde, wodurch wir unseren Inserenten bei Neuerscheinungen<br \/>eine hohe Aktualit\u00e4t der Kartographie sowie einen gut organisierten Vertrieb gew\u00e4hrleisten k\u00f6nnen.<\/p>\t\t\t\t\t\t<\/div>\n\t\t\t\t<\/div>\n\t\t\t\t<div class=\"elementor-element elementor-element-6fe9841 elementor-align-center elementor-widget elementor-widget-button\" data-id=\"6fe9841\" data-element_type=\"widget\" data-widget_type=\"button.default\">\n\t\t\t\t<div class=\"elementor-widget-container\">\n\t\t\t\t\t<div class=\"elementor-button-wrapper\">\n\t\t\t<a class=\"elementor-button elementor-button-link elementor-size-lg elementor-animation-grow\" href=\"https:\/\/osnaplan.de\/?page_id=196\">\n\t\t\t\t\t\t<span class=\"elementor-button-content-wrapper\">\n\t\t\t\t\t\t\t\t\t<span class=\"elementor-button-text\">Mehr Info <\/span>\n\t\t\t\t\t<\/span>\n\t\t\t\t\t<\/a>\n\t\t<\/div>\n\t\t\t\t<\/div>\n\t\t\t\t<\/div>\n\t\t\t\t\t<\/div>\n\t\t\t\t<\/div>\n\t\t<div class=\"elementor-element elementor-element-71bdbec0 e-con-full e-flex e-con e-parent\" data-id=\"71bdbec0\" data-element_type=\"container\" data-settings=\"{&quot;background_background&quot;:&quot;classic&quot;}\">\n\t\t\t\t<div class=\"elementor-element elementor-element-4754ecb elementor-widget elementor-widget-heading\" data-id=\"4754ecb\" data-element_type=\"widget\" data-widget_type=\"heading.default\">\n\t\t\t\t<div class=\"elementor-widget-container\">\n\t\t\t<h2 class=\"elementor-heading-title elementor-size-default\">Willkommen in unserer B\u00fccherecke, wo Literatur lebendig wird!<\/h2>\t\t<\/div>\n\t\t\t\t<\/div>\n\t\t\t\t<div class=\"elementor-element elementor-element-3af7016 elementor-widget elementor-widget-text-editor\" data-id=\"3af7016\" data-element_type=\"widget\" data-widget_type=\"text-editor.default\">\n\t\t\t\t<div class=\"elementor-widget-container\">\n\t\t\t\t\t\t\t<p>In unserem Buch &amp; Autorenbereich pr\u00e4sentieren wir stolz die neuesten Werke unserer Autoren, die wir betreuen. <br \/>Tauchen Sie ein in eine Welt voller Geschichten, Charaktere und Emotionen, die nur darauf warten, von Ihnen<br \/>entdeckt zu werden. Durchst\u00f6bern Sie unsere sorgf\u00e4ltig kuratierte Auswahl und lassen Sie sich von den vielf\u00e4ltigen<br \/>Genres und Erz\u00e4hlungen inspirieren.<br \/>Jedes Buch erz\u00e4hlt seine eigene Geschichte, und wir laden Sie herzlich ein, Teil dieser Geschichten zu werden.<br \/>Viel Vergn\u00fcgen beim St\u00f6bern!<\/p>\t\t\t\t\t\t<\/div>\n\t\t\t\t<\/div>\n\t\t\t\t<div class=\"elementor-element elementor-element-5c4bba8 elementor-align-center elementor-widget elementor-widget-button\" data-id=\"5c4bba8\" data-element_type=\"widget\" data-widget_type=\"button.default\">\n\t\t\t\t<div class=\"elementor-widget-container\">\n\t\t\t\t\t<div class=\"elementor-button-wrapper\">\n\t\t\t<a class=\"elementor-button elementor-button-link elementor-size-lg elementor-animation-grow\" href=\"https:\/\/osnaplan.de\/?page_id=208\">\n\t\t\t\t\t\t<span class=\"elementor-button-content-wrapper\">\n\t\t\t\t\t\t\t\t\t<span class=\"elementor-button-text\">Mehr Info <\/span>\n\t\t\t\t\t<\/span>\n\t\t\t\t\t<\/a>\n\t\t<\/div>\n\t\t\t\t<\/div>\n\t\t\t\t<\/div>\n\t\t<div class=\"elementor-element elementor-element-eecadcc e-grid e-con-boxed e-con e-child\" data-id=\"eecadcc\" data-element_type=\"container\">\n\t\t\t\t\t<div class=\"e-con-inner\">\n\t\t\t\t<div class=\"elementor-element elementor-element-dd7e3a7 elementor-widget elementor-widget-image\" data-id=\"dd7e3a7\" data-element_type=\"widget\" data-widget_type=\"image.default\">\n\t\t\t\t<div class=\"elementor-widget-container\">\n\t\t\t\t\t\t\t\t\t\t\t\t\t<img fetchpriority=\"high\" decoding=\"async\" width=\"652\" height=\"1024\" src=\"https:\/\/osnaplan.de\/wp-content\/uploads\/2024\/05\/Screenshot_128-652x1024.png\" class=\"attachment-large size-large wp-image-253\" alt=\"\" srcset=\"https:\/\/osnaplan.de\/wp-content\/uploads\/2024\/05\/Screenshot_128-652x1024.png 652w, https:\/\/osnaplan.de\/wp-content\/uploads\/2024\/05\/Screenshot_128-191x300.png 191w, https:\/\/osnaplan.de\/wp-content\/uploads\/2024\/05\/Screenshot_128.png 653w\" sizes=\"(max-width: 652px) 100vw, 652px\" \/>\t\t\t\t\t\t\t\t\t\t\t\t\t<\/div>\n\t\t\t\t<\/div>\n\t\t\t\t<div class=\"elementor-element elementor-element-1c840f9 elementor-widget elementor-widget-image\" data-id=\"1c840f9\" data-element_type=\"widget\" data-widget_type=\"image.default\">\n\t\t\t\t<div class=\"elementor-widget-container\">\n\t\t\t\t\t\t\t\t\t\t\t\t\t<img decoding=\"async\" width=\"652\" height=\"1024\" src=\"https:\/\/osnaplan.de\/wp-content\/uploads\/2024\/05\/Screenshot_130-652x1024.png\" class=\"attachment-large size-large wp-image-256\" alt=\"\" srcset=\"https:\/\/osnaplan.de\/wp-content\/uploads\/2024\/05\/Screenshot_130-652x1024.png 652w, https:\/\/osnaplan.de\/wp-content\/uploads\/2024\/05\/Screenshot_130-191x300.png 191w, https:\/\/osnaplan.de\/wp-content\/uploads\/2024\/05\/Screenshot_130.png 653w\" sizes=\"(max-width: 652px) 100vw, 652px\" \/>\t\t\t\t\t\t\t\t\t\t\t\t\t<\/div>\n\t\t\t\t<\/div>\n\t\t\t\t<div class=\"elementor-element elementor-element-39952f1 elementor-widget elementor-widget-image\" data-id=\"39952f1\" data-element_type=\"widget\" data-widget_type=\"image.default\">\n\t\t\t\t<div class=\"elementor-widget-container\">\n\t\t\t\t\t\t\t\t\t\t\t\t\t<img decoding=\"async\" width=\"651\" height=\"1024\" src=\"https:\/\/osnaplan.de\/wp-content\/uploads\/2024\/05\/Screenshot_129-651x1024.png\" class=\"attachment-large size-large wp-image-254\" alt=\"\" srcset=\"https:\/\/osnaplan.de\/wp-content\/uploads\/2024\/05\/Screenshot_129-651x1024.png 651w, https:\/\/osnaplan.de\/wp-content\/uploads\/2024\/05\/Screenshot_129-191x300.png 191w, https:\/\/osnaplan.de\/wp-content\/uploads\/2024\/05\/Screenshot_129.png 653w\" sizes=\"(max-width: 651px) 100vw, 651px\" \/>\t\t\t\t\t\t\t\t\t\t\t\t\t<\/div>\n\t\t\t\t<\/div>\n\t\t\t\t\t<\/div>\n\t\t\t\t<\/div>\n\t\t\t\t<\/div>\n\t\t\t\t<\/div>\n\t\t","protected":false},"excerpt":{"rendered":"<p>Zuverl\u00e4ssig \u2013 Seri\u00f6s \u2013 Kompetent Seit \u00fcber 30 Jahren sind wir Ihr zuverl\u00e4ssiger Ansprechpartner f\u00fcrzielgerichtete Werbung im Osnabr\u00fccker Land. Ihre Visionen, unser Engagement \u2013 eine Partnerschaft, die z\u00e4hlt! Weitere Informationen [&hellip;]<\/p>\n","protected":false},"author":1,"featured_media":0,"parent":0,"menu_order":0,"comment_status":"closed","ping_status":"closed","template":"","meta":{"footnotes":""},"_links":{"self":[{"href":"https:\/\/osnaplan.de\/index.php?rest_route=\/wp\/v2\/pages\/57"}],"collection":[{"href":"https:\/\/osnaplan.de\/index.php?rest_route=\/wp\/v2\/pages"}],"about":[{"href":"https:\/\/osnaplan.de\/index.php?rest_route=\/wp\/v2\/types\/page"}],"author":[{"embeddable":true,"href":"https:\/\/osnaplan.de\/index.php?rest_route=\/wp\/v2\/users\/1"}],"replies":[{"embeddable":true,"href":"https:\/\/osnaplan.de\/index.php?rest_route=%2Fwp%2Fv2%2Fcomments&post=57"}],"version-history":[{"count":231,"href":"https:\/\/osnaplan.de\/index.php?rest_route=\/wp\/v2\/pages\/57\/revisions"}],"predecessor-version":[{"id":4275,"href":"https:\/\/osnaplan.de\/index.php?rest_route=\/wp\/v2\/pages\/57\/revisions\/4275"}],"wp:attachment":[{"href":"https:\/\/osnaplan.de\/index.php?rest_route=%2Fwp%2Fv2%2Fmedia&parent=57"}],"curies":[{"name":"wp","href":"https:\/\/api.w.org\/{rel}","templated":true}]}}